{"id":1221,"date":"2025-03-09T04:00:17","date_gmt":"2025-03-09T04:00:17","guid":{"rendered":"https:\/\/goodfundtextile.com\/?page_id=1221"},"modified":"2025-05-16T23:15:05","modified_gmt":"2025-05-17T03:15:05","slug":"sekundarseite-intelligente-fertigung","status":"publish","type":"page","link":"https:\/\/goodfundtextile.com\/de\/goodfund\/sekundarseite-intelligente-fertigung\/","title":{"rendered":"Secondary Page &#8211; Smart Manufacturing  -Quality Control and Service"},"content":{"rendered":"<div data-elementor-type=\"wp-post\" data-elementor-id=\"1221\" class=\"elementor elementor-1221\" data-elementor-post-type=\"page\">\n\t\t\t\t<div class=\"elementor-element elementor-element-YxTS7uMf e-con-full   e-flex e-con e-parent\" data-id=\"YxTS7uMf\" data-element_type=\"container\" data-e-type=\"container\" data-settings=\"{&quot;background_background&quot;:&quot;classic&quot;}\">\n\t\t<div class=\"elementor-element elementor-element-B4yp7ihW   e-flex e-con-boxed e-con e-child\" data-id=\"B4yp7ihW\" data-element_type=\"container\" data-e-type=\"container\" data-settings=\"{&quot;background_background&quot;:&quot;classic&quot;}\">\n\t\t\t\t\t<div class=\"e-con-inner\">\n\t\t\t\t\t<\/div>\n\t\t\t\t<\/div>\n\t\t\t\t<\/div>\n\t\t<div class=\"elementor-element elementor-element-6672b31 e-flex e-con-boxed e-con e-parent\" data-id=\"6672b31\" data-element_type=\"container\" data-e-type=\"container\" data-settings=\"{&quot;background_background&quot;:&quot;classic&quot;}\">\n\t\t\t\t\t<div class=\"e-con-inner\">\n\t\t\t\t<div class=\"elementor-element elementor-element-dNvCv5FT elementor-widget__width-inherit elementor-widget-mobile__width-inherit   elementor-widget elementor-widget-heading\" data-id=\"dNvCv5FT\" data-element_type=\"widget\" data-e-type=\"widget\" data-widget_type=\"heading.default\">\n\t\t\t\t<div class=\"elementor-widget-container\">\n\t\t\t\t\t<div class=\"elementor-heading-title elementor-size-default\"><font>Qualit\u00e4tskontrolle und Dienstleistungen - <br>        Stabiles und konsistentes Qualit\u00e4tskontrollsystem und professionelle Dienstleistungen<\/font><\/div>\t\t\t\t<\/div>\n\t\t\t\t<\/div>\n\t\t\t\t\t<\/div>\n\t\t\t\t<\/div>\n\t\t<div class=\"elementor-element elementor-element-4b19778 e-flex e-con-boxed e-con e-parent\" data-id=\"4b19778\" data-element_type=\"container\" data-e-type=\"container\" data-settings=\"{&quot;background_background&quot;:&quot;classic&quot;}\">\n\t\t\t\t\t<div class=\"e-con-inner\">\n\t\t\t\t<div class=\"elementor-element elementor-element-55ccd05 elementor-widget elementor-widget-text-editor\" data-id=\"55ccd05\" data-element_type=\"widget\" data-e-type=\"widget\" data-widget_type=\"text-editor.default\">\n\t\t\t\t<div class=\"elementor-widget-container\">\n\t\t\t\t\t\t\t\t\t<p class=\"\" data-start=\"738\" data-end=\"848\">Unter dem Trend der zunehmenden Veredelung und Individualisierung in der Textilindustrie hat die<strong data-start=\"757\" data-end=\"778\">Jiffy F\u00e4rberei und Weberei<\/strong>Halten Sie sich stets an die Managementphilosophie \"Lebensqualit\u00e4t und Service als Grundlage\", um ein perfektes und effizientes System aufzubauen.<strong data-start=\"813\" data-end=\"828\">Qualit\u00e4tskontrolle und Kundendienstsystem<\/strong>So stellen wir sicher, dass jeder Meter Stoff den hohen Anspr\u00fcchen unserer Kunden gerecht wird.<\/p><p class=\"\" data-start=\"850\" data-end=\"1014\">Wir wissen, dass hervorragende Produkte von professionellen Talenten und wissenschaftlichem Management kommen. Daher hat das Unternehmen erfahrene Techniker und Qualit\u00e4tsingenieure eingestellt und ein Team mit<strong data-start=\"906\" data-end=\"919\">Mehr als 20 Jahre Branchenerfahrung<\/strong>Unser Kernteam ist f\u00fcr wichtige Aspekte wie die Annahme von Rohstoffen, die Prozessentwicklung, die Online-Qualit\u00e4tskontrolle, experimentelle Tests und den Kundendienst verantwortlich. Unser QC-Team h\u00e4lt sich streng an das ISO-Qualit\u00e4tsmanagementsystem und verwendet<strong data-start=\"984\" data-end=\"997\">System zur R\u00fcckverfolgung der gesamten Prozessqualit\u00e4t<\/strong>Das Unternehmen kontrolliert die Qualit\u00e4t von der Quelle an und sorgt f\u00fcr Stabilit\u00e4t bis ins Detail.<\/p><p class=\"\" data-start=\"1016\" data-end=\"1128\">Was die Qualit\u00e4tskontrolle betrifft, so haben wir einen mehrkanaligen Qualit\u00e4tspr\u00fcfungsprozess eingerichtet, der von der Grautuchpr\u00fcfung, der Online-Pr\u00fcfung, den Labortests bis hin zur erneuten Pr\u00fcfung vor dem Versand reicht. Dieser Prozess deckt Farbechtheit, Schrumpfung, Fl\u00e4chengewicht, Bruchfestigkeit, Farbkonsistenz und andere Indizes umfassend ab und hat einen doppelten Verifizierungsmechanismus zwischen internen und externen Tests eingerichtet, um sicherzustellen, dass die Daten wahrheitsgetreu und zuverl\u00e4ssig sind und die Produktqualit\u00e4t ausgezeichnet und stabil ist.<\/p><p class=\"\" data-start=\"1130\" data-end=\"1242\">Dar\u00fcber hinaus ist das Laborzentrum des Unternehmens ausgestattet mit<strong data-start=\"1141\" data-end=\"1153\">Internationale Standard-Testger\u00e4te<\/strong>Wir sind in der Lage, schnell auf die Bed\u00fcrfnisse unserer Kunden in Bezug auf verschiedene technische Parameter zu reagieren und bieten Datenunterst\u00fctzung f\u00fcr die Entwicklung neuer Produkte, wie z.B. Datacolor Spektralphotometer, Launder Ometer Farbechtheitstester, Abriebtester, Schrumpfungstestsystem, usw.<\/p><p class=\"\" data-start=\"1244\" data-end=\"1359\">Was den Service betrifft, so haben wir ein exklusives Kundenprofil und einen pers\u00f6nlichen technischen Support eingerichtet, der einen geschlossenen Kreislauf von der Vorbemusterung, der Vorproduktionsbest\u00e4tigung, der Verfolgung des Produktionsprozesses bis zum Feedback nach dem Versand bildet. Unabh\u00e4ngig vom Land des Kunden und dem Stadium der Produktion k\u00f6nnen wir folgende Dienstleistungen anbieten<strong data-start=\"1331\" data-end=\"1343\">Professionell, p\u00fcnktlich und geduldig<\/strong>Die Service-Reaktion gew\u00e4hrleistet eine reibungslose und effiziente Zusammenarbeit.<\/p><p data-start=\"1244\" data-end=\"1359\">Gute Produkte entstehen nicht nur durch die Verbesserung der Produktivit\u00e4t, sondern auch durch das extreme Streben nach Details und ein tiefes Verst\u00e4ndnis f\u00fcr die Bed\u00fcrfnisse der Kunden. Jifeng Dyeing &amp; Weaving wird immer die Qualit\u00e4t als Eckpfeiler und den Service als Bindeglied betrachten und jeden Kunden dabei begleiten, weiter zu gehen und sich stetig weiterzuentwickeln.<\/p>\t\t\t\t\t\t\t\t<\/div>\n\t\t\t\t<\/div>\n\t\t\t\t\t<\/div>\n\t\t\t\t<\/div>\n\t\t<div class=\"elementor-element elementor-element-tFWU7X3I e-con-full   e-flex e-con e-parent\" data-id=\"tFWU7X3I\" data-element_type=\"container\" data-e-type=\"container\" data-settings=\"{&quot;background_background&quot;:&quot;classic&quot;}\">\n\t\t<div class=\"elementor-element elementor-element-lbw7UXx9 e-con-full   e-flex e-con e-child\" data-id=\"lbw7UXx9\" data-element_type=\"container\" data-e-type=\"container\" data-settings=\"{&quot;background_background&quot;:&quot;classic&quot;}\">\n\t\t<div class=\"elementor-element elementor-element-mWeUNPPx e-con-full   elementor-hidden-desktop elementor-hidden-tablet e-flex e-con e-child\" data-id=\"mWeUNPPx\" data-element_type=\"container\" data-e-type=\"container\" data-settings=\"{&quot;background_background&quot;:&quot;video&quot;,&quot;background_video_link&quot;:&quot;https:\\\/\\\/goodfundtextile.com\\\/wp-content\\\/uploads\\\/2025\\\/05\\\/service.mp4&quot;}\">\n\t\t<div class=\"elementor-background-video-container elementor-hidden-mobile\">\n\t\t\t\t\t\t\t<video class=\"elementor-background-video-hosted\" role=\"presentation\" autoplay muted playsinline loop><\/video>\n\t\t\t\t\t<\/div><div class=\"elementor-element elementor-element-4k6is8Km e-con-full   e-flex e-con e-child\" data-id=\"4k6is8Km\" data-element_type=\"container\" data-e-type=\"container\" data-settings=\"{&quot;background_video_link&quot;:&quot;https:\\\/\\\/goodfundtextile.com\\\/wp-content\\\/uploads\\\/2025\\\/05\\\/service.mp4&quot;,&quot;background_background&quot;:&quot;video&quot;,&quot;background_play_on_mobile&quot;:&quot;yes&quot;}\">\n\t\t<div class=\"elementor-background-video-container\">\n\t\t\t\t\t\t\t<video class=\"elementor-background-video-hosted\" role=\"presentation\" autoplay muted playsinline loop><\/video>\n\t\t\t\t\t<\/div>\t\t<\/div>\n\t\t\t\t<\/div>\n\t\t<div class=\"elementor-element elementor-element-47cc7f4 e-con-full   elementor-hidden-mobile e-flex e-con e-child\" data-id=\"47cc7f4\" data-element_type=\"container\" data-e-type=\"container\" data-settings=\"{&quot;background_background&quot;:&quot;video&quot;,&quot;background_video_link&quot;:&quot;https:\\\/\\\/goodfundtextile.com\\\/wp-content\\\/uploads\\\/2025\\\/05\\\/service.mp4&quot;}\">\n\t\t<div class=\"elementor-background-video-container elementor-hidden-mobile\">\n\t\t\t\t\t\t\t<video class=\"elementor-background-video-hosted\" role=\"presentation\" autoplay muted playsinline loop><\/video>\n\t\t\t\t\t<\/div><div class=\"elementor-element elementor-element-c1852fd e-con-full   e-flex e-con e-child\" data-id=\"c1852fd\" data-element_type=\"container\" data-e-type=\"container\" data-settings=\"{&quot;background_video_link&quot;:&quot;https:\\\/\\\/goodfundtextile.com\\\/wp-content\\\/uploads\\\/2025\\\/05\\\/service.mp4&quot;,&quot;background_background&quot;:&quot;video&quot;}\">\n\t\t<div class=\"elementor-background-video-container elementor-hidden-mobile\">\n\t\t\t\t\t\t\t<video class=\"elementor-background-video-hosted\" role=\"presentation\" autoplay muted playsinline loop><\/video>\n\t\t\t\t\t<\/div>\t\t<\/div>\n\t\t\t\t<\/div>\n\t\t\t\t<div class=\"elementor-element elementor-element-dZfBc4CO elementor-widget__width-inherit elementor-widget-mobile__width-inherit   elementor-icon-list--layout-traditional elementor-list-item-link-full_width elementor-widget elementor-widget-icon-list\" data-id=\"dZfBc4CO\" data-element_type=\"widget\" data-e-type=\"widget\" data-widget_type=\"icon-list.default\">\n\t\t\t\t<div class=\"elementor-widget-container\">\n\t\t\t\t\t\t\t<ul class=\"elementor-icon-list-items\">\n\t\t\t\t\t\t\t<li class=\"elementor-icon-list-item\">\n\t\t\t\t\t\t\t\t\t\t\t<span class=\"elementor-icon-list-icon\">\n\t\t\t\t\t\t\t<svg aria-hidden=\"true\" class=\"e-font-icon-svg e-fas-check\" viewbox=\"0 0 512 512\" xmlns=\"http:\/\/www.w3.org\/2000\/svg\"><path d=\"M173.898 439.404l-166.4-166.4c-9.997-9.997-9.997-26.206 0-36.204l36.203-36.204c9.997-9.998 26.207-9.998 36.204 0L192 312.69 432.095 72.596c9.997-9.997 26.207-9.997 36.204 0l36.203 36.204c9.997 9.997 9.997 26.206 0 36.204l-294.4 294.401c-9.998 9.997-26.207 9.997-36.204-.001z\"><\/path><\/svg>\t\t\t\t\t\t<\/span>\n\t\t\t\t\t\t\t\t\t\t<span class=\"elementor-icon-list-text\">Intelligente dreidimensionale Lagerh\u00e4user und Kl\u00e4ranlagen sorgen f\u00fcr eine effiziente Lagerhaltung und eine umweltfreundliche Produktion mit kontrollierter Qualit\u00e4t.<\/span>\n\t\t\t\t\t\t\t\t\t<\/li>\n\t\t\t\t\t\t\t\t<li class=\"elementor-icon-list-item\">\n\t\t\t\t\t\t\t\t\t\t\t<span class=\"elementor-icon-list-icon\">\n\t\t\t\t\t\t\t<svg aria-hidden=\"true\" class=\"e-font-icon-svg e-fas-check\" viewbox=\"0 0 512 512\" xmlns=\"http:\/\/www.w3.org\/2000\/svg\"><path d=\"M173.898 439.404l-166.4-166.4c-9.997-9.997-9.997-26.206 0-36.204l36.203-36.204c9.997-9.998 26.207-9.998 36.204 0L192 312.69 432.095 72.596c9.997-9.997 26.207-9.997 36.204 0l36.203 36.204c9.997 9.997 9.997 26.206 0 36.204l-294.4 294.401c-9.998 9.997-26.207 9.997-36.204-.001z\"><\/path><\/svg>\t\t\t\t\t\t<\/span>\n\t\t\t\t\t\t\t\t\t\t<span class=\"elementor-icon-list-text\">Professionelle Fabriken wie Denimwebereien, Strickf\u00e4rbereien und Leinwandwebereien garantieren die Qualit\u00e4t der Produkte.<\/span>\n\t\t\t\t\t\t\t\t\t<\/li>\n\t\t\t\t\t\t\t\t<li class=\"elementor-icon-list-item\">\n\t\t\t\t\t\t\t\t\t\t\t<span class=\"elementor-icon-list-icon\">\n\t\t\t\t\t\t\t<svg aria-hidden=\"true\" class=\"e-font-icon-svg e-fas-check\" viewbox=\"0 0 512 512\" xmlns=\"http:\/\/www.w3.org\/2000\/svg\"><path d=\"M173.898 439.404l-166.4-166.4c-9.997-9.997-9.997-26.206 0-36.204l36.203-36.204c9.997-9.998 26.207-9.998 36.204 0L192 312.69 432.095 72.596c9.997-9.997 26.207-9.997 36.204 0l36.203 36.204c9.997 9.997 9.997 26.206 0 36.204l-294.4 294.401c-9.998 9.997-26.207 9.997-36.204-.001z\"><\/path><\/svg>\t\t\t\t\t\t<\/span>\n\t\t\t\t\t\t\t\t\t\t<span class=\"elementor-icon-list-text\">Die Multifaserf\u00e4rberei und die Baumwollf\u00e4rberei 1 und 2 bieten vielf\u00e4ltige F\u00e4rbedienstleistungen in hervorragender Qualit\u00e4t<\/span>\n\t\t\t\t\t\t\t\t\t<\/li>\n\t\t\t\t\t\t\t\t<li class=\"elementor-icon-list-item\">\n\t\t\t\t\t\t\t\t\t\t\t<span class=\"elementor-icon-list-icon\">\n\t\t\t\t\t\t\t<svg aria-hidden=\"true\" class=\"e-font-icon-svg e-fas-check\" viewbox=\"0 0 512 512\" xmlns=\"http:\/\/www.w3.org\/2000\/svg\"><path d=\"M173.898 439.404l-166.4-166.4c-9.997-9.997-9.997-26.206 0-36.204l36.203-36.204c9.997-9.998 26.207-9.998 36.204 0L192 312.69 432.095 72.596c9.997-9.997 26.207-9.997 36.204 0l36.203 36.204c9.997 9.997 9.997 26.206 0 36.204l-294.4 294.401c-9.998 9.997-26.207 9.997-36.204-.001z\"><\/path><\/svg>\t\t\t\t\t\t<\/span>\n\t\t\t\t\t\t\t\t\t\t<span class=\"elementor-icon-list-text\">Neue funktional differenzierte Produktentwicklung und Textilpatente zur Verbesserung der Qualit\u00e4tsinnovation.<\/span>\n\t\t\t\t\t\t\t\t\t<\/li>\n\t\t\t\t\t\t\t\t<li class=\"elementor-icon-list-item\">\n\t\t\t\t\t\t\t\t\t\t\t<span class=\"elementor-icon-list-icon\">\n\t\t\t\t\t\t\t<svg aria-hidden=\"true\" class=\"e-font-icon-svg e-fas-check\" viewbox=\"0 0 512 512\" xmlns=\"http:\/\/www.w3.org\/2000\/svg\"><path d=\"M173.898 439.404l-166.4-166.4c-9.997-9.997-9.997-26.206 0-36.204l36.203-36.204c9.997-9.998 26.207-9.998 36.204 0L192 312.69 432.095 72.596c9.997-9.997 26.207-9.997 36.204 0l36.203 36.204c9.997 9.997 9.997 26.206 0 36.204l-294.4 294.401c-9.998 9.997-26.207 9.997-36.204-.001z\"><\/path><\/svg>\t\t\t\t\t\t<\/span>\n\t\t\t\t\t\t\t\t\t\t<span class=\"elementor-icon-list-text\">Forschung und Entwicklung von energie- und wassersparenden Verfahren und funktionalen innovativen Materialien, um eine umweltfreundliche und qualitativ hochwertige Produktion zu gew\u00e4hrleisten.<\/span>\n\t\t\t\t\t\t\t\t\t<\/li>\n\t\t\t\t\t\t\t\t<li class=\"elementor-icon-list-item\">\n\t\t\t\t\t\t\t\t\t\t\t<span class=\"elementor-icon-list-icon\">\n\t\t\t\t\t\t\t<svg aria-hidden=\"true\" class=\"e-font-icon-svg e-fas-check\" viewbox=\"0 0 512 512\" xmlns=\"http:\/\/www.w3.org\/2000\/svg\"><path d=\"M173.898 439.404l-166.4-166.4c-9.997-9.997-9.997-26.206 0-36.204l36.203-36.204c9.997-9.998 26.207-9.998 36.204 0L192 312.69 432.095 72.596c9.997-9.997 26.207-9.997 36.204 0l36.203 36.204c9.997 9.997 9.997 26.206 0 36.204l-294.4 294.401c-9.998 9.997-26.207 9.997-36.204-.001z\"><\/path><\/svg>\t\t\t\t\t\t<\/span>\n\t\t\t\t\t\t\t\t\t\t<span class=\"elementor-icon-list-text\">Umfassende integrierte Produktionsst\u00e4tten und intelligente Fabriken erm\u00f6glichen eine flexible Produktion und schnelle Serviceleistungen.<\/span>\n\t\t\t\t\t\t\t\t\t<\/li>\n\t\t\t\t\t\t\t\t<li class=\"elementor-icon-list-item\">\n\t\t\t\t\t\t\t\t\t\t\t<span class=\"elementor-icon-list-icon\">\n\t\t\t\t\t\t\t<svg aria-hidden=\"true\" class=\"e-font-icon-svg e-fas-check\" viewbox=\"0 0 512 512\" xmlns=\"http:\/\/www.w3.org\/2000\/svg\"><path d=\"M173.898 439.404l-166.4-166.4c-9.997-9.997-9.997-26.206 0-36.204l36.203-36.204c9.997-9.998 26.207-9.998 36.204 0L192 312.69 432.095 72.596c9.997-9.997 26.207-9.997 36.204 0l36.203 36.204c9.997 9.997 9.997 26.206 0 36.204l-294.4 294.401c-9.998 9.997-26.207 9.997-36.204-.001z\"><\/path><\/svg>\t\t\t\t\t\t<\/span>\n\t\t\t\t\t\t\t\t\t\t<span class=\"elementor-icon-list-text\">Die gesamte Industriekette wird durch ein schnelles Reverse Green Channel- und ein r\u00fcckverfolgbares Qualit\u00e4tssystem unterst\u00fctzt, das eine Kostensenkung und Effizienzsteigerung garantiert.<\/span>\n\t\t\t\t\t\t\t\t\t<\/li>\n\t\t\t\t\t\t\t\t<li class=\"elementor-icon-list-item\">\n\t\t\t\t\t\t\t\t\t\t\t<span class=\"elementor-icon-list-icon\">\n\t\t\t\t\t\t\t<svg aria-hidden=\"true\" class=\"e-font-icon-svg e-fas-check\" viewbox=\"0 0 512 512\" xmlns=\"http:\/\/www.w3.org\/2000\/svg\"><path d=\"M173.898 439.404l-166.4-166.4c-9.997-9.997-9.997-26.206 0-36.204l36.203-36.204c9.997-9.998 26.207-9.998 36.204 0L192 312.69 432.095 72.596c9.997-9.997 26.207-9.997 36.204 0l36.203 36.204c9.997 9.997 9.997 26.206 0 36.204l-294.4 294.401c-9.998 9.997-26.207 9.997-36.204-.001z\"><\/path><\/svg>\t\t\t\t\t\t<\/span>\n\t\t\t\t\t\t\t\t\t\t<span class=\"elementor-icon-list-text\">ERP, MES und intelligente Zentralsteuerung, Farbmess- und Anpassungssysteme, Optimierung von Service und Qualit\u00e4tsmanagement.<\/span>\n\t\t\t\t\t\t\t\t\t<\/li>\n\t\t\t\t\t\t<\/ul>\n\t\t\t\t\t\t<\/div>\n\t\t\t\t<\/div>\n\t\t<div class=\"elementor-element elementor-element-1VeCp8Y3 e-con-full   e-flex e-con e-child\" data-id=\"1VeCp8Y3\" data-element_type=\"container\" data-e-type=\"container\" data-settings=\"{&quot;background_background&quot;:&quot;gradient&quot;}\">\n\t\t\t\t<div class=\"elementor-element elementor-element-5yz4hd0k elementor-widget__width-inherit elementor-widget-mobile__width-inherit   elementor-arrows-position-inside elementor-widget elementor-widget-image-carousel\" data-id=\"5yz4hd0k\" data-element_type=\"widget\" data-e-type=\"widget\" data-settings=\"{&quot;slides_to_scroll&quot;:&quot;1&quot;,&quot;navigation&quot;:&quot;arrows&quot;,&quot;slides_to_show&quot;:&quot;2&quot;,&quot;image_spacing_custom&quot;:{&quot;unit&quot;:&quot;px&quot;,&quot;size&quot;:80,&quot;sizes&quot;:[]},&quot;autoplay&quot;:&quot;yes&quot;,&quot;pause_on_hover&quot;:&quot;yes&quot;,&quot;pause_on_interaction&quot;:&quot;yes&quot;,&quot;autoplay_speed&quot;:5000,&quot;infinite&quot;:&quot;yes&quot;,&quot;speed&quot;:500,&quot;image_spacing_custom_tablet&quot;:{&quot;unit&quot;:&quot;px&quot;,&quot;size&quot;:&quot;&quot;,&quot;sizes&quot;:[]},&quot;image_spacing_custom_mobile&quot;:{&quot;unit&quot;:&quot;px&quot;,&quot;size&quot;:&quot;&quot;,&quot;sizes&quot;:[]}}\" data-widget_type=\"image-carousel.default\">\n\t\t\t\t<div class=\"elementor-widget-container\">\n\t\t\t\t\t\t\t<div class=\"elementor-image-carousel-wrapper swiper\" role=\"region\" aria-roledescription=\"carousel\" aria-label=\"Bild-Karussell\" dir=\"ltr\">\n\t\t\t<div class=\"elementor-image-carousel swiper-wrapper\" aria-live=\"off\">\n\t\t\t\t\t\t\t\t<div class=\"swiper-slide\" role=\"group\" aria-roledescription=\"slide\" aria-label=\"1 \/ 6\"><figure class=\"swiper-slide-inner\"><img decoding=\"async\" class=\"swiper-slide-image\" src=\"https:\/\/goodfundtextile.com\/wp-content\/uploads\/2025\/05\/31-1-scaled.jpg\" alt=\"31\" \/><\/figure><\/div><div class=\"swiper-slide\" role=\"group\" aria-roledescription=\"slide\" aria-label=\"2 \/ 6\"><figure class=\"swiper-slide-inner\"><img decoding=\"async\" class=\"swiper-slide-image\" src=\"https:\/\/goodfundtextile.com\/wp-content\/uploads\/2025\/03\/75.jpg\" alt=\"75\" \/><\/figure><\/div><div class=\"swiper-slide\" role=\"group\" aria-roledescription=\"slide\" aria-label=\"3 \/ 6\"><figure class=\"swiper-slide-inner\"><img decoding=\"async\" class=\"swiper-slide-image\" src=\"https:\/\/goodfundtextile.com\/wp-content\/uploads\/2025\/03\/86-1.jpg\" alt=\"86\" \/><\/figure><\/div><div class=\"swiper-slide\" role=\"group\" aria-roledescription=\"slide\" aria-label=\"4 \/ 6\"><figure class=\"swiper-slide-inner\"><img decoding=\"async\" class=\"swiper-slide-image\" src=\"https:\/\/goodfundtextile.com\/wp-content\/uploads\/2025\/03\/88-1.jpg\" alt=\"88\" \/><\/figure><\/div><div class=\"swiper-slide\" role=\"group\" aria-roledescription=\"slide\" aria-label=\"5 \/ 6\"><figure class=\"swiper-slide-inner\"><img decoding=\"async\" class=\"swiper-slide-image\" src=\"https:\/\/goodfundtextile.com\/wp-content\/uploads\/2025\/03\/87-1.jpg\" alt=\"87\" \/><\/figure><\/div><div class=\"swiper-slide\" role=\"group\" aria-roledescription=\"slide\" aria-label=\"6 \/ 6\"><figure class=\"swiper-slide-inner\"><img decoding=\"async\" class=\"swiper-slide-image\" src=\"https:\/\/goodfundtextile.com\/wp-content\/uploads\/2025\/03\/96.webp\" alt=\"96\" \/><\/figure><\/div>\t\t\t<\/div>\n\t\t\t\t\t\t\t\t\t\t\t\t<div class=\"elementor-swiper-button elementor-swiper-button-prev\" role=\"button\" tabindex=\"0\">\n\t\t\t\t\t\t<svg aria-hidden=\"true\" class=\"e-font-icon-svg e-eicon-chevron-left\" viewbox=\"0 0 1000 1000\" xmlns=\"http:\/\/www.w3.org\/2000\/svg\"><path d=\"M646 125C629 125 613 133 604 142L308 442C296 454 292 471 292 487 292 504 296 521 308 533L604 854C617 867 629 875 646 875 663 875 679 871 692 858 704 846 713 829 713 812 713 796 708 779 692 767L438 487 692 225C700 217 708 204 708 187 708 171 704 154 692 142 675 129 663 125 646 125Z\"><\/path><\/svg>\t\t\t\t\t<\/div>\n\t\t\t\t\t<div class=\"elementor-swiper-button elementor-swiper-button-next\" role=\"button\" tabindex=\"0\">\n\t\t\t\t\t\t<svg aria-hidden=\"true\" class=\"e-font-icon-svg e-eicon-chevron-right\" viewbox=\"0 0 1000 1000\" xmlns=\"http:\/\/www.w3.org\/2000\/svg\"><path d=\"M696 533C708 521 713 504 713 487 713 471 708 454 696 446L400 146C388 133 375 125 354 125 338 125 325 129 313 142 300 154 292 171 292 187 292 204 296 221 308 233L563 492 304 771C292 783 288 800 288 817 288 833 296 850 308 863 321 871 338 875 354 875 371 875 388 867 400 854L696 533Z\"><\/path><\/svg>\t\t\t\t\t<\/div>\n\t\t\t\t\n\t\t\t\t\t\t\t\t\t<\/div>\n\t\t\t\t\t\t<\/div>\n\t\t\t\t<\/div>\n\t\t\t\t<\/div>\n\t\t\t\t<\/div>\n\t\t\t\t<\/div>\n\t\t\t\t<\/div>","protected":false},"excerpt":{"rendered":"<p>\u8d28\u91cf\u63a7\u5236\u4e0e\u670d\u52a1 \u2014\u2014 \u7a33\u5b9a\u5982\u4e00\u7684\u54c1\u63a7\u4f53\u7cfb [&hellip;]<\/p>\n","protected":false},"author":2,"featured_media":0,"parent":650,"menu_order":3,"comment_status":"closed","ping_status":"closed","template":"elementor_header_footer","meta":{"inline_featured_image":false,"site-sidebar-layout":"default","site-content-layout":"","ast-site-content-layout":"default","site-content-style":"default","site-sidebar-style":"default","ast-global-header-display":"","ast-banner-title-visibility":"","ast-main-header-display":"","ast-hfb-above-header-display":"","ast-hfb-below-header-display":"","ast-hfb-mobile-header-display":"","site-post-title":"","ast-breadcrumbs-content":"","ast-featured-img":"","footer-sml-layout":"","theme-transparent-header-meta":"default","adv-header-id-meta":"","stick-header-meta":"","header-above-stick-meta":"","header-main-stick-meta":"","header-below-stick-meta":"","astra-migrate-meta-layouts":"set","ast-page-background-enabled":"default","ast-page-background-meta":{"desktop":{"background-color":"var(--ast-global-color-5)","background-image":"","background-repeat":"repeat","background-position":"center center","background-size":"auto","background-attachment":"scroll","background-type":"","background-media":"","overlay-type":"","overlay-color":"","overlay-opacity":"","overlay-gradient":""},"tablet":{"background-color":"","background-image":"","background-repeat":"repeat","background-position":"center center","background-size":"auto","background-attachment":"scroll","background-type":"","background-media":"","overlay-type":"","overlay-color":"","overlay-opacity":"","overlay-gradient":""},"mobile":{"background-color":"","background-image":"","background-repeat":"repeat","background-position":"center center","background-size":"auto","background-attachment":"scroll","background-type":"","background-media":"","overlay-type":"","overlay-color":"","overlay-opacity":"","overlay-gradient":""}},"ast-content-background-meta":{"desktop":{"background-color":"var(--ast-global-color-4)","background-image":"","background-repeat":"repeat","background-position":"center center","background-size":"auto","background-attachment":"scroll","background-type":"","background-media":"","overlay-type":"","overlay-color":"","overlay-opacity":"","overlay-gradient":""},"tablet":{"background-color":"var(--ast-global-color-4)","background-image":"","background-repeat":"repeat","background-position":"center center","background-size":"auto","background-attachment":"scroll","background-type":"","background-media":"","overlay-type":"","overlay-color":"","overlay-opacity":"","overlay-gradient":""},"mobile":{"background-color":"var(--ast-global-color-4)","background-image":"","background-repeat":"repeat","background-position":"center center","background-size":"auto","background-attachment":"scroll","background-type":"","background-media":"","overlay-type":"","overlay-color":"","overlay-opacity":"","overlay-gradient":""}},"two_page_speed":[],"footnotes":""},"class_list":["post-1221","page","type-page","status-publish","hentry"],"_links":{"self":[{"href":"https:\/\/goodfundtextile.com\/de\/wp-json\/wp\/v2\/pages\/1221","targetHints":{"allow":["GET"]}}],"collection":[{"href":"https:\/\/goodfundtextile.com\/de\/wp-json\/wp\/v2\/pages"}],"about":[{"href":"https:\/\/goodfundtextile.com\/de\/wp-json\/wp\/v2\/types\/page"}],"author":[{"embeddable":true,"href":"https:\/\/goodfundtextile.com\/de\/wp-json\/wp\/v2\/users\/2"}],"replies":[{"embeddable":true,"href":"https:\/\/goodfundtextile.com\/de\/wp-json\/wp\/v2\/comments?post=1221"}],"version-history":[{"count":110,"href":"https:\/\/goodfundtextile.com\/de\/wp-json\/wp\/v2\/pages\/1221\/revisions"}],"predecessor-version":[{"id":8201,"href":"https:\/\/goodfundtextile.com\/de\/wp-json\/wp\/v2\/pages\/1221\/revisions\/8201"}],"up":[{"embeddable":true,"href":"https:\/\/goodfundtextile.com\/de\/wp-json\/wp\/v2\/pages\/650"}],"wp:attachment":[{"href":"https:\/\/goodfundtextile.com\/de\/wp-json\/wp\/v2\/media?parent=1221"}],"curies":[{"name":"wp","href":"https:\/\/api.w.org\/{rel}","templated":true}]}}