{"id":1289,"date":"2025-03-07T14:20:22","date_gmt":"2025-03-07T14:20:22","guid":{"rendered":"https:\/\/goodfundtextile.com\/?page_id=403"},"modified":"2025-05-16T23:00:47","modified_gmt":"2025-05-17T03:00:47","slug":"sekundarseite-intelligente-fertigung-2","status":"publish","type":"page","link":"https:\/\/goodfundtextile.com\/de\/goodfund\/sekundarseite-intelligente-fertigung-2\/","title":{"rendered":"Secondary Page &#8211; Smart Manufacturing"},"content":{"rendered":"<div data-elementor-type=\"wp-post\" data-elementor-id=\"1289\" class=\"elementor elementor-1289\" data-elementor-post-type=\"page\">\n\t\t\t\t<div class=\"elementor-element elementor-element-YxTS7uMf e-con-full   e-flex e-con e-parent\" data-id=\"YxTS7uMf\" data-element_type=\"container\" data-e-type=\"container\">\n\t\t<div class=\"elementor-element elementor-element-B4yp7ihW   e-flex e-con-boxed e-con e-child\" data-id=\"B4yp7ihW\" data-element_type=\"container\" data-e-type=\"container\" data-settings=\"{&quot;background_background&quot;:&quot;classic&quot;}\">\n\t\t\t\t\t<div class=\"e-con-inner\">\n\t\t<div class=\"elementor-element elementor-element-3lm7BmMd e-con-full   e-flex e-con e-child\" data-id=\"3lm7BmMd\" data-element_type=\"container\" data-e-type=\"container\">\n\t\t\t\t<\/div>\n\t\t\t\t\t<\/div>\n\t\t\t\t<\/div>\n\t\t\t\t<\/div>\n\t\t<div class=\"elementor-element elementor-element-e146f10 e-con-full e-flex e-con e-parent\" data-id=\"e146f10\" data-element_type=\"container\" data-e-type=\"container\" data-settings=\"{&quot;background_background&quot;:&quot;classic&quot;}\">\n\t\t\t\t<div class=\"elementor-element elementor-element-f7651d8 elementor-widget elementor-widget-heading\" data-id=\"f7651d8\" data-element_type=\"widget\" data-e-type=\"widget\" data-widget_type=\"heading.default\">\n\t\t\t\t<div class=\"elementor-widget-container\">\n\t\t\t\t\t<h2 class=\"elementor-heading-title elementor-size-default\">Intelligente Qualit\u00e4tsfertigung - Fortschrittliche Fertigungsleistung f\u00fcr die Zukunft<\/h2>\t\t\t\t<\/div>\n\t\t\t\t<\/div>\n\t\t\t\t<\/div>\n\t\t<div class=\"elementor-element elementor-element-8fb886a e-flex e-con-boxed e-con e-parent\" data-id=\"8fb886a\" data-element_type=\"container\" data-e-type=\"container\" data-settings=\"{&quot;background_background&quot;:&quot;classic&quot;}\">\n\t\t\t\t\t<div class=\"e-con-inner\">\n\t\t\t\t<div class=\"elementor-element elementor-element-78ac8a6 elementor-widget elementor-widget-text-editor\" data-id=\"78ac8a6\" data-element_type=\"widget\" data-e-type=\"widget\" data-widget_type=\"text-editor.default\">\n\t\t\t\t<div class=\"elementor-widget-container\">\n\t\t\t\t\t\t\t\t\t<p data-start=\"100\" data-end=\"227\">Vor dem Hintergrund der rasanten Entwicklung der modernen Textilindustrie hat die<strong data-start=\"116\" data-end=\"137\">Jiffy F\u00e4rberei und Weberei<\/strong>Wir wissen, dass Produktionsanlagen und Technologie der Schl\u00fcssel zur Verbesserung der Wettbewerbsf\u00e4higkeit unserer Produkte sind. Wir halten uns stets an das Konzept der \"F\u00f6rderung hoher Effizienz mit Intelligenz, Aufbau von Qualit\u00e4t mit Technologie\", investieren kontinuierlich in fortschrittliche Ausr\u00fcstung und intelligente Systeme und bauen eine digitale, informatisierte und automatisierte Integration von<strong data-start=\"216\" data-end=\"226\">Intelligentes Qualit\u00e4tssystem<\/strong>.<\/p>\n<p data-start=\"229\" data-end=\"354\">Unsere Produktionsst\u00e4tten sind vollst\u00e4ndig mit fortschrittlichen Textil-, F\u00e4rbe- und Veredelungsanlagen aus Deutschland, Italien, Japan und anderen L\u00e4ndern ausgestattet, darunter<strong data-start=\"265\" data-end=\"310\">Automatische Schlichtemaschine, intelligentes Stoffinspektionssystem, hochpr\u00e4zise kontinuierliche F\u00e4rbelinie, automatische Streck- und Fixiermaschine, energiesparendes und umweltfreundliches W\u00e4rmer\u00fcckgewinnungssystem<\/strong>usw. Diese Ausr\u00fcstungen verbessern nicht nur die Produktionseffizienz erheblich, sondern gew\u00e4hrleisten auch die wichtigsten Eigenschaften der Stoffe wie gleichm\u00e4\u00dfige Farbe, stabile Gr\u00f6\u00dfe und exzellente Haptik.<\/p>\n<p data-start=\"356\" data-end=\"488\">In der intelligenten Textilherstellung bauen wir<strong data-start=\"370\" data-end=\"383\">MES Manufacturing Execution System<\/strong>Es erm\u00f6glicht die digitale Kontrolle des gesamten Prozesses, von der Lagerung der Rohstoffe, der Produktionsplanung, der Prozessdurchf\u00fchrung, der Qualit\u00e4tskontrolle bis hin zur Lagerung der fertigen Produkte. Gleichzeitig erm\u00f6glicht der Einsatz von intelligenten Sensoren und Datenerfassungsmodulen die Erfassung des Betriebsstatus der Ausr\u00fcstung und der Prozessdurchf\u00fchrung in Echtzeit, die fr\u00fchzeitige Warnung vor m\u00f6glichen Fehlern und die Verbesserung der Ausbringungsrate der Ausr\u00fcstung und des sicheren Produktionsniveaus.<\/p>\n<p data-start=\"490\" data-end=\"600\">Beim F\u00e4rbe- und Veredelungsprozess setzen wir umweltfreundliche und energiesparende F\u00e4rbetanks und intelligente Flottenabgabesysteme ein, die den Energieverbrauch und die Emissionen durch eine pr\u00e4zise Steuerung der Temperatur, des Flottenverh\u00e4ltnisses und des Anteils an Farbstoffen und Chemikalien unter Einhaltung der weltweiten Umweltstandards reduzieren. Gleichzeitig sorgt das begleitende automatische Wasserqualit\u00e4ts\u00fcberwachungs- und Abwasseraufbereitungssystem daf\u00fcr, dass jeder Tropfen des abgeleiteten Wassers den Standards entspricht, was unsere Verantwortung f\u00fcr eine nachhaltige Entwicklung unterstreicht.<\/p>\n<p data-start=\"602\" data-end=\"696\">Intelligente Qualit\u00e4tsfertigung ist nicht nur eine technologische Innovation, sondern auch ein Versprechen f\u00fcr Qualit\u00e4t und Kundenvertrauen. Durch das doppelte Streben nach Hardware-Upgrading und Systemoptimierung bieten wir unseren Kunden weltweit stabilere, effizientere und umweltfreundlichere Gewebel\u00f6sungen an und verhelfen Marken zu einer herausragenden Produktleistung.<\/p>\t\t\t\t\t\t\t\t<\/div>\n\t\t\t\t<\/div>\n\t\t\t\t\t<\/div>\n\t\t\t\t<\/div>\n\t\t<div class=\"elementor-element elementor-element-e8a3c43 e-con-full e-flex e-con e-parent\" data-id=\"e8a3c43\" data-element_type=\"container\" data-e-type=\"container\" data-settings=\"{&quot;background_background&quot;:&quot;classic&quot;}\">\n\t\t\t\t<div class=\"elementor-element elementor-element-81d63fc elementor-widget__width-inherit elementor-widget-mobile__width-inherit   e-transform elementor-arrows-position-inside elementor-widget elementor-widget-image-carousel\" data-id=\"81d63fc\" data-element_type=\"widget\" data-e-type=\"widget\" data-settings=\"{&quot;slides_to_scroll&quot;:&quot;1&quot;,&quot;navigation&quot;:&quot;arrows&quot;,&quot;slides_to_show&quot;:&quot;2&quot;,&quot;image_spacing_custom&quot;:{&quot;unit&quot;:&quot;px&quot;,&quot;size&quot;:80,&quot;sizes&quot;:[]},&quot;_transform_translateX_effect&quot;:{&quot;unit&quot;:&quot;px&quot;,&quot;size&quot;:37,&quot;sizes&quot;:[]},&quot;autoplay&quot;:&quot;yes&quot;,&quot;pause_on_hover&quot;:&quot;yes&quot;,&quot;pause_on_interaction&quot;:&quot;yes&quot;,&quot;autoplay_speed&quot;:5000,&quot;infinite&quot;:&quot;yes&quot;,&quot;speed&quot;:500,&quot;image_spacing_custom_tablet&quot;:{&quot;unit&quot;:&quot;px&quot;,&quot;size&quot;:&quot;&quot;,&quot;sizes&quot;:[]},&quot;image_spacing_custom_mobile&quot;:{&quot;unit&quot;:&quot;px&quot;,&quot;size&quot;:&quot;&quot;,&quot;sizes&quot;:[]},&quot;_transform_translateX_effect_tablet&quot;:{&quot;unit&quot;:&quot;px&quot;,&quot;size&quot;:&quot;&quot;,&quot;sizes&quot;:[]},&quot;_transform_translateX_effect_mobile&quot;:{&quot;unit&quot;:&quot;px&quot;,&quot;size&quot;:&quot;&quot;,&quot;sizes&quot;:[]},&quot;_transform_translateY_effect&quot;:{&quot;unit&quot;:&quot;px&quot;,&quot;size&quot;:&quot;&quot;,&quot;sizes&quot;:[]},&quot;_transform_translateY_effect_tablet&quot;:{&quot;unit&quot;:&quot;px&quot;,&quot;size&quot;:&quot;&quot;,&quot;sizes&quot;:[]},&quot;_transform_translateY_effect_mobile&quot;:{&quot;unit&quot;:&quot;px&quot;,&quot;size&quot;:&quot;&quot;,&quot;sizes&quot;:[]}}\" data-widget_type=\"image-carousel.default\">\n\t\t\t\t<div class=\"elementor-widget-container\">\n\t\t\t\t\t\t\t<div class=\"elementor-image-carousel-wrapper swiper\" role=\"region\" aria-roledescription=\"carousel\" aria-label=\"Bild-Karussell\" dir=\"ltr\">\n\t\t\t<div class=\"elementor-image-carousel swiper-wrapper\" aria-live=\"off\">\n\t\t\t\t\t\t\t\t<div class=\"swiper-slide\" role=\"group\" aria-roledescription=\"slide\" aria-label=\"1 sur 10\" data-no-translation-aria-label=\"\"><figure class=\"swiper-slide-inner\"><img decoding=\"async\" class=\"swiper-slide-image\" src=\"https:\/\/goodfundtextile.com\/wp-content\/uploads\/2025\/03\/18-\u526f\u672c-2-scaled.jpg\" alt=\"18 - Vice versa\" \/><\/figure><\/div><div class=\"swiper-slide\" role=\"group\" aria-roledescription=\"slide\" aria-label=\"2 sur 10\" data-no-translation-aria-label=\"\"><figure class=\"swiper-slide-inner\"><img decoding=\"async\" class=\"swiper-slide-image\" src=\"https:\/\/goodfundtextile.com\/wp-content\/uploads\/2025\/03\/23-2-scaled.jpg\" alt=\"23\" \/><\/figure><\/div><div class=\"swiper-slide\" role=\"group\" aria-roledescription=\"slide\" aria-label=\"3 sur 10\" data-no-translation-aria-label=\"\"><figure class=\"swiper-slide-inner\"><img decoding=\"async\" class=\"swiper-slide-image\" src=\"https:\/\/goodfundtextile.com\/wp-content\/uploads\/2025\/03\/24-2-scaled.jpg\" alt=\"24\" \/><\/figure><\/div><div class=\"swiper-slide\" role=\"group\" aria-roledescription=\"slide\" aria-label=\"4 sur 10\" data-no-translation-aria-label=\"\"><figure class=\"swiper-slide-inner\"><img decoding=\"async\" class=\"swiper-slide-image\" src=\"https:\/\/goodfundtextile.com\/wp-content\/uploads\/2025\/03\/25-3-scaled.jpg\" alt=\"25\" \/><\/figure><\/div><div class=\"swiper-slide\" role=\"group\" aria-roledescription=\"slide\" aria-label=\"5 sur 10\" data-no-translation-aria-label=\"\"><figure class=\"swiper-slide-inner\"><img decoding=\"async\" class=\"swiper-slide-image\" src=\"https:\/\/goodfundtextile.com\/wp-content\/uploads\/2025\/03\/26-3-scaled.jpg\" alt=\"26\" \/><\/figure><\/div><div class=\"swiper-slide\" role=\"group\" aria-roledescription=\"slide\" aria-label=\"6 sur 10\" data-no-translation-aria-label=\"\"><figure class=\"swiper-slide-inner\"><img decoding=\"async\" class=\"swiper-slide-image\" src=\"https:\/\/goodfundtextile.com\/wp-content\/uploads\/2025\/03\/27-3-scaled.jpg\" alt=\"27\" \/><\/figure><\/div><div class=\"swiper-slide\" role=\"group\" aria-roledescription=\"slide\" aria-label=\"7 sur 10\" data-no-translation-aria-label=\"\"><figure class=\"swiper-slide-inner\"><img decoding=\"async\" class=\"swiper-slide-image\" src=\"https:\/\/goodfundtextile.com\/wp-content\/uploads\/2025\/03\/28-2-scaled.jpg\" alt=\"28\" \/><\/figure><\/div><div class=\"swiper-slide\" role=\"group\" aria-roledescription=\"slide\" aria-label=\"8 sur 10\" data-no-translation-aria-label=\"\"><figure class=\"swiper-slide-inner\"><img decoding=\"async\" class=\"swiper-slide-image\" src=\"https:\/\/goodfundtextile.com\/wp-content\/uploads\/2025\/03\/29-2-scaled.jpg\" alt=\"29\" \/><\/figure><\/div><div class=\"swiper-slide\" role=\"group\" aria-roledescription=\"slide\" aria-label=\"9 sur 10\" data-no-translation-aria-label=\"\"><figure class=\"swiper-slide-inner\"><img decoding=\"async\" class=\"swiper-slide-image\" src=\"https:\/\/goodfundtextile.com\/wp-content\/uploads\/2025\/03\/30-2-scaled.jpg\" alt=\"30\" \/><\/figure><\/div><div class=\"swiper-slide\" role=\"group\" aria-roledescription=\"slide\" aria-label=\"10 sur 10\" data-no-translation-aria-label=\"\"><figure class=\"swiper-slide-inner\"><img decoding=\"async\" class=\"swiper-slide-image\" src=\"https:\/\/goodfundtextile.com\/wp-content\/uploads\/2025\/03\/31-1-scaled.jpg\" alt=\"31\" \/><\/figure><\/div>\t\t\t<\/div>\n\t\t\t\t\t\t\t\t\t\t\t\t<div class=\"elementor-swiper-button elementor-swiper-button-prev\" role=\"button\" tabindex=\"0\">\n\t\t\t\t\t\t<svg aria-hidden=\"true\" class=\"e-font-icon-svg e-eicon-chevron-left\" viewbox=\"0 0 1000 1000\" xmlns=\"http:\/\/www.w3.org\/2000\/svg\"><path d=\"M646 125C629 125 613 133 604 142L308 442C296 454 292 471 292 487 292 504 296 521 308 533L604 854C617 867 629 875 646 875 663 875 679 871 692 858 704 846 713 829 713 812 713 796 708 779 692 767L438 487 692 225C700 217 708 204 708 187 708 171 704 154 692 142 675 129 663 125 646 125Z\"><\/path><\/svg>\t\t\t\t\t<\/div>\n\t\t\t\t\t<div class=\"elementor-swiper-button elementor-swiper-button-next\" role=\"button\" tabindex=\"0\">\n\t\t\t\t\t\t<svg aria-hidden=\"true\" class=\"e-font-icon-svg e-eicon-chevron-right\" viewbox=\"0 0 1000 1000\" xmlns=\"http:\/\/www.w3.org\/2000\/svg\"><path d=\"M696 533C708 521 713 504 713 487 713 471 708 454 696 446L400 146C388 133 375 125 354 125 338 125 325 129 313 142 300 154 292 171 292 187 292 204 296 221 308 233L563 492 304 771C292 783 288 800 288 817 288 833 296 850 308 863 321 871 338 875 354 875 371 875 388 867 400 854L696 533Z\"><\/path><\/svg>\t\t\t\t\t<\/div>\n\t\t\t\t\n\t\t\t\t\t\t\t\t\t<\/div>\n\t\t\t\t\t\t<\/div>\n\t\t\t\t<\/div>\n\t\t\t\t<\/div>\n\t\t\t\t<\/div>","protected":false},"excerpt":{"rendered":"<p>\u667a\u80fd\u8d28\u9020 \u2014\u2014 \u9a71\u52a8\u672a\u6765\u7684\u5148\u8fdb\u5236\u9020\u529b \u5728 [&hellip;]<\/p>\n","protected":false},"author":2,"featured_media":0,"parent":650,"menu_order":4,"comment_status":"closed","ping_status":"closed","template":"elementor_header_footer","meta":{"inline_featured_image":false,"site-sidebar-layout":"default","site-content-layout":"","ast-site-content-layout":"default","site-content-style":"default","site-sidebar-style":"default","ast-global-header-display":"","ast-banner-title-visibility":"","ast-main-header-display":"","ast-hfb-above-header-display":"","ast-hfb-below-header-display":"","ast-hfb-mobile-header-display":"","site-post-title":"","ast-breadcrumbs-content":"","ast-featured-img":"","footer-sml-layout":"","theme-transparent-header-meta":"default","adv-header-id-meta":"","stick-header-meta":"","header-above-stick-meta":"","header-main-stick-meta":"","header-below-stick-meta":"","astra-migrate-meta-layouts":"set","ast-page-background-enabled":"default","ast-page-background-meta":{"desktop":{"background-color":"var(--ast-global-color-5)","background-image":"","background-repeat":"repeat","background-position":"center center","background-size":"auto","background-attachment":"scroll","background-type":"","background-media":"","overlay-type":"","overlay-color":"","overlay-opacity":"","overlay-gradient":""},"tablet":{"background-color":"","background-image":"","background-repeat":"repeat","background-position":"center center","background-size":"auto","background-attachment":"scroll","background-type":"","background-media":"","overlay-type":"","overlay-color":"","overlay-opacity":"","overlay-gradient":""},"mobile":{"background-color":"","background-image":"","background-repeat":"repeat","background-position":"center center","background-size":"auto","background-attachment":"scroll","background-type":"","background-media":"","overlay-type":"","overlay-color":"","overlay-opacity":"","overlay-gradient":""}},"ast-content-background-meta":{"desktop":{"background-color":"var(--ast-global-color-4)","background-image":"","background-repeat":"repeat","background-position":"center center","background-size":"auto","background-attachment":"scroll","background-type":"","background-media":"","overlay-type":"","overlay-color":"","overlay-opacity":"","overlay-gradient":""},"tablet":{"background-color":"var(--ast-global-color-4)","background-image":"","background-repeat":"repeat","background-position":"center center","background-size":"auto","background-attachment":"scroll","background-type":"","background-media":"","overlay-type":"","overlay-color":"","overlay-opacity":"","overlay-gradient":""},"mobile":{"background-color":"var(--ast-global-color-4)","background-image":"","background-repeat":"repeat","background-position":"center center","background-size":"auto","background-attachment":"scroll","background-type":"","background-media":"","overlay-type":"","overlay-color":"","overlay-opacity":"","overlay-gradient":""}},"two_page_speed":[],"footnotes":""},"class_list":["post-1289","page","type-page","status-publish","hentry"],"_links":{"self":[{"href":"https:\/\/goodfundtextile.com\/de\/wp-json\/wp\/v2\/pages\/1289","targetHints":{"allow":["GET"]}}],"collection":[{"href":"https:\/\/goodfundtextile.com\/de\/wp-json\/wp\/v2\/pages"}],"about":[{"href":"https:\/\/goodfundtextile.com\/de\/wp-json\/wp\/v2\/types\/page"}],"author":[{"embeddable":true,"href":"https:\/\/goodfundtextile.com\/de\/wp-json\/wp\/v2\/users\/2"}],"replies":[{"embeddable":true,"href":"https:\/\/goodfundtextile.com\/de\/wp-json\/wp\/v2\/comments?post=1289"}],"version-history":[{"count":55,"href":"https:\/\/goodfundtextile.com\/de\/wp-json\/wp\/v2\/pages\/1289\/revisions"}],"predecessor-version":[{"id":8186,"href":"https:\/\/goodfundtextile.com\/de\/wp-json\/wp\/v2\/pages\/1289\/revisions\/8186"}],"up":[{"embeddable":true,"href":"https:\/\/goodfundtextile.com\/de\/wp-json\/wp\/v2\/pages\/650"}],"wp:attachment":[{"href":"https:\/\/goodfundtextile.com\/de\/wp-json\/wp\/v2\/media?parent=1289"}],"curies":[{"name":"wp","href":"https:\/\/api.w.org\/{rel}","templated":true}]}}