{"id":5999,"date":"2025-04-18T09:47:12","date_gmt":"2025-04-18T09:47:12","guid":{"rendered":"https:\/\/goodfundtextile.com\/?page_id=5999"},"modified":"2025-04-29T05:11:48","modified_gmt":"2025-04-29T09:11:48","slug":"jf13072-2p","status":"publish","type":"page","link":"https:\/\/goodfundtextile.com\/de\/goodfund\/sekundarseite-produktmerkmale-2\/jf13072-2p\/","title":{"rendered":"Level 4 page &#8211; Product features &#8211; Details page canvas fabric JF13072-2P"},"content":{"rendered":"<div data-elementor-type=\"wp-post\" data-elementor-id=\"5999\" class=\"elementor elementor-5999\" data-elementor-post-type=\"page\">\n\t\t\t\t<div class=\"elementor-element elementor-element-7596b6b e-flex e-con-boxed e-con e-parent\" data-id=\"7596b6b\" data-element_type=\"container\" data-e-type=\"container\" data-settings=\"{&quot;background_background&quot;:&quot;classic&quot;}\">\n\t\t\t\t\t<div class=\"e-con-inner\">\n\t\t\t\t\t<\/div>\n\t\t\t\t<\/div>\n\t\t<div class=\"elementor-element elementor-element-b4f026c e-flex e-con-boxed e-con e-parent\" data-id=\"b4f026c\" data-element_type=\"container\" data-e-type=\"container\" data-settings=\"{&quot;background_background&quot;:&quot;classic&quot;}\">\n\t\t\t\t\t<div class=\"e-con-inner\">\n\t\t\t\t<div class=\"elementor-element elementor-element-0698e51 elementor-widget elementor-widget-heading\" data-id=\"0698e51\" data-element_type=\"widget\" data-e-type=\"widget\" data-widget_type=\"heading.default\">\n\t\t\t\t<div class=\"elementor-widget-container\">\n\t\t\t\t\t<h2 class=\"elementor-heading-title elementor-size-default\">Entdecken Sie hochwertige Stoffe<\/h2>\t\t\t\t<\/div>\n\t\t\t\t<\/div>\n\t\t\t\t\t<\/div>\n\t\t\t\t<\/div>\n\t\t<div class=\"elementor-element elementor-element-56fa959 e-con-full parent-container elementor-hidden-mobile e-flex e-con e-parent\" data-id=\"56fa959\" data-element_type=\"container\" data-e-type=\"container\" data-settings=\"{&quot;background_background&quot;:&quot;classic&quot;}\">\n\t\t<div class=\"elementor-element elementor-element-f1866cd e-con-full left-container e-flex e-con e-child\" data-id=\"f1866cd\" data-element_type=\"container\" data-e-type=\"container\">\n\t\t\t\t<div class=\"elementor-element elementor-element-ff764c0 elementor-widget elementor-widget-image\" data-id=\"ff764c0\" data-element_type=\"widget\" data-e-type=\"widget\" data-widget_type=\"image.default\">\n\t\t\t\t<div class=\"elementor-widget-container\">\n\t\t\t\t\t\t\t\t\t\t\t\t\t\t\t<img fetchpriority=\"high\" decoding=\"async\" width=\"818\" height=\"1024\" src=\"https:\/\/goodfundtextile.com\/wp-content\/uploads\/2025\/04\/89-818x1024.jpg\" class=\"attachment-large size-large wp-image-6060\" alt=\"\" srcset=\"https:\/\/goodfundtextile.com\/wp-content\/uploads\/2025\/04\/89-818x1024.jpg 818w, https:\/\/goodfundtextile.com\/wp-content\/uploads\/2025\/04\/89-240x300.jpg 240w, https:\/\/goodfundtextile.com\/wp-content\/uploads\/2025\/04\/89-768x961.jpg 768w, https:\/\/goodfundtextile.com\/wp-content\/uploads\/2025\/04\/89-1227x1536.jpg 1227w, https:\/\/goodfundtextile.com\/wp-content\/uploads\/2025\/04\/89-1636x2048.jpg 1636w, https:\/\/goodfundtextile.com\/wp-content\/uploads\/2025\/04\/89-479x600.jpg 479w, https:\/\/goodfundtextile.com\/wp-content\/uploads\/2025\/04\/89-scaled.jpg 2045w\" sizes=\"(max-width: 818px) 100vw, 818px\" \/>\t\t\t\t\t\t\t\t\t\t\t\t\t\t\t<\/div>\n\t\t\t\t<\/div>\n\t\t<div class=\"elementor-element elementor-element-2a36ac6 e-con-full e-flex e-con e-child\" data-id=\"2a36ac6\" data-element_type=\"container\" data-e-type=\"container\">\n\t\t\t\t<div class=\"elementor-element elementor-element-c2d2d1f elementor-widget elementor-widget-ucaddon_image_zoom_magnifier\" data-id=\"c2d2d1f\" data-element_type=\"widget\" data-e-type=\"widget\" data-widget_type=\"ucaddon_image_zoom_magnifier.default\">\n\t\t\t\t<div class=\"elementor-widget-container\">\n\t\t\t\t\t\n<!-- start Image Zoom Magnifier -->\n<style>\/* widget: Image Zoom Magnifier *\/\n\n#uc_image_zoom_magnifier_elementor_c2d2d1f img {\n\t\t\tdisplay: block;\n            width:100%;\n            overflow:hidden;\n}\n\n<\/style>\n\n<div id=\"uc_image_zoom_magnifier_elementor_c2d2d1f\" class=\"image_zoom_magnifier\">\n  <img decoding=\"async\" class=\"exclude-shortpixel\" src=\"https:\/\/goodfundtextile.com\/wp-content\/uploads\/2025\/04\/89-2-scaled.jpg\" alt=\"89-2\">\n<\/div>\n<!-- end Image Zoom Magnifier -->\t\t\t\t<\/div>\n\t\t\t\t<\/div>\n\t\t\t\t<\/div>\n\t\t\t\t<\/div>\n\t\t<div class=\"elementor-element elementor-element-d809003 e-con-full right-container e-flex e-con e-child\" data-id=\"d809003\" data-element_type=\"container\" data-e-type=\"container\">\n\t\t\t\t<div class=\"elementor-element elementor-element-0ff3677 elementor-widget__width-initial elementor-widget-mobile__width-inherit elementor-widget elementor-widget-text-editor\" data-id=\"0ff3677\" data-element_type=\"widget\" data-e-type=\"widget\" data-widget_type=\"text-editor.default\">\n\t\t\t\t<div class=\"elementor-widget-container\">\n\t\t\t\t\t\t\t\t\t<p class=\"break-words\" dir=\"auto\">Dieser 100% Cotton (CTN) Canvas-Stoff wird aus Baumwolle hergestellt, die nat\u00fcrlichen Komfort und robuste, praktische Qualit\u00e4ten mitbringt. Die Baumwollfasern sind weich, atmungsaktiv, hautfreundlich, feuchtigkeitsableitend und f\u00fcr alle Jahreszeiten geeignet, w\u00e4hrend der Canvas mit seiner dichten Webart und ausgezeichneten Abriebfestigkeit ein klassisches Gef\u00fchl vermittelt. Es eignet sich ideal f\u00fcr strapazierf\u00e4hige Taschen, Kleidung oder Einrichtungsgegenst\u00e4nde und bietet die perfekte Kombination aus umweltfreundlicher Einfachheit und langlebiger Qualit\u00e4t.<\/p>\t\t\t\t\t\t\t\t<\/div>\n\t\t\t\t<\/div>\n\t\t\t\t<div class=\"elementor-element elementor-element-cd9b023 elementor-widget elementor-widget-heading\" data-id=\"cd9b023\" data-element_type=\"widget\" data-e-type=\"widget\" data-widget_type=\"heading.default\">\n\t\t\t\t<div class=\"elementor-widget-container\">\n\t\t\t\t\t<h2 class=\"elementor-heading-title elementor-size-default\">Stoff Glamour<\/h2>\t\t\t\t<\/div>\n\t\t\t\t<\/div>\n\t\t\t\t<div class=\"elementor-element elementor-element-935f9b3 elementor-widget elementor-widget-heading\" data-id=\"935f9b3\" data-element_type=\"widget\" data-e-type=\"widget\" data-widget_type=\"heading.default\">\n\t\t\t\t<div class=\"elementor-widget-container\">\n\t\t\t\t\t<h2 class=\"elementor-heading-title elementor-size-default\">Info<\/h2>\t\t\t\t<\/div>\n\t\t\t\t<\/div>\n\t\t\t\t<div class=\"elementor-element elementor-element-83b90c3 elementor-widget elementor-widget-heading\" data-id=\"83b90c3\" data-element_type=\"widget\" data-e-type=\"widget\" data-widget_type=\"heading.default\">\n\t\t\t\t<div class=\"elementor-widget-container\">\n\t\t\t\t\t<h2 class=\"elementor-heading-title elementor-size-default\">Nummer :JF13072-2P<\/h2>\t\t\t\t<\/div>\n\t\t\t\t<\/div>\n\t\t\t\t<div class=\"elementor-element elementor-element-301b50b elementor-widget elementor-widget-heading\" data-id=\"301b50b\" data-element_type=\"widget\" data-e-type=\"widget\" data-widget_type=\"heading.default\">\n\t\t\t\t<div class=\"elementor-widget-container\">\n\t\t\t\t\t<h2 class=\"elementor-heading-title elementor-size-default\">Breite T\u00fcrbreite : 62\/63''<\/h2>\t\t\t\t<\/div>\n\t\t\t\t<\/div>\n\t\t\t\t<div class=\"elementor-element elementor-element-d451a25 elementor-widget elementor-widget-heading\" data-id=\"d451a25\" data-element_type=\"widget\" data-e-type=\"widget\" data-widget_type=\"heading.default\">\n\t\t\t\t<div class=\"elementor-widget-container\">\n\t\t\t\t\t<h2 class=\"elementor-heading-title elementor-size-default\">Gewicht :10.2oz<\/h2>\t\t\t\t<\/div>\n\t\t\t\t<\/div>\n\t\t\t\t<div class=\"elementor-element elementor-element-334dad9 elementor-widget elementor-widget-heading\" data-id=\"334dad9\" data-element_type=\"widget\" data-e-type=\"widget\" data-widget_type=\"heading.default\">\n\t\t\t\t<div class=\"elementor-widget-container\">\n\t\t\t\t\t<h2 class=\"elementor-heading-title elementor-size-default\">Zusammensetzung Zutaten :100%CTN<\/h2>\t\t\t\t<\/div>\n\t\t\t\t<\/div>\n\t\t\t\t<div class=\"elementor-element elementor-element-8bddcee elementor-widget elementor-widget-heading\" data-id=\"8bddcee\" data-element_type=\"widget\" data-e-type=\"widget\" data-widget_type=\"heading.default\">\n\t\t\t\t<div class=\"elementor-widget-container\">\n\t\t\t\t\t<h2 class=\"elementor-heading-title elementor-size-default\"><br><br><br><br><br><br><br><br><br><br>\n\nGoodFundTextile<\/h2>\t\t\t\t<\/div>\n\t\t\t\t<\/div>\n\t\t\t\t<div class=\"elementor-element elementor-element-2a5ceff elementor-widget__width-initial elementor-widget-mobile__width-inherit elementor-mobile-align-center elementor-align-left   elementor-widget elementor-widget-button\" data-id=\"2a5ceff\" data-element_type=\"widget\" data-e-type=\"widget\" data-widget_type=\"button.default\">\n\t\t\t\t<div class=\"elementor-widget-container\">\n\t\t\t\t\t\t\t\t\t<div class=\"elementor-button-wrapper\">\n\t\t\t\t\t<a class=\"elementor-button elementor-button-link elementor-size-lg\" href=\"https:\/\/goodfundtextile.com\/de\/?page_id=1250&#038;preview=true\">\n\t\t\t\t\t\t<span class=\"elementor-button-content-wrapper\">\n\t\t\t\t\t\t\t\t\t<span class=\"elementor-button-text\">Muster Anfrage<\/span>\n\t\t\t\t\t<\/span>\n\t\t\t\t\t<\/a>\n\t\t\t\t<\/div>\n\t\t\t\t\t\t\t\t<\/div>\n\t\t\t\t<\/div>\n\t\t\t\t<\/div>\n\t\t\t\t<\/div>\n\t\t<div class=\"elementor-element elementor-element-5e53bcf e-con-full elementor-hidden-desktop elementor-hidden-tablet e-flex e-con e-parent\" data-id=\"5e53bcf\" data-element_type=\"container\" data-e-type=\"container\">\n\t\t<div class=\"elementor-element elementor-element-f8eaf2b e-con-full elementor-hidden-desktop elementor-hidden-tablet e-flex e-con e-child\" data-id=\"f8eaf2b\" data-element_type=\"container\" data-e-type=\"container\">\n\t\t<div class=\"elementor-element elementor-element-0837dac elementor-hidden-desktop elementor-hidden-tablet e-flex e-con-boxed e-con e-child\" data-id=\"0837dac\" data-element_type=\"container\" data-e-type=\"container\" data-settings=\"{&quot;background_background&quot;:&quot;classic&quot;}\">\n\t\t\t\t\t<div class=\"e-con-inner\">\n\t\t<div class=\"elementor-element elementor-element-d339ce4 e-con-full elementor-hidden-desktop elementor-hidden-tablet e-flex e-con e-child\" data-id=\"d339ce4\" data-element_type=\"container\" data-e-type=\"container\" data-settings=\"{&quot;background_background&quot;:&quot;classic&quot;}\">\n\t\t\t\t<div class=\"elementor-element elementor-element-a31bcbb elementor-widget elementor-widget-image\" data-id=\"a31bcbb\" data-element_type=\"widget\" data-e-type=\"widget\" data-widget_type=\"image.default\">\n\t\t\t\t<div class=\"elementor-widget-container\">\n\t\t\t\t\t\t\t\t\t\t\t\t\t\t\t<img fetchpriority=\"high\" decoding=\"async\" width=\"818\" height=\"1024\" src=\"https:\/\/goodfundtextile.com\/wp-content\/uploads\/2025\/04\/89-818x1024.jpg\" class=\"attachment-large size-large wp-image-6060\" alt=\"\" srcset=\"https:\/\/goodfundtextile.com\/wp-content\/uploads\/2025\/04\/89-818x1024.jpg 818w, https:\/\/goodfundtextile.com\/wp-content\/uploads\/2025\/04\/89-240x300.jpg 240w, https:\/\/goodfundtextile.com\/wp-content\/uploads\/2025\/04\/89-768x961.jpg 768w, https:\/\/goodfundtextile.com\/wp-content\/uploads\/2025\/04\/89-1227x1536.jpg 1227w, https:\/\/goodfundtextile.com\/wp-content\/uploads\/2025\/04\/89-1636x2048.jpg 1636w, https:\/\/goodfundtextile.com\/wp-content\/uploads\/2025\/04\/89-479x600.jpg 479w, https:\/\/goodfundtextile.com\/wp-content\/uploads\/2025\/04\/89-scaled.jpg 2045w\" sizes=\"(max-width: 818px) 100vw, 818px\" \/>\t\t\t\t\t\t\t\t\t\t\t\t\t\t\t<\/div>\n\t\t\t\t<\/div>\n\t\t\t\t<\/div>\n\t\t<div class=\"elementor-element elementor-element-f802fab e-con-full elementor-hidden-desktop elementor-hidden-tablet e-flex e-con e-child\" data-id=\"f802fab\" data-element_type=\"container\" data-e-type=\"container\" data-settings=\"{&quot;background_background&quot;:&quot;classic&quot;}\">\n\t\t\t\t<div class=\"elementor-element elementor-element-444be67 elementor-widget__width-initial elementor-widget-mobile__width-inherit elementor-widget elementor-widget-text-editor\" data-id=\"444be67\" data-element_type=\"widget\" data-e-type=\"widget\" data-widget_type=\"text-editor.default\">\n\t\t\t\t<div class=\"elementor-widget-container\">\n\t\t\t\t\t\t\t\t\t<p class=\"break-words\" dir=\"auto\">Dieser 100% Cotton (CTN) Canvas-Stoff wird aus Baumwolle hergestellt, die nat\u00fcrlichen Komfort und robuste, praktische Qualit\u00e4ten mitbringt. Die Baumwollfasern sind weich, atmungsaktiv, hautfreundlich, feuchtigkeitsableitend und f\u00fcr alle Jahreszeiten geeignet, w\u00e4hrend der Canvas mit seiner dichten Webart und ausgezeichneten Abriebfestigkeit ein klassisches Gef\u00fchl vermittelt. Es eignet sich ideal f\u00fcr strapazierf\u00e4hige Taschen, Kleidung oder Einrichtungsgegenst\u00e4nde und bietet die perfekte Kombination aus umweltfreundlicher Einfachheit und langlebiger Qualit\u00e4t.<\/p>\t\t\t\t\t\t\t\t<\/div>\n\t\t\t\t<\/div>\n\t\t\t\t<\/div>\n\t\t<div class=\"elementor-element elementor-element-4b740df e-con-full elementor-hidden-desktop elementor-hidden-tablet e-flex e-con e-child\" data-id=\"4b740df\" data-element_type=\"container\" data-e-type=\"container\" data-settings=\"{&quot;background_background&quot;:&quot;classic&quot;}\">\n\t\t<div class=\"elementor-element elementor-element-d489f7a e-con-full e-flex e-con e-child\" data-id=\"d489f7a\" data-element_type=\"container\" data-e-type=\"container\">\n\t\t\t\t<div class=\"elementor-element elementor-element-77b39df elementor-widget elementor-widget-ucaddon_image_zoom_magnifier\" data-id=\"77b39df\" data-element_type=\"widget\" data-e-type=\"widget\" data-widget_type=\"ucaddon_image_zoom_magnifier.default\">\n\t\t\t\t<div class=\"elementor-widget-container\">\n\t\t\t\t\t\n<!-- start Image Zoom Magnifier -->\n<style>\/* widget: Image Zoom Magnifier *\/\n\n#uc_image_zoom_magnifier_elementor_77b39df img {\n\t\t\tdisplay: block;\n            width:100%;\n            overflow:hidden;\n}\n\n<\/style>\n\n<div id=\"uc_image_zoom_magnifier_elementor_77b39df\" class=\"image_zoom_magnifier\">\n  <img decoding=\"async\" class=\"exclude-shortpixel\" src=\"https:\/\/goodfundtextile.com\/wp-content\/uploads\/2025\/04\/89-2-scaled.jpg\" alt=\"89-2\">\n<\/div>\n<!-- end Image Zoom Magnifier -->\t\t\t\t<\/div>\n\t\t\t\t<\/div>\n\t\t\t\t<\/div>\n\t\t\t\t<\/div>\n\t\t<div class=\"elementor-element elementor-element-b909b09 e-con-full elementor-hidden-desktop elementor-hidden-tablet e-flex e-con e-child\" data-id=\"b909b09\" data-element_type=\"container\" data-e-type=\"container\" data-settings=\"{&quot;background_background&quot;:&quot;classic&quot;}\">\n\t\t<div class=\"elementor-element elementor-element-f82eaac e-con-full e-flex e-con e-child\" data-id=\"f82eaac\" data-element_type=\"container\" data-e-type=\"container\">\n\t\t\t\t<div class=\"elementor-element elementor-element-ce19f91 elementor-widget elementor-widget-heading\" data-id=\"ce19f91\" data-element_type=\"widget\" data-e-type=\"widget\" data-widget_type=\"heading.default\">\n\t\t\t\t<div class=\"elementor-widget-container\">\n\t\t\t\t\t<h2 class=\"elementor-heading-title elementor-size-default\">Stoff Glamour<\/h2>\t\t\t\t<\/div>\n\t\t\t\t<\/div>\n\t\t\t\t<\/div>\n\t\t<div class=\"elementor-element elementor-element-6caba4b e-con-full e-flex e-con e-child\" data-id=\"6caba4b\" data-element_type=\"container\" data-e-type=\"container\">\n\t\t\t\t<div class=\"elementor-element elementor-element-678c6d8 elementor-widget elementor-widget-heading\" data-id=\"678c6d8\" data-element_type=\"widget\" data-e-type=\"widget\" data-widget_type=\"heading.default\">\n\t\t\t\t<div class=\"elementor-widget-container\">\n\t\t\t\t\t<h2 class=\"elementor-heading-title elementor-size-default\">Info<\/h2>\t\t\t\t<\/div>\n\t\t\t\t<\/div>\n\t\t\t\t<\/div>\n\t\t<div class=\"elementor-element elementor-element-b232617 e-con-full e-flex e-con e-child\" data-id=\"b232617\" data-element_type=\"container\" data-e-type=\"container\">\n\t\t\t\t<div class=\"elementor-element elementor-element-e857e47 elementor-widget elementor-widget-heading\" data-id=\"e857e47\" data-element_type=\"widget\" data-e-type=\"widget\" data-widget_type=\"heading.default\">\n\t\t\t\t<div class=\"elementor-widget-container\">\n\t\t\t\t\t<h2 class=\"elementor-heading-title elementor-size-default\">Nummer : JF13072-2P<br><span style=\"font-size: 17.5104px\">Breite T\u00fcrbreite : 62163\n62163\"<\/span><br><span style=\"font-size: 1.2rem\">Gewicht.<\/span><span style=\"font-size: 17.5104px\">10.2oz<\/span><\/h2>\t\t\t\t<\/div>\n\t\t\t\t<\/div>\n\t\t\t\t<\/div>\n\t\t<div class=\"elementor-element elementor-element-e1d8bb7 e-con-full e-flex e-con e-child\" data-id=\"e1d8bb7\" data-element_type=\"container\" data-e-type=\"container\">\n\t\t\t\t<div class=\"elementor-element elementor-element-aa23614 elementor-widget elementor-widget-heading\" data-id=\"aa23614\" data-element_type=\"widget\" data-e-type=\"widget\" data-widget_type=\"heading.default\">\n\t\t\t\t<div class=\"elementor-widget-container\">\n\t\t\t\t\t<h2 class=\"elementor-heading-title elementor-size-default\">Zusammensetzung :40% Polyester 40% Baumwolle 20% Viskose<\/h2>\t\t\t\t<\/div>\n\t\t\t\t<\/div>\n\t\t\t\t<\/div>\n\t\t\t\t<div class=\"elementor-element elementor-element-a7bf43d elementor-widget__width-initial elementor-widget-mobile__width-inherit elementor-mobile-align-center elementor-align-left   elementor-widget elementor-widget-button\" data-id=\"a7bf43d\" data-element_type=\"widget\" data-e-type=\"widget\" data-widget_type=\"button.default\">\n\t\t\t\t<div class=\"elementor-widget-container\">\n\t\t\t\t\t\t\t\t\t<div class=\"elementor-button-wrapper\">\n\t\t\t\t\t<a class=\"elementor-button elementor-button-link elementor-size-lg\" href=\"https:\/\/goodfundtextile.com\/de\/?page_id=1250&#038;preview=true\">\n\t\t\t\t\t\t<span class=\"elementor-button-content-wrapper\">\n\t\t\t\t\t\t\t\t\t<span class=\"elementor-button-text\">Muster Anfrage<\/span>\n\t\t\t\t\t<\/span>\n\t\t\t\t\t<\/a>\n\t\t\t\t<\/div>\n\t\t\t\t\t\t\t\t<\/div>\n\t\t\t\t<\/div>\n\t\t\t\t<\/div>\n\t\t\t\t\t<\/div>\n\t\t\t\t<\/div>\n\t\t\t\t<\/div>\n\t\t\t\t<\/div>\n\t\t\t\t<\/div>","protected":false},"excerpt":{"rendered":"<p>\u63a2\u7d22\u4f18\u8d28\u9762\u6599 \u8fd9\u6b3e100%\u68c9\uff08CTN\uff09\u5e06 [&hellip;]<\/p>\n","protected":false},"author":2,"featured_media":0,"parent":1286,"menu_order":61,"comment_status":"closed","ping_status":"closed","template":"elementor_header_footer","meta":{"inline_featured_image":false,"site-sidebar-layout":"default","site-content-layout":"","ast-site-content-layout":"default","site-content-style":"default","site-sidebar-style":"default","ast-global-header-display":"","ast-banner-title-visibility":"","ast-main-header-display":"","ast-hfb-above-header-display":"","ast-hfb-below-header-display":"","ast-hfb-mobile-header-display":"","site-post-title":"","ast-breadcrumbs-content":"","ast-featured-img":"","footer-sml-layout":"","theme-transparent-header-meta":"default","adv-header-id-meta":"","stick-header-meta":"","header-above-stick-meta":"","header-main-stick-meta":"","header-below-stick-meta":"","astra-migrate-meta-layouts":"set","ast-page-background-enabled":"default","ast-page-background-meta":{"desktop":{"background-color":"var(--ast-global-color-5)","background-image":"","background-repeat":"repeat","background-position":"center center","background-size":"auto","background-attachment":"scroll","background-type":"","background-media":"","overlay-type":"","overlay-color":"","overlay-opacity":"","overlay-gradient":""},"tablet":{"background-color":"","background-image":"","background-repeat":"repeat","background-position":"center center","background-size":"auto","background-attachment":"scroll","background-type":"","background-media":"","overlay-type":"","overlay-color":"","overlay-opacity":"","overlay-gradient":""},"mobile":{"background-color":"","background-image":"","background-repeat":"repeat","background-position":"center center","background-size":"auto","background-attachment":"scroll","background-type":"","background-media":"","overlay-type":"","overlay-color":"","overlay-opacity":"","overlay-gradient":""}},"ast-content-background-meta":{"desktop":{"background-color":"var(--ast-global-color-4)","background-image":"","background-repeat":"repeat","background-position":"center center","background-size":"auto","background-attachment":"scroll","background-type":"","background-media":"","overlay-type":"","overlay-color":"","overlay-opacity":"","overlay-gradient":""},"tablet":{"background-color":"var(--ast-global-color-4)","background-image":"","background-repeat":"repeat","background-position":"center center","background-size":"auto","background-attachment":"scroll","background-type":"","background-media":"","overlay-type":"","overlay-color":"","overlay-opacity":"","overlay-gradient":""},"mobile":{"background-color":"var(--ast-global-color-4)","background-image":"","background-repeat":"repeat","background-position":"center center","background-size":"auto","background-attachment":"scroll","background-type":"","background-media":"","overlay-type":"","overlay-color":"","overlay-opacity":"","overlay-gradient":""}},"two_page_speed":[],"footnotes":""},"class_list":["post-5999","page","type-page","status-publish","hentry"],"_links":{"self":[{"href":"https:\/\/goodfundtextile.com\/de\/wp-json\/wp\/v2\/pages\/5999","targetHints":{"allow":["GET"]}}],"collection":[{"href":"https:\/\/goodfundtextile.com\/de\/wp-json\/wp\/v2\/pages"}],"about":[{"href":"https:\/\/goodfundtextile.com\/de\/wp-json\/wp\/v2\/types\/page"}],"author":[{"embeddable":true,"href":"https:\/\/goodfundtextile.com\/de\/wp-json\/wp\/v2\/users\/2"}],"replies":[{"embeddable":true,"href":"https:\/\/goodfundtextile.com\/de\/wp-json\/wp\/v2\/comments?post=5999"}],"version-history":[{"count":10,"href":"https:\/\/goodfundtextile.com\/de\/wp-json\/wp\/v2\/pages\/5999\/revisions"}],"predecessor-version":[{"id":7067,"href":"https:\/\/goodfundtextile.com\/de\/wp-json\/wp\/v2\/pages\/5999\/revisions\/7067"}],"up":[{"embeddable":true,"href":"https:\/\/goodfundtextile.com\/de\/wp-json\/wp\/v2\/pages\/1286"}],"wp:attachment":[{"href":"https:\/\/goodfundtextile.com\/de\/wp-json\/wp\/v2\/media?parent=5999"}],"curies":[{"name":"wp","href":"https:\/\/api.w.org\/{rel}","templated":true}]}}