{"id":7665,"date":"2025-05-06T05:06:14","date_gmt":"2025-05-06T09:06:14","guid":{"rendered":"https:\/\/goodfundtextile.com\/?page_id=7665"},"modified":"2025-05-16T22:11:21","modified_gmt":"2025-05-17T02:11:21","slug":"pagina-secundaria-noticias-eventos-quienes-somos","status":"publish","type":"page","link":"https:\/\/goodfundtextile.com\/es\/goodfund\/pagina-secundaria-noticias-eventos-quienes-somos\/","title":{"rendered":"Secondary Page &#8211; News Events  about Us 2"},"content":{"rendered":"<div data-elementor-type=\"wp-post\" data-elementor-id=\"7665\" class=\"elementor elementor-7665\" data-elementor-post-type=\"page\">\n\t\t\t\t<div class=\"elementor-element elementor-element-rAnr560E e-con-full   e-flex e-con e-parent\" data-id=\"rAnr560E\" data-element_type=\"container\" data-e-type=\"container\" data-settings=\"{&quot;background_background&quot;:&quot;classic&quot;}\">\n\t\t<div class=\"elementor-element elementor-element-a7QddPyj   e-con-full e-flex e-con e-child\" data-id=\"a7QddPyj\" data-element_type=\"container\" data-e-type=\"container\" data-settings=\"{&quot;background_background&quot;:&quot;classic&quot;}\">\n\t\t<div class=\"elementor-element elementor-element-p8FZhqCb e-con-full   e-flex e-con e-child\" data-id=\"p8FZhqCb\" data-element_type=\"container\" data-e-type=\"container\" data-settings=\"{&quot;background_background&quot;:&quot;classic&quot;}\">\n\t\t\t\t<\/div>\n\t\t<div class=\"elementor-element elementor-element-n7eAr6xd e-con-full   e-flex e-con e-child\" data-id=\"n7eAr6xd\" data-element_type=\"container\" data-e-type=\"container\">\n\t\t\t\t<\/div>\n\t\t\t\t<\/div>\n\t\t\t\t<\/div>\n\t\t<div class=\"elementor-element elementor-element-1480d74 e-con-full e-flex e-con e-parent\" data-id=\"1480d74\" data-element_type=\"container\" data-e-type=\"container\" data-settings=\"{&quot;background_background&quot;:&quot;classic&quot;}\">\n\t\t<div class=\"elementor-element elementor-element-9815df9 e-con-full e-flex e-con e-child\" data-id=\"9815df9\" data-element_type=\"container\" data-e-type=\"container\">\n\t\t\t\t<\/div>\n\t\t<div class=\"elementor-element elementor-element-9faf020 e-con-full e-flex e-con e-child\" data-id=\"9faf020\" data-element_type=\"container\" data-e-type=\"container\">\n\t\t\t\t<div class=\"elementor-element elementor-element-fa72b8a elementor-widget__width-inherit elementor-widget-mobile__width-inherit   elementor-widget elementor-widget-heading\" data-id=\"fa72b8a\" data-element_type=\"widget\" data-e-type=\"widget\" data-widget_type=\"heading.default\">\n\t\t\t\t<div class=\"elementor-widget-container\">\n\t\t\t\t\t<div class=\"elementor-heading-title elementor-size-default\">Cualificaci\u00f3n de Jifeng Dyeing &amp; Weaving<\/div>\t\t\t\t<\/div>\n\t\t\t\t<\/div>\n\t\t\t\t<\/div>\n\t\t\t\t<\/div>\n\t\t<div class=\"elementor-element elementor-element-FwaBQoEm e-con-full   e-flex e-con e-parent\" data-id=\"FwaBQoEm\" data-element_type=\"container\" data-e-type=\"container\">\n\t\t<div class=\"elementor-element elementor-element-iMnvS10j   e-flex e-con-boxed e-con e-child\" data-id=\"iMnvS10j\" data-element_type=\"container\" data-e-type=\"container\" data-settings=\"{&quot;background_background&quot;:&quot;classic&quot;}\">\n\t\t\t\t\t<div class=\"e-con-inner\">\n\t\t\t\t<div class=\"elementor-element elementor-element-lXdXLgVw elementor-widget__width-inherit elementor-widget-mobile__width-inherit   elementor-widget elementor-widget-text-editor\" data-id=\"lXdXLgVw\" data-element_type=\"widget\" data-e-type=\"widget\" data-widget_type=\"text-editor.default\">\n\t\t\t\t<div class=\"elementor-widget-container\">\n\t\t\t\t\t\t\t\t\t<p dir=\"auto\">La actividad de JF Dyeing &amp; Textile abarca la producci\u00f3n de tejidos de calada, tintura y acabado, y g\u00e9neros de punto, al tiempo que se centra en la gesti\u00f3n de la salud y la seguridad en el trabajo relacionadas, demostrando una competencia profesional sobresaliente. La empresa ha destacado especialmente en el \u00e1mbito de la sostenibilidad y ha obtenido varias certificaciones internacionales, lo que demuestra plenamente su firme compromiso con la protecci\u00f3n del medio ambiente y la responsabilidad social. El 1 de septiembre y el 14 de octubre de 2023, la empresa complet\u00f3 con \u00e9xito el m\u00f3dulo de autoevaluaci\u00f3n y validaci\u00f3n del \u00cdndice Higg de la Sustainable Apparel Coalition (SAC), lo que subraya su posici\u00f3n de liderazgo en pr\u00e1cticas sostenibles. Adem\u00e1s, una auditor\u00eda independiente realizada por INDITEX en mayo de 2023 confirm\u00f3 el cumplimiento de la empresa con la norma Green To Wear 2.1, lo que le vali\u00f3 una calificaci\u00f3n \"B\" y una calificaci\u00f3n CFW Excelente. Adem\u00e1s, la empresa cuenta con los certificados OEKO-TEX\u00ae STANDARD 100 y OEKO-TEX\u00ae STeP que cubren el te\u00f1ido, el acabado y el procesamiento de una amplia gama de tejidos, incluidos el algod\u00f3n y el poli\u00e9ster, para garantizar que sus productos cumplen las estrictas normas ecol\u00f3gicas y sanitarias. La empresa tambi\u00e9n ha superado el Global Organic Textile Standard (GOTS, Certificado n\u00ba CU 1005823-GOTS-2023-00068944) y el Global Recycling Standard (GRS, Certificado n\u00ba CU 1005823-MUL-2023-00068945), que certifican que su uso de materiales org\u00e1nicos y reciclados cumple las normas internacionales, y que promueve activamente la econom\u00eda circular. La empresa tambi\u00e9n cuenta con las certificaciones ISO 9001 e ISO\/TS16001. Al mismo tiempo, la empresa cuenta con las certificaciones ISO 9001:2015, ISO 14001:2015 e ISO 45001:2018, lo que demuestra su amplia normalizaci\u00f3n y excelencia en la gesti\u00f3n de la calidad, el medio ambiente y la salud laboral.<\/p>\n<p dir=\"auto\">En t\u00e9rminos de responsabilidad social, los resultados de la empresa son especialmente impresionantes, ya que cumple los requisitos de la ZDHC MRSL 2.0 (Lista de sustancias qu\u00edmicas peligrosas con vertido cero) y supera la evaluaci\u00f3n del \u00cdndice Higg de la SAC, con una gran atenci\u00f3n a los derechos laborales y la protecci\u00f3n del medio ambiente.El informe de auditor\u00eda de INDITEX destac\u00f3 la respuesta proactiva de la empresa al brote de COVID-19, su compromiso de prestar pleno apoyo a sus clientes y su empe\u00f1o en garantizar la estabilidad y resistencia de la estabilidad y resistencia de la cadena de suministro.<\/p>\n<p dir=\"auto\">Con excelencia en sostenibilidad, calidad de producto y responsabilidad social, JF Dyeing &amp; Textile se ha convertido en un socio de confianza en la industria textil. Sus numerosas certificaciones internacionales demuestran su profundo compromiso con la protecci\u00f3n del medio ambiente y la salud, al tiempo que mantiene altos est\u00e1ndares en la gesti\u00f3n de la calidad y la seguridad laboral, sentando unas bases s\u00f3lidas para un crecimiento con un potencial de futuro ilimitado.<\/p>\t\t\t\t\t\t\t\t<\/div>\n\t\t\t\t<\/div>\n\t\t\t\t<div class=\"elementor-element elementor-element-f972406 elementor-widget__width-inherit elementor-widget-mobile__width-inherit   elementor-widget elementor-widget-image\" data-id=\"f972406\" data-element_type=\"widget\" data-e-type=\"widget\" data-widget_type=\"image.default\">\n\t\t\t\t<div class=\"elementor-widget-container\">\n\t\t\t\t\t\t\t\t\t\t\t\t\t\t\t<img fetchpriority=\"high\" decoding=\"async\" width=\"1280\" height=\"1812\" src=\"https:\/\/goodfundtextile.com\/wp-content\/uploads\/2025\/05\/1.jpg\" class=\"attachment-full size-full wp-image-7667\" alt=\"\" srcset=\"https:\/\/goodfundtextile.com\/wp-content\/uploads\/2025\/05\/1.jpg 1280w, https:\/\/goodfundtextile.com\/wp-content\/uploads\/2025\/05\/1-212x300.jpg 212w, https:\/\/goodfundtextile.com\/wp-content\/uploads\/2025\/05\/1-723x1024.jpg 723w, https:\/\/goodfundtextile.com\/wp-content\/uploads\/2025\/05\/1-768x1087.jpg 768w, https:\/\/goodfundtextile.com\/wp-content\/uploads\/2025\/05\/1-1085x1536.jpg 1085w, https:\/\/goodfundtextile.com\/wp-content\/uploads\/2025\/05\/1-8x12.jpg 8w, https:\/\/goodfundtextile.com\/wp-content\/uploads\/2025\/05\/1-424x600.jpg 424w\" sizes=\"(max-width: 1280px) 100vw, 1280px\" \/>\t\t\t\t\t\t\t\t\t\t\t\t\t\t\t<\/div>\n\t\t\t\t<\/div>\n\t\t\t\t<div class=\"elementor-element elementor-element-44e547c elementor-widget__width-inherit elementor-widget-mobile__width-inherit   elementor-widget elementor-widget-image\" data-id=\"44e547c\" data-element_type=\"widget\" data-e-type=\"widget\" data-widget_type=\"image.default\">\n\t\t\t\t<div class=\"elementor-widget-container\">\n\t\t\t\t\t\t\t\t\t\t\t\t\t\t\t\t<a href=\"#1gixaHIy\">\n\t\t\t\t\t\t\t<img decoding=\"async\" width=\"1653\" height=\"2321\" src=\"https:\/\/goodfundtextile.com\/wp-content\/uploads\/2025\/05\/12.jpg\" class=\"attachment-full size-full wp-image-7679\" alt=\"\" srcset=\"https:\/\/goodfundtextile.com\/wp-content\/uploads\/2025\/05\/12.jpg 1653w, https:\/\/goodfundtextile.com\/wp-content\/uploads\/2025\/05\/12-214x300.jpg 214w, https:\/\/goodfundtextile.com\/wp-content\/uploads\/2025\/05\/12-729x1024.jpg 729w, https:\/\/goodfundtextile.com\/wp-content\/uploads\/2025\/05\/12-768x1078.jpg 768w, https:\/\/goodfundtextile.com\/wp-content\/uploads\/2025\/05\/12-1094x1536.jpg 1094w, https:\/\/goodfundtextile.com\/wp-content\/uploads\/2025\/05\/12-1459x2048.jpg 1459w, https:\/\/goodfundtextile.com\/wp-content\/uploads\/2025\/05\/12-9x12.jpg 9w, https:\/\/goodfundtextile.com\/wp-content\/uploads\/2025\/05\/12-427x600.jpg 427w\" sizes=\"(max-width: 1653px) 100vw, 1653px\" \/>\t\t\t\t\t\t\t\t<\/a>\n\t\t\t\t\t\t\t\t\t\t\t\t\t\t\t<\/div>\n\t\t\t\t<\/div>\n\t\t\t\t<div class=\"elementor-element elementor-element-a97f558 elementor-widget__width-inherit elementor-widget-mobile__width-inherit   elementor-widget elementor-widget-image\" data-id=\"a97f558\" data-element_type=\"widget\" data-e-type=\"widget\" data-widget_type=\"image.default\">\n\t\t\t\t<div class=\"elementor-widget-container\">\n\t\t\t\t\t\t\t\t\t\t\t\t\t\t\t<img decoding=\"async\" width=\"1280\" height=\"720\" src=\"https:\/\/goodfundtextile.com\/wp-content\/uploads\/2025\/05\/4.jpg\" class=\"attachment-full size-full wp-image-7670\" alt=\"\" srcset=\"https:\/\/goodfundtextile.com\/wp-content\/uploads\/2025\/05\/4.jpg 1280w, https:\/\/goodfundtextile.com\/wp-content\/uploads\/2025\/05\/4-300x169.jpg 300w, https:\/\/goodfundtextile.com\/wp-content\/uploads\/2025\/05\/4-1024x576.jpg 1024w, https:\/\/goodfundtextile.com\/wp-content\/uploads\/2025\/05\/4-768x432.jpg 768w, https:\/\/goodfundtextile.com\/wp-content\/uploads\/2025\/05\/4-18x10.jpg 18w, https:\/\/goodfundtextile.com\/wp-content\/uploads\/2025\/05\/4-600x338.jpg 600w\" sizes=\"(max-width: 1280px) 100vw, 1280px\" \/>\t\t\t\t\t\t\t\t\t\t\t\t\t\t\t<\/div>\n\t\t\t\t<\/div>\n\t\t\t\t<div class=\"elementor-element elementor-element-b5d6c2f elementor-widget__width-inherit elementor-widget-mobile__width-inherit   elementor-widget elementor-widget-image\" data-id=\"b5d6c2f\" data-element_type=\"widget\" data-e-type=\"widget\" data-widget_type=\"image.default\">\n\t\t\t\t<div class=\"elementor-widget-container\">\n\t\t\t\t\t\t\t\t\t\t\t\t\t\t\t<img loading=\"lazy\" decoding=\"async\" width=\"1280\" height=\"720\" src=\"https:\/\/goodfundtextile.com\/wp-content\/uploads\/2025\/05\/3.jpg\" class=\"attachment-full size-full wp-image-7669\" alt=\"\" srcset=\"https:\/\/goodfundtextile.com\/wp-content\/uploads\/2025\/05\/3.jpg 1280w, https:\/\/goodfundtextile.com\/wp-content\/uploads\/2025\/05\/3-300x169.jpg 300w, https:\/\/goodfundtextile.com\/wp-content\/uploads\/2025\/05\/3-1024x576.jpg 1024w, https:\/\/goodfundtextile.com\/wp-content\/uploads\/2025\/05\/3-768x432.jpg 768w, https:\/\/goodfundtextile.com\/wp-content\/uploads\/2025\/05\/3-18x10.jpg 18w, https:\/\/goodfundtextile.com\/wp-content\/uploads\/2025\/05\/3-600x338.jpg 600w\" sizes=\"(max-width: 1280px) 100vw, 1280px\" \/>\t\t\t\t\t\t\t\t\t\t\t\t\t\t\t<\/div>\n\t\t\t\t<\/div>\n\t\t\t\t<div class=\"elementor-element elementor-element-d724e5d elementor-widget__width-inherit elementor-widget-mobile__width-inherit   elementor-widget elementor-widget-image\" data-id=\"d724e5d\" data-element_type=\"widget\" data-e-type=\"widget\" data-widget_type=\"image.default\">\n\t\t\t\t<div class=\"elementor-widget-container\">\n\t\t\t\t\t\t\t\t\t\t\t\t\t\t\t<img loading=\"lazy\" decoding=\"async\" width=\"1635\" height=\"2298\" src=\"https:\/\/goodfundtextile.com\/wp-content\/uploads\/2025\/05\/5-2.jpg\" class=\"attachment-full size-full wp-image-7729\" alt=\"\" srcset=\"https:\/\/goodfundtextile.com\/wp-content\/uploads\/2025\/05\/5-2.jpg 1635w, https:\/\/goodfundtextile.com\/wp-content\/uploads\/2025\/05\/5-2-213x300.jpg 213w, https:\/\/goodfundtextile.com\/wp-content\/uploads\/2025\/05\/5-2-729x1024.jpg 729w, https:\/\/goodfundtextile.com\/wp-content\/uploads\/2025\/05\/5-2-768x1079.jpg 768w, https:\/\/goodfundtextile.com\/wp-content\/uploads\/2025\/05\/5-2-1093x1536.jpg 1093w, https:\/\/goodfundtextile.com\/wp-content\/uploads\/2025\/05\/5-2-1457x2048.jpg 1457w, https:\/\/goodfundtextile.com\/wp-content\/uploads\/2025\/05\/5-2-9x12.jpg 9w, https:\/\/goodfundtextile.com\/wp-content\/uploads\/2025\/05\/5-2-427x600.jpg 427w\" sizes=\"(max-width: 1635px) 100vw, 1635px\" \/>\t\t\t\t\t\t\t\t\t\t\t\t\t\t\t<\/div>\n\t\t\t\t<\/div>\n\t\t\t\t<div class=\"elementor-element elementor-element-8e9744c elementor-widget__width-inherit elementor-widget-mobile__width-inherit   elementor-widget elementor-widget-image\" data-id=\"8e9744c\" data-element_type=\"widget\" data-e-type=\"widget\" data-widget_type=\"image.default\">\n\t\t\t\t<div class=\"elementor-widget-container\">\n\t\t\t\t\t\t\t\t\t\t\t\t\t\t\t<img loading=\"lazy\" decoding=\"async\" width=\"1653\" height=\"2317\" src=\"https:\/\/goodfundtextile.com\/wp-content\/uploads\/2025\/05\/6-1.jpg\" class=\"attachment-full size-full wp-image-7681\" alt=\"\" srcset=\"https:\/\/goodfundtextile.com\/wp-content\/uploads\/2025\/05\/6-1.jpg 1653w, https:\/\/goodfundtextile.com\/wp-content\/uploads\/2025\/05\/6-1-214x300.jpg 214w, https:\/\/goodfundtextile.com\/wp-content\/uploads\/2025\/05\/6-1-731x1024.jpg 731w, https:\/\/goodfundtextile.com\/wp-content\/uploads\/2025\/05\/6-1-768x1077.jpg 768w, https:\/\/goodfundtextile.com\/wp-content\/uploads\/2025\/05\/6-1-1096x1536.jpg 1096w, https:\/\/goodfundtextile.com\/wp-content\/uploads\/2025\/05\/6-1-1461x2048.jpg 1461w, https:\/\/goodfundtextile.com\/wp-content\/uploads\/2025\/05\/6-1-9x12.jpg 9w, https:\/\/goodfundtextile.com\/wp-content\/uploads\/2025\/05\/6-1-428x600.jpg 428w\" sizes=\"(max-width: 1653px) 100vw, 1653px\" \/>\t\t\t\t\t\t\t\t\t\t\t\t\t\t\t<\/div>\n\t\t\t\t<\/div>\n\t\t\t\t<div class=\"elementor-element elementor-element-1bce157 elementor-widget__width-inherit elementor-widget-mobile__width-inherit   elementor-widget elementor-widget-image\" data-id=\"1bce157\" data-element_type=\"widget\" data-e-type=\"widget\" data-widget_type=\"image.default\">\n\t\t\t\t<div class=\"elementor-widget-container\">\n\t\t\t\t\t\t\t\t\t\t\t\t\t\t\t<img loading=\"lazy\" decoding=\"async\" width=\"1653\" height=\"2321\" src=\"https:\/\/goodfundtextile.com\/wp-content\/uploads\/2025\/05\/7.jpg\" class=\"attachment-full size-full wp-image-7674\" alt=\"\" srcset=\"https:\/\/goodfundtextile.com\/wp-content\/uploads\/2025\/05\/7.jpg 1653w, https:\/\/goodfundtextile.com\/wp-content\/uploads\/2025\/05\/7-214x300.jpg 214w, https:\/\/goodfundtextile.com\/wp-content\/uploads\/2025\/05\/7-729x1024.jpg 729w, https:\/\/goodfundtextile.com\/wp-content\/uploads\/2025\/05\/7-768x1078.jpg 768w, https:\/\/goodfundtextile.com\/wp-content\/uploads\/2025\/05\/7-1094x1536.jpg 1094w, https:\/\/goodfundtextile.com\/wp-content\/uploads\/2025\/05\/7-1459x2048.jpg 1459w, https:\/\/goodfundtextile.com\/wp-content\/uploads\/2025\/05\/7-9x12.jpg 9w, https:\/\/goodfundtextile.com\/wp-content\/uploads\/2025\/05\/7-427x600.jpg 427w\" sizes=\"(max-width: 1653px) 100vw, 1653px\" \/>\t\t\t\t\t\t\t\t\t\t\t\t\t\t\t<\/div>\n\t\t\t\t<\/div>\n\t\t\t\t<div class=\"elementor-element elementor-element-bf3d420 elementor-widget__width-inherit elementor-widget-mobile__width-inherit   elementor-widget elementor-widget-image\" data-id=\"bf3d420\" data-element_type=\"widget\" data-e-type=\"widget\" data-widget_type=\"image.default\">\n\t\t\t\t<div class=\"elementor-widget-container\">\n\t\t\t\t\t\t\t\t\t\t\t\t\t\t\t<img loading=\"lazy\" decoding=\"async\" width=\"1653\" height=\"2321\" src=\"https:\/\/goodfundtextile.com\/wp-content\/uploads\/2025\/05\/8.jpg\" class=\"attachment-full size-full wp-image-7675\" alt=\"\" srcset=\"https:\/\/goodfundtextile.com\/wp-content\/uploads\/2025\/05\/8.jpg 1653w, https:\/\/goodfundtextile.com\/wp-content\/uploads\/2025\/05\/8-214x300.jpg 214w, https:\/\/goodfundtextile.com\/wp-content\/uploads\/2025\/05\/8-729x1024.jpg 729w, https:\/\/goodfundtextile.com\/wp-content\/uploads\/2025\/05\/8-768x1078.jpg 768w, https:\/\/goodfundtextile.com\/wp-content\/uploads\/2025\/05\/8-1094x1536.jpg 1094w, https:\/\/goodfundtextile.com\/wp-content\/uploads\/2025\/05\/8-1459x2048.jpg 1459w, https:\/\/goodfundtextile.com\/wp-content\/uploads\/2025\/05\/8-9x12.jpg 9w, https:\/\/goodfundtextile.com\/wp-content\/uploads\/2025\/05\/8-427x600.jpg 427w\" sizes=\"(max-width: 1653px) 100vw, 1653px\" \/>\t\t\t\t\t\t\t\t\t\t\t\t\t\t\t<\/div>\n\t\t\t\t<\/div>\n\t\t\t\t<div class=\"elementor-element elementor-element-2f69bad elementor-widget__width-inherit elementor-widget-mobile__width-inherit   elementor-widget elementor-widget-image\" data-id=\"2f69bad\" data-element_type=\"widget\" data-e-type=\"widget\" data-widget_type=\"image.default\">\n\t\t\t\t<div class=\"elementor-widget-container\">\n\t\t\t\t\t\t\t\t\t\t\t\t\t\t\t<img loading=\"lazy\" decoding=\"async\" width=\"1653\" height=\"2321\" src=\"https:\/\/goodfundtextile.com\/wp-content\/uploads\/2025\/05\/8.jpg\" class=\"attachment-full size-full wp-image-7675\" alt=\"\" srcset=\"https:\/\/goodfundtextile.com\/wp-content\/uploads\/2025\/05\/8.jpg 1653w, https:\/\/goodfundtextile.com\/wp-content\/uploads\/2025\/05\/8-214x300.jpg 214w, https:\/\/goodfundtextile.com\/wp-content\/uploads\/2025\/05\/8-729x1024.jpg 729w, https:\/\/goodfundtextile.com\/wp-content\/uploads\/2025\/05\/8-768x1078.jpg 768w, https:\/\/goodfundtextile.com\/wp-content\/uploads\/2025\/05\/8-1094x1536.jpg 1094w, https:\/\/goodfundtextile.com\/wp-content\/uploads\/2025\/05\/8-1459x2048.jpg 1459w, https:\/\/goodfundtextile.com\/wp-content\/uploads\/2025\/05\/8-9x12.jpg 9w, https:\/\/goodfundtextile.com\/wp-content\/uploads\/2025\/05\/8-427x600.jpg 427w\" sizes=\"(max-width: 1653px) 100vw, 1653px\" \/>\t\t\t\t\t\t\t\t\t\t\t\t\t\t\t<\/div>\n\t\t\t\t<\/div>\n\t\t\t\t<div class=\"elementor-element elementor-element-1e7dea6 elementor-widget__width-inherit elementor-widget-mobile__width-inherit   elementor-widget elementor-widget-image\" data-id=\"1e7dea6\" data-element_type=\"widget\" data-e-type=\"widget\" data-widget_type=\"image.default\">\n\t\t\t\t<div class=\"elementor-widget-container\">\n\t\t\t\t\t\t\t\t\t\t\t\t\t\t\t<img loading=\"lazy\" decoding=\"async\" width=\"1653\" height=\"2321\" src=\"https:\/\/goodfundtextile.com\/wp-content\/uploads\/2025\/05\/9.jpg\" class=\"attachment-full size-full wp-image-7676\" alt=\"\" srcset=\"https:\/\/goodfundtextile.com\/wp-content\/uploads\/2025\/05\/9.jpg 1653w, https:\/\/goodfundtextile.com\/wp-content\/uploads\/2025\/05\/9-214x300.jpg 214w, https:\/\/goodfundtextile.com\/wp-content\/uploads\/2025\/05\/9-729x1024.jpg 729w, https:\/\/goodfundtextile.com\/wp-content\/uploads\/2025\/05\/9-768x1078.jpg 768w, https:\/\/goodfundtextile.com\/wp-content\/uploads\/2025\/05\/9-1094x1536.jpg 1094w, https:\/\/goodfundtextile.com\/wp-content\/uploads\/2025\/05\/9-1459x2048.jpg 1459w, https:\/\/goodfundtextile.com\/wp-content\/uploads\/2025\/05\/9-9x12.jpg 9w, https:\/\/goodfundtextile.com\/wp-content\/uploads\/2025\/05\/9-427x600.jpg 427w\" sizes=\"(max-width: 1653px) 100vw, 1653px\" \/>\t\t\t\t\t\t\t\t\t\t\t\t\t\t\t<\/div>\n\t\t\t\t<\/div>\n\t\t\t\t<div class=\"elementor-element elementor-element-3e91836 elementor-widget__width-inherit elementor-widget-mobile__width-inherit   elementor-widget elementor-widget-image\" data-id=\"3e91836\" data-element_type=\"widget\" data-e-type=\"widget\" data-widget_type=\"image.default\">\n\t\t\t\t<div class=\"elementor-widget-container\">\n\t\t\t\t\t\t\t\t\t\t\t\t\t\t\t<img loading=\"lazy\" decoding=\"async\" width=\"1280\" height=\"1812\" src=\"https:\/\/goodfundtextile.com\/wp-content\/uploads\/2025\/05\/13.jpg\" class=\"attachment-full size-full wp-image-8161\" alt=\"\" srcset=\"https:\/\/goodfundtextile.com\/wp-content\/uploads\/2025\/05\/13.jpg 1280w, https:\/\/goodfundtextile.com\/wp-content\/uploads\/2025\/05\/13-212x300.jpg 212w, https:\/\/goodfundtextile.com\/wp-content\/uploads\/2025\/05\/13-723x1024.jpg 723w, https:\/\/goodfundtextile.com\/wp-content\/uploads\/2025\/05\/13-768x1087.jpg 768w, https:\/\/goodfundtextile.com\/wp-content\/uploads\/2025\/05\/13-1085x1536.jpg 1085w, https:\/\/goodfundtextile.com\/wp-content\/uploads\/2025\/05\/13-8x12.jpg 8w, https:\/\/goodfundtextile.com\/wp-content\/uploads\/2025\/05\/13-424x600.jpg 424w\" sizes=\"(max-width: 1280px) 100vw, 1280px\" \/>\t\t\t\t\t\t\t\t\t\t\t\t\t\t\t<\/div>\n\t\t\t\t<\/div>\n\t\t\t\t<div class=\"elementor-element elementor-element-8X6VgX13 elementor-widget__width-inherit elementor-widget-mobile__width-inherit   elementor-widget elementor-widget-heading\" data-id=\"8X6VgX13\" data-element_type=\"widget\" data-e-type=\"widget\" data-widget_type=\"heading.default\">\n\t\t\t\t<div class=\"elementor-widget-container\">\n\t\t\t\t\t<div class=\"elementor-heading-title elementor-size-default\">M\u00e1s destacados<\/div>\t\t\t\t<\/div>\n\t\t\t\t<\/div>\n\t\t\t\t\t<\/div>\n\t\t\t\t<\/div>\n\t\t\t\t<\/div>\n\t\t\t\t<\/div>","protected":false},"excerpt":{"rendered":"<p>\u6781\u4e30\u67d3\u7ec7 \u4f01\u4e1a\u8d44\u8d28 \u6781\u4e30\u67d3\u7eba\u7ec7\u4e1a\u52a1\u6db5\u76d6\u68ad [&hellip;]<\/p>\n","protected":false},"author":2,"featured_media":0,"parent":650,"menu_order":0,"comment_status":"closed","ping_status":"closed","template":"elementor_header_footer","meta":{"inline_featured_image":false,"site-sidebar-layout":"default","site-content-layout":"","ast-site-content-layout":"default","site-content-style":"default","site-sidebar-style":"default","ast-global-header-display":"","ast-banner-title-visibility":"","ast-main-header-display":"","ast-hfb-above-header-display":"","ast-hfb-below-header-display":"","ast-hfb-mobile-header-display":"","site-post-title":"","ast-breadcrumbs-content":"","ast-featured-img":"","footer-sml-layout":"","theme-transparent-header-meta":"default","adv-header-id-meta":"","stick-header-meta":"","header-above-stick-meta":"","header-main-stick-meta":"","header-below-stick-meta":"","astra-migrate-meta-layouts":"set","ast-page-background-enabled":"default","ast-page-background-meta":{"desktop":{"background-color":"var(--ast-global-color-5)","background-image":"","background-repeat":"repeat","background-position":"center center","background-size":"auto","background-attachment":"scroll","background-type":"","background-media":"","overlay-type":"","overlay-color":"","overlay-opacity":"","overlay-gradient":""},"tablet":{"background-color":"","background-image":"","background-repeat":"repeat","background-position":"center center","background-size":"auto","background-attachment":"scroll","background-type":"","background-media":"","overlay-type":"","overlay-color":"","overlay-opacity":"","overlay-gradient":""},"mobile":{"background-color":"","background-image":"","background-repeat":"repeat","background-position":"center center","background-size":"auto","background-attachment":"scroll","background-type":"","background-media":"","overlay-type":"","overlay-color":"","overlay-opacity":"","overlay-gradient":""}},"ast-content-background-meta":{"desktop":{"background-color":"var(--ast-global-color-4)","background-image":"","background-repeat":"repeat","background-position":"center center","background-size":"auto","background-attachment":"scroll","background-type":"","background-media":"","overlay-type":"","overlay-color":"","overlay-opacity":"","overlay-gradient":""},"tablet":{"background-color":"var(--ast-global-color-4)","background-image":"","background-repeat":"repeat","background-position":"center center","background-size":"auto","background-attachment":"scroll","background-type":"","background-media":"","overlay-type":"","overlay-color":"","overlay-opacity":"","overlay-gradient":""},"mobile":{"background-color":"var(--ast-global-color-4)","background-image":"","background-repeat":"repeat","background-position":"center center","background-size":"auto","background-attachment":"scroll","background-type":"","background-media":"","overlay-type":"","overlay-color":"","overlay-opacity":"","overlay-gradient":""}},"two_page_speed":[],"footnotes":""},"class_list":["post-7665","page","type-page","status-publish","hentry"],"_links":{"self":[{"href":"https:\/\/goodfundtextile.com\/es\/wp-json\/wp\/v2\/pages\/7665","targetHints":{"allow":["GET"]}}],"collection":[{"href":"https:\/\/goodfundtextile.com\/es\/wp-json\/wp\/v2\/pages"}],"about":[{"href":"https:\/\/goodfundtextile.com\/es\/wp-json\/wp\/v2\/types\/page"}],"author":[{"embeddable":true,"href":"https:\/\/goodfundtextile.com\/es\/wp-json\/wp\/v2\/users\/2"}],"replies":[{"embeddable":true,"href":"https:\/\/goodfundtextile.com\/es\/wp-json\/wp\/v2\/comments?post=7665"}],"version-history":[{"count":21,"href":"https:\/\/goodfundtextile.com\/es\/wp-json\/wp\/v2\/pages\/7665\/revisions"}],"predecessor-version":[{"id":8207,"href":"https:\/\/goodfundtextile.com\/es\/wp-json\/wp\/v2\/pages\/7665\/revisions\/8207"}],"up":[{"embeddable":true,"href":"https:\/\/goodfundtextile.com\/es\/wp-json\/wp\/v2\/pages\/650"}],"wp:attachment":[{"href":"https:\/\/goodfundtextile.com\/es\/wp-json\/wp\/v2\/media?parent=7665"}],"curies":[{"name":"wp","href":"https:\/\/api.w.org\/{rel}","templated":true}]}}