{"id":4224,"date":"2025-04-10T02:06:18","date_gmt":"2025-04-10T02:06:18","guid":{"rendered":"https:\/\/goodfundtextile.com\/?page_id=4224"},"modified":"2025-04-29T03:25:43","modified_gmt":"2025-04-29T07:25:43","slug":"jfn845","status":"publish","type":"page","link":"https:\/\/goodfundtextile.com\/fr\/fonds-de-bienfaisance\/page-secondaire-caracteristiques-du-produit-2\/jfn845\/","title":{"rendered":"Level 4 page &#8211; Product features &#8211; Details page denim fabric JFN845"},"content":{"rendered":"<div data-elementor-type=\"wp-post\" data-elementor-id=\"4224\" class=\"elementor elementor-4224\" data-elementor-post-type=\"page\">\n\t\t\t\t<div class=\"elementor-element elementor-element-7596b6b e-flex e-con-boxed e-con e-parent\" data-id=\"7596b6b\" data-element_type=\"container\" data-e-type=\"container\" data-settings=\"{&quot;background_background&quot;:&quot;classic&quot;}\">\n\t\t\t\t\t<div class=\"e-con-inner\">\n\t\t\t\t\t<\/div>\n\t\t\t\t<\/div>\n\t\t<div class=\"elementor-element elementor-element-b4f026c e-flex e-con-boxed e-con e-parent\" data-id=\"b4f026c\" data-element_type=\"container\" data-e-type=\"container\" data-settings=\"{&quot;background_background&quot;:&quot;classic&quot;}\">\n\t\t\t\t\t<div class=\"e-con-inner\">\n\t\t\t\t<div class=\"elementor-element elementor-element-0698e51 elementor-widget elementor-widget-heading\" data-id=\"0698e51\" data-element_type=\"widget\" data-e-type=\"widget\" data-widget_type=\"heading.default\">\n\t\t\t\t<div class=\"elementor-widget-container\">\n\t\t\t\t\t<h2 class=\"elementor-heading-title elementor-size-default\">D\u00e9couvrez des tissus de qualit\u00e9<\/h2>\t\t\t\t<\/div>\n\t\t\t\t<\/div>\n\t\t\t\t\t<\/div>\n\t\t\t\t<\/div>\n\t\t<div class=\"elementor-element elementor-element-56fa959 e-con-full parent-container elementor-hidden-mobile e-flex e-con e-parent\" data-id=\"56fa959\" data-element_type=\"container\" data-e-type=\"container\" data-settings=\"{&quot;background_background&quot;:&quot;classic&quot;}\">\n\t\t<div class=\"elementor-element elementor-element-f1866cd e-con-full left-container e-flex e-con e-child\" data-id=\"f1866cd\" data-element_type=\"container\" data-e-type=\"container\">\n\t\t\t\t<div class=\"elementor-element elementor-element-ff764c0 elementor-widget elementor-widget-image\" data-id=\"ff764c0\" data-element_type=\"widget\" data-e-type=\"widget\" data-widget_type=\"image.default\">\n\t\t\t\t<div class=\"elementor-widget-container\">\n\t\t\t\t\t\t\t\t\t\t\t\t\t\t\t<img fetchpriority=\"high\" decoding=\"async\" width=\"818\" height=\"1024\" src=\"https:\/\/goodfundtextile.com\/wp-content\/uploads\/2025\/04\/6-818x1024.jpg\" class=\"attachment-large size-large wp-image-4219\" alt=\"\" srcset=\"https:\/\/goodfundtextile.com\/wp-content\/uploads\/2025\/04\/6-818x1024.jpg 818w, https:\/\/goodfundtextile.com\/wp-content\/uploads\/2025\/04\/6-240x300.jpg 240w, https:\/\/goodfundtextile.com\/wp-content\/uploads\/2025\/04\/6-768x961.jpg 768w, https:\/\/goodfundtextile.com\/wp-content\/uploads\/2025\/04\/6-1227x1536.jpg 1227w, https:\/\/goodfundtextile.com\/wp-content\/uploads\/2025\/04\/6-1636x2048.jpg 1636w, https:\/\/goodfundtextile.com\/wp-content\/uploads\/2025\/04\/6-479x600.jpg 479w, https:\/\/goodfundtextile.com\/wp-content\/uploads\/2025\/04\/6-scaled.jpg 2045w\" sizes=\"(max-width: 818px) 100vw, 818px\" \/>\t\t\t\t\t\t\t\t\t\t\t\t\t\t\t<\/div>\n\t\t\t\t<\/div>\n\t\t<div class=\"elementor-element elementor-element-2a36ac6 e-con-full e-flex e-con e-child\" data-id=\"2a36ac6\" data-element_type=\"container\" data-e-type=\"container\">\n\t\t\t\t<div class=\"elementor-element elementor-element-c2d2d1f elementor-widget elementor-widget-ucaddon_image_zoom_magnifier\" data-id=\"c2d2d1f\" data-element_type=\"widget\" data-e-type=\"widget\" data-widget_type=\"ucaddon_image_zoom_magnifier.default\">\n\t\t\t\t<div class=\"elementor-widget-container\">\n\t\t\t\t\t\n<!-- start Image Zoom Magnifier -->\n<style>\/* widget: Image Zoom Magnifier *\/\n\n#uc_image_zoom_magnifier_elementor_c2d2d1f img {\n\t\t\tdisplay: block;\n            width:100%;\n            overflow:hidden;\n}\n\n<\/style>\n\n<div id=\"uc_image_zoom_magnifier_elementor_c2d2d1f\" class=\"image_zoom_magnifier\">\n  <img decoding=\"async\" class=\"exclude-shortpixel\" src=\"https:\/\/goodfundtextile.com\/wp-content\/uploads\/2025\/04\/6-2-scaled.jpg\" alt=\"6-2\">\n<\/div>\n<!-- end Image Zoom Magnifier -->\t\t\t\t<\/div>\n\t\t\t\t<\/div>\n\t\t\t\t<\/div>\n\t\t\t\t<\/div>\n\t\t<div class=\"elementor-element elementor-element-d809003 e-con-full right-container e-flex e-con e-child\" data-id=\"d809003\" data-element_type=\"container\" data-e-type=\"container\">\n\t\t\t\t<div class=\"elementor-element elementor-element-0ff3677 elementor-widget__width-initial elementor-widget-mobile__width-inherit elementor-widget elementor-widget-text-editor\" data-id=\"0ff3677\" data-element_type=\"widget\" data-e-type=\"widget\" data-widget_type=\"text-editor.default\">\n\t\t\t\t<div class=\"elementor-widget-container\">\n\t\t\t\t\t\t\t\t\t<p class=\"break-words\" dir=\"auto\">Ce tissu est un m\u00e9lange de 72% de coton, 3% de rayonne, 24% de polyester et 1% de spandex, alliant confort et praticit\u00e9. Le pourcentage \u00e9lev\u00e9 de coton est doux et respirant, pour une exp\u00e9rience agr\u00e9able pour la peau ; la rayonne ajoute un brillant d\u00e9licat et un drap\u00e9 pour am\u00e9liorer la texture ; le polyester am\u00e9liore la r\u00e9sistance \u00e0 l'abrasion et au froissement pour prolonger la dur\u00e9e de vie de l'utilisateur ; et une petite quantit\u00e9 de spandex apporte de l'\u00e9lasticit\u00e9 pour une coupe flatteuse. Id\u00e9al pour cr\u00e9er des pi\u00e8ces \u00e0 la mode qui sont \u00e0 la fois des denims classiques et des fonctionnalit\u00e9s modernes, tout en gardant \u00e0 l'esprit le confort et la durabilit\u00e9.<\/p>\t\t\t\t\t\t\t\t<\/div>\n\t\t\t\t<\/div>\n\t\t\t\t<div class=\"elementor-element elementor-element-cd9b023 elementor-widget elementor-widget-heading\" data-id=\"cd9b023\" data-element_type=\"widget\" data-e-type=\"widget\" data-widget_type=\"heading.default\">\n\t\t\t\t<div class=\"elementor-widget-container\">\n\t\t\t\t\t<h2 class=\"elementor-heading-title elementor-size-default\">Tissu Glamour<\/h2>\t\t\t\t<\/div>\n\t\t\t\t<\/div>\n\t\t\t\t<div class=\"elementor-element elementor-element-935f9b3 elementor-widget elementor-widget-heading\" data-id=\"935f9b3\" data-element_type=\"widget\" data-e-type=\"widget\" data-widget_type=\"heading.default\">\n\t\t\t\t<div class=\"elementor-widget-container\">\n\t\t\t\t\t<h2 class=\"elementor-heading-title elementor-size-default\">Info<\/h2>\t\t\t\t<\/div>\n\t\t\t\t<\/div>\n\t\t\t\t<div class=\"elementor-element elementor-element-83b90c3 elementor-widget elementor-widget-heading\" data-id=\"83b90c3\" data-element_type=\"widget\" data-e-type=\"widget\" data-widget_type=\"heading.default\">\n\t\t\t\t<div class=\"elementor-widget-container\">\n\t\t\t\t\t<h2 class=\"elementor-heading-title elementor-size-default\">Num\u00e9ro : JFN845<\/h2>\t\t\t\t<\/div>\n\t\t\t\t<\/div>\n\t\t\t\t<div class=\"elementor-element elementor-element-301b50b elementor-widget elementor-widget-heading\" data-id=\"301b50b\" data-element_type=\"widget\" data-e-type=\"widget\" data-widget_type=\"heading.default\">\n\t\t\t\t<div class=\"elementor-widget-container\">\n\t\t\t\t\t<h2 class=\"elementor-heading-title elementor-size-default\">Largeur : 61-62''<\/h2>\t\t\t\t<\/div>\n\t\t\t\t<\/div>\n\t\t\t\t<div class=\"elementor-element elementor-element-d451a25 elementor-widget elementor-widget-heading\" data-id=\"d451a25\" data-element_type=\"widget\" data-e-type=\"widget\" data-widget_type=\"heading.default\">\n\t\t\t\t<div class=\"elementor-widget-container\">\n\t\t\t\t\t<h2 class=\"elementor-heading-title elementor-size-default\">Poids : 9.8oz\/y^2<\/h2>\t\t\t\t<\/div>\n\t\t\t\t<\/div>\n\t\t\t\t<div class=\"elementor-element elementor-element-334dad9 elementor-widget elementor-widget-heading\" data-id=\"334dad9\" data-element_type=\"widget\" data-e-type=\"widget\" data-widget_type=\"heading.default\">\n\t\t\t\t<div class=\"elementor-widget-container\">\n\t\t\t\t\t<h2 class=\"elementor-heading-title elementor-size-default\">Composition : 72%Coton 3%Rayon 24%Poly 1%SPX<\/h2>\t\t\t\t<\/div>\n\t\t\t\t<\/div>\n\t\t\t\t<div class=\"elementor-element elementor-element-8bddcee elementor-widget elementor-widget-heading\" data-id=\"8bddcee\" data-element_type=\"widget\" data-e-type=\"widget\" data-widget_type=\"heading.default\">\n\t\t\t\t<div class=\"elementor-widget-container\">\n\t\t\t\t\t<h2 class=\"elementor-heading-title elementor-size-default\"><br><br><br><br><br><br><br><br><br><br>\n\nGoodFundTextile<\/h2>\t\t\t\t<\/div>\n\t\t\t\t<\/div>\n\t\t\t\t<div class=\"elementor-element elementor-element-2a5ceff elementor-widget__width-initial elementor-widget-mobile__width-inherit elementor-mobile-align-center elementor-align-left   elementor-widget elementor-widget-button\" data-id=\"2a5ceff\" data-element_type=\"widget\" data-e-type=\"widget\" data-widget_type=\"button.default\">\n\t\t\t\t<div class=\"elementor-widget-container\">\n\t\t\t\t\t\t\t\t\t<div class=\"elementor-button-wrapper\">\n\t\t\t\t\t<a class=\"elementor-button elementor-button-link elementor-size-lg\" href=\"https:\/\/goodfundtextile.com\/fr\/?page_id=1250&#038;preview=true\">\n\t\t\t\t\t\t<span class=\"elementor-button-content-wrapper\">\n\t\t\t\t\t\t\t\t\t<span class=\"elementor-button-text\">Demande d'\u00e9chantillon<\/span>\n\t\t\t\t\t<\/span>\n\t\t\t\t\t<\/a>\n\t\t\t\t<\/div>\n\t\t\t\t\t\t\t\t<\/div>\n\t\t\t\t<\/div>\n\t\t\t\t<\/div>\n\t\t\t\t<\/div>\n\t\t<div class=\"elementor-element elementor-element-456a546 e-con-full elementor-hidden-desktop elementor-hidden-tablet e-flex e-con e-parent\" data-id=\"456a546\" data-element_type=\"container\" data-e-type=\"container\">\n\t\t<div class=\"elementor-element elementor-element-f4f9541 elementor-hidden-desktop elementor-hidden-tablet e-flex e-con-boxed e-con e-child\" data-id=\"f4f9541\" data-element_type=\"container\" data-e-type=\"container\" data-settings=\"{&quot;background_background&quot;:&quot;classic&quot;}\">\n\t\t\t\t\t<div class=\"e-con-inner\">\n\t\t<div class=\"elementor-element elementor-element-46c2691 e-con-full elementor-hidden-desktop elementor-hidden-tablet e-flex e-con e-child\" data-id=\"46c2691\" data-element_type=\"container\" data-e-type=\"container\" data-settings=\"{&quot;background_background&quot;:&quot;classic&quot;}\">\n\t\t\t\t<div class=\"elementor-element elementor-element-2b090d1 elementor-widget elementor-widget-image\" data-id=\"2b090d1\" data-element_type=\"widget\" data-e-type=\"widget\" data-widget_type=\"image.default\">\n\t\t\t\t<div class=\"elementor-widget-container\">\n\t\t\t\t\t\t\t\t\t\t\t\t\t\t\t<img fetchpriority=\"high\" decoding=\"async\" width=\"818\" height=\"1024\" src=\"https:\/\/goodfundtextile.com\/wp-content\/uploads\/2025\/04\/6-818x1024.jpg\" class=\"attachment-large size-large wp-image-4219\" alt=\"\" srcset=\"https:\/\/goodfundtextile.com\/wp-content\/uploads\/2025\/04\/6-818x1024.jpg 818w, https:\/\/goodfundtextile.com\/wp-content\/uploads\/2025\/04\/6-240x300.jpg 240w, https:\/\/goodfundtextile.com\/wp-content\/uploads\/2025\/04\/6-768x961.jpg 768w, https:\/\/goodfundtextile.com\/wp-content\/uploads\/2025\/04\/6-1227x1536.jpg 1227w, https:\/\/goodfundtextile.com\/wp-content\/uploads\/2025\/04\/6-1636x2048.jpg 1636w, https:\/\/goodfundtextile.com\/wp-content\/uploads\/2025\/04\/6-479x600.jpg 479w, https:\/\/goodfundtextile.com\/wp-content\/uploads\/2025\/04\/6-scaled.jpg 2045w\" sizes=\"(max-width: 818px) 100vw, 818px\" \/>\t\t\t\t\t\t\t\t\t\t\t\t\t\t\t<\/div>\n\t\t\t\t<\/div>\n\t\t\t\t<\/div>\n\t\t<div class=\"elementor-element elementor-element-6dfb3ad e-con-full elementor-hidden-desktop elementor-hidden-tablet e-flex e-con e-child\" data-id=\"6dfb3ad\" data-element_type=\"container\" data-e-type=\"container\" data-settings=\"{&quot;background_background&quot;:&quot;classic&quot;}\">\n\t\t\t\t<div class=\"elementor-element elementor-element-70060ab elementor-widget__width-initial elementor-widget-mobile__width-inherit elementor-widget elementor-widget-text-editor\" data-id=\"70060ab\" data-element_type=\"widget\" data-e-type=\"widget\" data-widget_type=\"text-editor.default\">\n\t\t\t\t<div class=\"elementor-widget-container\">\n\t\t\t\t\t\t\t\t\t<p class=\"break-words\" dir=\"auto\">Ce tissu est un m\u00e9lange de 72% de coton, 3% de rayonne, 24% de polyester et 1% de spandex, alliant confort et praticit\u00e9. Le pourcentage \u00e9lev\u00e9 de coton est doux et respirant, pour une exp\u00e9rience agr\u00e9able pour la peau ; la rayonne ajoute un brillant d\u00e9licat et un drap\u00e9 pour am\u00e9liorer la texture ; le polyester am\u00e9liore la r\u00e9sistance \u00e0 l'abrasion et au froissement pour prolonger la dur\u00e9e de vie de l'utilisateur ; et une petite quantit\u00e9 de spandex apporte de l'\u00e9lasticit\u00e9 pour une coupe flatteuse. Id\u00e9al pour cr\u00e9er des pi\u00e8ces \u00e0 la mode qui sont \u00e0 la fois des denims classiques et des fonctionnalit\u00e9s modernes, tout en gardant \u00e0 l'esprit le confort et la durabilit\u00e9.<\/p>\t\t\t\t\t\t\t\t<\/div>\n\t\t\t\t<\/div>\n\t\t\t\t<\/div>\n\t\t<div class=\"elementor-element elementor-element-0f8cea2 e-con-full elementor-hidden-desktop elementor-hidden-tablet e-flex e-con e-child\" data-id=\"0f8cea2\" data-element_type=\"container\" data-e-type=\"container\" data-settings=\"{&quot;background_background&quot;:&quot;classic&quot;}\">\n\t\t<div class=\"elementor-element elementor-element-a1d1adb e-con-full e-flex e-con e-child\" data-id=\"a1d1adb\" data-element_type=\"container\" data-e-type=\"container\">\n\t\t\t\t<div class=\"elementor-element elementor-element-ebbdb4b elementor-widget elementor-widget-ucaddon_image_zoom_magnifier\" data-id=\"ebbdb4b\" data-element_type=\"widget\" data-e-type=\"widget\" data-widget_type=\"ucaddon_image_zoom_magnifier.default\">\n\t\t\t\t<div class=\"elementor-widget-container\">\n\t\t\t\t\t\n<!-- start Image Zoom Magnifier -->\n<style>\/* widget: Image Zoom Magnifier *\/\n\n#uc_image_zoom_magnifier_elementor_ebbdb4b img {\n\t\t\tdisplay: block;\n            width:100%;\n            overflow:hidden;\n}\n\n<\/style>\n\n<div id=\"uc_image_zoom_magnifier_elementor_ebbdb4b\" class=\"image_zoom_magnifier\">\n  <img decoding=\"async\" class=\"exclude-shortpixel\" src=\"https:\/\/goodfundtextile.com\/wp-content\/uploads\/2025\/04\/6-2-scaled.jpg\" alt=\"6-2\">\n<\/div>\n<!-- end Image Zoom Magnifier -->\t\t\t\t<\/div>\n\t\t\t\t<\/div>\n\t\t\t\t<\/div>\n\t\t\t\t<\/div>\n\t\t<div class=\"elementor-element elementor-element-63e9661 e-con-full elementor-hidden-desktop elementor-hidden-tablet e-flex e-con e-child\" data-id=\"63e9661\" data-element_type=\"container\" data-e-type=\"container\" data-settings=\"{&quot;background_background&quot;:&quot;classic&quot;}\">\n\t\t<div class=\"elementor-element elementor-element-a5ee021 e-con-full e-flex e-con e-child\" data-id=\"a5ee021\" data-element_type=\"container\" data-e-type=\"container\">\n\t\t\t\t<div class=\"elementor-element elementor-element-6da7015 elementor-widget elementor-widget-heading\" data-id=\"6da7015\" data-element_type=\"widget\" data-e-type=\"widget\" data-widget_type=\"heading.default\">\n\t\t\t\t<div class=\"elementor-widget-container\">\n\t\t\t\t\t<h2 class=\"elementor-heading-title elementor-size-default\">Tissu Glamour<\/h2>\t\t\t\t<\/div>\n\t\t\t\t<\/div>\n\t\t\t\t<\/div>\n\t\t<div class=\"elementor-element elementor-element-5b45092 e-con-full e-flex e-con e-child\" data-id=\"5b45092\" data-element_type=\"container\" data-e-type=\"container\">\n\t\t\t\t<div class=\"elementor-element elementor-element-ecbc5fb elementor-widget elementor-widget-heading\" data-id=\"ecbc5fb\" data-element_type=\"widget\" data-e-type=\"widget\" data-widget_type=\"heading.default\">\n\t\t\t\t<div class=\"elementor-widget-container\">\n\t\t\t\t\t<h2 class=\"elementor-heading-title elementor-size-default\">Info<\/h2>\t\t\t\t<\/div>\n\t\t\t\t<\/div>\n\t\t\t\t<\/div>\n\t\t<div class=\"elementor-element elementor-element-3f0a711 e-con-full e-flex e-con e-child\" data-id=\"3f0a711\" data-element_type=\"container\" data-e-type=\"container\">\n\t\t\t\t<div class=\"elementor-element elementor-element-3e76e5d elementor-widget elementor-widget-heading\" data-id=\"3e76e5d\" data-element_type=\"widget\" data-e-type=\"widget\" data-widget_type=\"heading.default\">\n\t\t\t\t<div class=\"elementor-widget-container\">\n\t\t\t\t\t<h2 class=\"elementor-heading-title elementor-size-default\">Nombre. <span style=\"font-size: 1.2rem\">JFN845<\/span><br><span style=\"font-size: 1.2rem\">Largeur <\/span><span style=\"font-size: 1.2rem\">61-62''<\/span><span style=\"font-size: 1.2rem\"><br><\/span><span style=\"font-size: 1.2rem\">Poids.<\/span><span style=\"font-size: 1.2rem\">9,8oz\/an^2<\/span><span style=\"font-size: 1.2rem;font-style: inherit\"><\/span><br><\/h2>\t\t\t\t<\/div>\n\t\t\t\t<\/div>\n\t\t\t\t<\/div>\n\t\t<div class=\"elementor-element elementor-element-607308c e-con-full e-flex e-con e-child\" data-id=\"607308c\" data-element_type=\"container\" data-e-type=\"container\">\n\t\t\t\t<div class=\"elementor-element elementor-element-b6289dd elementor-widget elementor-widget-heading\" data-id=\"b6289dd\" data-element_type=\"widget\" data-e-type=\"widget\" data-widget_type=\"heading.default\">\n\t\t\t\t<div class=\"elementor-widget-container\">\n\t\t\t\t\t<h2 class=\"elementor-heading-title elementor-size-default\">Composition : Ingr\u00e9dients\n<span style=\"font-size: 1.2rem\">72%Coton 3%Rayon 24%Poly 1%SPX<\/span><\/h2>\t\t\t\t<\/div>\n\t\t\t\t<\/div>\n\t\t\t\t<\/div>\n\t\t\t\t<div class=\"elementor-element elementor-element-f1182a4 elementor-widget__width-initial elementor-widget-mobile__width-inherit elementor-mobile-align-center elementor-align-left   elementor-widget elementor-widget-button\" data-id=\"f1182a4\" data-element_type=\"widget\" data-e-type=\"widget\" data-widget_type=\"button.default\">\n\t\t\t\t<div class=\"elementor-widget-container\">\n\t\t\t\t\t\t\t\t\t<div class=\"elementor-button-wrapper\">\n\t\t\t\t\t<a class=\"elementor-button elementor-button-link elementor-size-lg\" href=\"https:\/\/goodfundtextile.com\/fr\/?page_id=1250&#038;preview=true\">\n\t\t\t\t\t\t<span class=\"elementor-button-content-wrapper\">\n\t\t\t\t\t\t\t\t\t<span class=\"elementor-button-text\">Demande d'\u00e9chantillon<\/span>\n\t\t\t\t\t<\/span>\n\t\t\t\t\t<\/a>\n\t\t\t\t<\/div>\n\t\t\t\t\t\t\t\t<\/div>\n\t\t\t\t<\/div>\n\t\t\t\t<\/div>\n\t\t\t\t\t<\/div>\n\t\t\t\t<\/div>\n\t\t\t\t<\/div>\n\t\t\t\t<\/div>","protected":false},"excerpt":{"rendered":"<p>\u63a2\u7d22\u4f18\u8d28\u9762\u6599 \u8fd9\u6b3e\u9762\u6599\u753172%\u68c9\u30013%\u4eba [&hellip;]<\/p>\n","protected":false},"author":2,"featured_media":0,"parent":1286,"menu_order":28,"comment_status":"closed","ping_status":"closed","template":"elementor_header_footer","meta":{"inline_featured_image":false,"site-sidebar-layout":"default","site-content-layout":"","ast-site-content-layout":"default","site-content-style":"default","site-sidebar-style":"default","ast-global-header-display":"","ast-banner-title-visibility":"","ast-main-header-display":"","ast-hfb-above-header-display":"","ast-hfb-below-header-display":"","ast-hfb-mobile-header-display":"","site-post-title":"","ast-breadcrumbs-content":"","ast-featured-img":"","footer-sml-layout":"","theme-transparent-header-meta":"default","adv-header-id-meta":"","stick-header-meta":"","header-above-stick-meta":"","header-main-stick-meta":"","header-below-stick-meta":"","astra-migrate-meta-layouts":"set","ast-page-background-enabled":"default","ast-page-background-meta":{"desktop":{"background-color":"var(--ast-global-color-5)","background-image":"","background-repeat":"repeat","background-position":"center center","background-size":"auto","background-attachment":"scroll","background-type":"","background-media":"","overlay-type":"","overlay-color":"","overlay-opacity":"","overlay-gradient":""},"tablet":{"background-color":"","background-image":"","background-repeat":"repeat","background-position":"center center","background-size":"auto","background-attachment":"scroll","background-type":"","background-media":"","overlay-type":"","overlay-color":"","overlay-opacity":"","overlay-gradient":""},"mobile":{"background-color":"","background-image":"","background-repeat":"repeat","background-position":"center center","background-size":"auto","background-attachment":"scroll","background-type":"","background-media":"","overlay-type":"","overlay-color":"","overlay-opacity":"","overlay-gradient":""}},"ast-content-background-meta":{"desktop":{"background-color":"var(--ast-global-color-4)","background-image":"","background-repeat":"repeat","background-position":"center center","background-size":"auto","background-attachment":"scroll","background-type":"","background-media":"","overlay-type":"","overlay-color":"","overlay-opacity":"","overlay-gradient":""},"tablet":{"background-color":"var(--ast-global-color-4)","background-image":"","background-repeat":"repeat","background-position":"center center","background-size":"auto","background-attachment":"scroll","background-type":"","background-media":"","overlay-type":"","overlay-color":"","overlay-opacity":"","overlay-gradient":""},"mobile":{"background-color":"var(--ast-global-color-4)","background-image":"","background-repeat":"repeat","background-position":"center center","background-size":"auto","background-attachment":"scroll","background-type":"","background-media":"","overlay-type":"","overlay-color":"","overlay-opacity":"","overlay-gradient":""}},"two_page_speed":[],"footnotes":""},"class_list":["post-4224","page","type-page","status-publish","hentry"],"_links":{"self":[{"href":"https:\/\/goodfundtextile.com\/fr\/wp-json\/wp\/v2\/pages\/4224","targetHints":{"allow":["GET"]}}],"collection":[{"href":"https:\/\/goodfundtextile.com\/fr\/wp-json\/wp\/v2\/pages"}],"about":[{"href":"https:\/\/goodfundtextile.com\/fr\/wp-json\/wp\/v2\/types\/page"}],"author":[{"embeddable":true,"href":"https:\/\/goodfundtextile.com\/fr\/wp-json\/wp\/v2\/users\/2"}],"replies":[{"embeddable":true,"href":"https:\/\/goodfundtextile.com\/fr\/wp-json\/wp\/v2\/comments?post=4224"}],"version-history":[{"count":5,"href":"https:\/\/goodfundtextile.com\/fr\/wp-json\/wp\/v2\/pages\/4224\/revisions"}],"predecessor-version":[{"id":6938,"href":"https:\/\/goodfundtextile.com\/fr\/wp-json\/wp\/v2\/pages\/4224\/revisions\/6938"}],"up":[{"embeddable":true,"href":"https:\/\/goodfundtextile.com\/fr\/wp-json\/wp\/v2\/pages\/1286"}],"wp:attachment":[{"href":"https:\/\/goodfundtextile.com\/fr\/wp-json\/wp\/v2\/media?parent=4224"}],"curies":[{"name":"wp","href":"https:\/\/api.w.org\/{rel}","templated":true}]}}