{"id":4232,"date":"2025-04-08T07:04:18","date_gmt":"2025-04-08T07:04:18","guid":{"rendered":"https:\/\/goodfundtextile.com\/?page_id=4232"},"modified":"2025-04-29T03:28:01","modified_gmt":"2025-04-29T07:28:01","slug":"jfq2051a","status":"publish","type":"page","link":"https:\/\/goodfundtextile.com\/fr\/fonds-de-bienfaisance\/page-secondaire-caracteristiques-du-produit-2\/jfq2051a\/","title":{"rendered":"Level 4 page &#8211; Product features &#8211; Details page denim fabric JFQ2051A"},"content":{"rendered":"<div data-elementor-type=\"wp-post\" data-elementor-id=\"4232\" class=\"elementor elementor-4232\" data-elementor-post-type=\"page\">\n\t\t\t\t<div class=\"elementor-element elementor-element-7596b6b e-flex e-con-boxed e-con e-parent\" data-id=\"7596b6b\" data-element_type=\"container\" data-e-type=\"container\" data-settings=\"{&quot;background_background&quot;:&quot;classic&quot;}\">\n\t\t\t\t\t<div class=\"e-con-inner\">\n\t\t\t\t\t<\/div>\n\t\t\t\t<\/div>\n\t\t<div class=\"elementor-element elementor-element-b4f026c e-flex e-con-boxed e-con e-parent\" data-id=\"b4f026c\" data-element_type=\"container\" data-e-type=\"container\" data-settings=\"{&quot;background_background&quot;:&quot;classic&quot;}\">\n\t\t\t\t\t<div class=\"e-con-inner\">\n\t\t\t\t<div class=\"elementor-element elementor-element-0698e51 elementor-widget elementor-widget-heading\" data-id=\"0698e51\" data-element_type=\"widget\" data-e-type=\"widget\" data-widget_type=\"heading.default\">\n\t\t\t\t<div class=\"elementor-widget-container\">\n\t\t\t\t\t<h2 class=\"elementor-heading-title elementor-size-default\">D\u00e9couvrez des tissus de qualit\u00e9<\/h2>\t\t\t\t<\/div>\n\t\t\t\t<\/div>\n\t\t\t\t\t<\/div>\n\t\t\t\t<\/div>\n\t\t<div class=\"elementor-element elementor-element-56fa959 e-con-full parent-container elementor-hidden-mobile e-flex e-con e-parent\" data-id=\"56fa959\" data-element_type=\"container\" data-e-type=\"container\" data-settings=\"{&quot;background_background&quot;:&quot;classic&quot;}\">\n\t\t<div class=\"elementor-element elementor-element-f1866cd e-con-full left-container e-flex e-con e-child\" data-id=\"f1866cd\" data-element_type=\"container\" data-e-type=\"container\">\n\t\t\t\t<div class=\"elementor-element elementor-element-ff764c0 elementor-widget elementor-widget-image\" data-id=\"ff764c0\" data-element_type=\"widget\" data-e-type=\"widget\" data-widget_type=\"image.default\">\n\t\t\t\t<div class=\"elementor-widget-container\">\n\t\t\t\t\t\t\t\t\t\t\t\t\t\t\t<img fetchpriority=\"high\" decoding=\"async\" width=\"818\" height=\"1024\" src=\"https:\/\/goodfundtextile.com\/wp-content\/uploads\/2025\/04\/7-818x1024.jpg\" class=\"attachment-large size-large wp-image-4228\" alt=\"\" srcset=\"https:\/\/goodfundtextile.com\/wp-content\/uploads\/2025\/04\/7-818x1024.jpg 818w, https:\/\/goodfundtextile.com\/wp-content\/uploads\/2025\/04\/7-240x300.jpg 240w, https:\/\/goodfundtextile.com\/wp-content\/uploads\/2025\/04\/7-768x961.jpg 768w, https:\/\/goodfundtextile.com\/wp-content\/uploads\/2025\/04\/7-1227x1536.jpg 1227w, https:\/\/goodfundtextile.com\/wp-content\/uploads\/2025\/04\/7-1636x2048.jpg 1636w, https:\/\/goodfundtextile.com\/wp-content\/uploads\/2025\/04\/7-479x600.jpg 479w, https:\/\/goodfundtextile.com\/wp-content\/uploads\/2025\/04\/7-scaled.jpg 2045w\" sizes=\"(max-width: 818px) 100vw, 818px\" \/>\t\t\t\t\t\t\t\t\t\t\t\t\t\t\t<\/div>\n\t\t\t\t<\/div>\n\t\t<div class=\"elementor-element elementor-element-2a36ac6 e-con-full e-flex e-con e-child\" data-id=\"2a36ac6\" data-element_type=\"container\" data-e-type=\"container\">\n\t\t\t\t<div class=\"elementor-element elementor-element-c2d2d1f elementor-widget elementor-widget-ucaddon_image_zoom_magnifier\" data-id=\"c2d2d1f\" data-element_type=\"widget\" data-e-type=\"widget\" data-widget_type=\"ucaddon_image_zoom_magnifier.default\">\n\t\t\t\t<div class=\"elementor-widget-container\">\n\t\t\t\t\t\n<!-- start Image Zoom Magnifier -->\n<style>\/* widget: Image Zoom Magnifier *\/\n\n#uc_image_zoom_magnifier_elementor_c2d2d1f img {\n\t\t\tdisplay: block;\n            width:100%;\n            overflow:hidden;\n}\n\n<\/style>\n\n<div id=\"uc_image_zoom_magnifier_elementor_c2d2d1f\" class=\"image_zoom_magnifier\">\n  <img decoding=\"async\" class=\"exclude-shortpixel\" src=\"https:\/\/goodfundtextile.com\/wp-content\/uploads\/2025\/04\/7-2-scaled.jpg\" alt=\"7-2\">\n<\/div>\n<!-- end Image Zoom Magnifier -->\t\t\t\t<\/div>\n\t\t\t\t<\/div>\n\t\t\t\t<\/div>\n\t\t\t\t<\/div>\n\t\t<div class=\"elementor-element elementor-element-d809003 e-con-full right-container e-flex e-con e-child\" data-id=\"d809003\" data-element_type=\"container\" data-e-type=\"container\">\n\t\t\t\t<div class=\"elementor-element elementor-element-0ff3677 elementor-widget__width-initial elementor-widget-mobile__width-inherit elementor-widget elementor-widget-text-editor\" data-id=\"0ff3677\" data-element_type=\"widget\" data-e-type=\"widget\" data-widget_type=\"text-editor.default\">\n\t\t\t\t<div class=\"elementor-widget-container\">\n\t\t\t\t\t\t\t\t\t<p class=\"break-words\" dir=\"auto\">Ce tissu contient environ 95% de coton et 5% d'autres fibres, l'\u00e9quilibre parfait entre naturel et fonctionnel. Le coton est doux, respirant et confortable pour une utilisation tout au long de la journ\u00e9e, tandis qu'une petite quantit\u00e9 d'autres fibres am\u00e9liore la durabilit\u00e9 et la micro-extensibilit\u00e9 pour la r\u00e9sistance au froissement et l'ajustement. Il conserve la texture classique du coton et y ajoute des caract\u00e9ristiques pratiques, ce qui permet de cr\u00e9er des articles en denim confortables et faciles \u00e0 porter, simples mais sans perte de qualit\u00e9.<\/p>\t\t\t\t\t\t\t\t<\/div>\n\t\t\t\t<\/div>\n\t\t\t\t<div class=\"elementor-element elementor-element-cd9b023 elementor-widget elementor-widget-heading\" data-id=\"cd9b023\" data-element_type=\"widget\" data-e-type=\"widget\" data-widget_type=\"heading.default\">\n\t\t\t\t<div class=\"elementor-widget-container\">\n\t\t\t\t\t<h2 class=\"elementor-heading-title elementor-size-default\">Tissu Glamour<\/h2>\t\t\t\t<\/div>\n\t\t\t\t<\/div>\n\t\t\t\t<div class=\"elementor-element elementor-element-935f9b3 elementor-widget elementor-widget-heading\" data-id=\"935f9b3\" data-element_type=\"widget\" data-e-type=\"widget\" data-widget_type=\"heading.default\">\n\t\t\t\t<div class=\"elementor-widget-container\">\n\t\t\t\t\t<h2 class=\"elementor-heading-title elementor-size-default\">Info<\/h2>\t\t\t\t<\/div>\n\t\t\t\t<\/div>\n\t\t\t\t<div class=\"elementor-element elementor-element-83b90c3 elementor-widget elementor-widget-heading\" data-id=\"83b90c3\" data-element_type=\"widget\" data-e-type=\"widget\" data-widget_type=\"heading.default\">\n\t\t\t\t<div class=\"elementor-widget-container\">\n\t\t\t\t\t<h2 class=\"elementor-heading-title elementor-size-default\">Num\u00e9ro : JFQ2051A<\/h2>\t\t\t\t<\/div>\n\t\t\t\t<\/div>\n\t\t\t\t<div class=\"elementor-element elementor-element-301b50b elementor-widget elementor-widget-heading\" data-id=\"301b50b\" data-element_type=\"widget\" data-e-type=\"widget\" data-widget_type=\"heading.default\">\n\t\t\t\t<div class=\"elementor-widget-container\">\n\t\t\t\t\t<h2 class=\"elementor-heading-title elementor-size-default\">Largeur : 71-72''<\/h2>\t\t\t\t<\/div>\n\t\t\t\t<\/div>\n\t\t\t\t<div class=\"elementor-element elementor-element-d451a25 elementor-widget elementor-widget-heading\" data-id=\"d451a25\" data-element_type=\"widget\" data-e-type=\"widget\" data-widget_type=\"heading.default\">\n\t\t\t\t<div class=\"elementor-widget-container\">\n\t\t\t\t\t<h2 class=\"elementor-heading-title elementor-size-default\">Poids : 11.8oz\/y^2<\/h2>\t\t\t\t<\/div>\n\t\t\t\t<\/div>\n\t\t\t\t<div class=\"elementor-element elementor-element-334dad9 elementor-widget elementor-widget-heading\" data-id=\"334dad9\" data-element_type=\"widget\" data-e-type=\"widget\" data-widget_type=\"heading.default\">\n\t\t\t\t<div class=\"elementor-widget-container\">\n\t\t\t\t\t<h2 class=\"elementor-heading-title elementor-size-default\">Composition : 95% Coton, 5% Autres<\/h2>\t\t\t\t<\/div>\n\t\t\t\t<\/div>\n\t\t\t\t<div class=\"elementor-element elementor-element-8bddcee elementor-widget elementor-widget-heading\" data-id=\"8bddcee\" data-element_type=\"widget\" data-e-type=\"widget\" data-widget_type=\"heading.default\">\n\t\t\t\t<div class=\"elementor-widget-container\">\n\t\t\t\t\t<h2 class=\"elementor-heading-title elementor-size-default\"><br><br><br><br><br><br><br><br><br><br>\n\nGoodFundTextile<\/h2>\t\t\t\t<\/div>\n\t\t\t\t<\/div>\n\t\t\t\t<div class=\"elementor-element elementor-element-2a5ceff elementor-widget__width-initial elementor-widget-mobile__width-inherit elementor-mobile-align-center elementor-align-left   elementor-widget elementor-widget-button\" data-id=\"2a5ceff\" data-element_type=\"widget\" data-e-type=\"widget\" data-widget_type=\"button.default\">\n\t\t\t\t<div class=\"elementor-widget-container\">\n\t\t\t\t\t\t\t\t\t<div class=\"elementor-button-wrapper\">\n\t\t\t\t\t<a class=\"elementor-button elementor-button-link elementor-size-lg\" href=\"https:\/\/goodfundtextile.com\/fr\/?page_id=1250&#038;preview=true\">\n\t\t\t\t\t\t<span class=\"elementor-button-content-wrapper\">\n\t\t\t\t\t\t\t\t\t<span class=\"elementor-button-text\">Demande d'\u00e9chantillon<\/span>\n\t\t\t\t\t<\/span>\n\t\t\t\t\t<\/a>\n\t\t\t\t<\/div>\n\t\t\t\t\t\t\t\t<\/div>\n\t\t\t\t<\/div>\n\t\t\t\t<\/div>\n\t\t\t\t<\/div>\n\t\t<div class=\"elementor-element elementor-element-d8b057e e-con-full elementor-hidden-desktop elementor-hidden-tablet e-flex e-con e-parent\" data-id=\"d8b057e\" data-element_type=\"container\" data-e-type=\"container\">\n\t\t<div class=\"elementor-element elementor-element-0fa2eb0 elementor-hidden-desktop elementor-hidden-tablet e-flex e-con-boxed e-con e-child\" data-id=\"0fa2eb0\" data-element_type=\"container\" data-e-type=\"container\" data-settings=\"{&quot;background_background&quot;:&quot;classic&quot;}\">\n\t\t\t\t\t<div class=\"e-con-inner\">\n\t\t<div class=\"elementor-element elementor-element-d3e0d00 e-con-full elementor-hidden-desktop elementor-hidden-tablet e-flex e-con e-child\" data-id=\"d3e0d00\" data-element_type=\"container\" data-e-type=\"container\" data-settings=\"{&quot;background_background&quot;:&quot;classic&quot;}\">\n\t\t\t\t<div class=\"elementor-element elementor-element-d217f92 elementor-widget elementor-widget-image\" data-id=\"d217f92\" data-element_type=\"widget\" data-e-type=\"widget\" data-widget_type=\"image.default\">\n\t\t\t\t<div class=\"elementor-widget-container\">\n\t\t\t\t\t\t\t\t\t\t\t\t\t\t\t<img fetchpriority=\"high\" decoding=\"async\" width=\"818\" height=\"1024\" src=\"https:\/\/goodfundtextile.com\/wp-content\/uploads\/2025\/04\/7-818x1024.jpg\" class=\"attachment-large size-large wp-image-4228\" alt=\"\" srcset=\"https:\/\/goodfundtextile.com\/wp-content\/uploads\/2025\/04\/7-818x1024.jpg 818w, https:\/\/goodfundtextile.com\/wp-content\/uploads\/2025\/04\/7-240x300.jpg 240w, https:\/\/goodfundtextile.com\/wp-content\/uploads\/2025\/04\/7-768x961.jpg 768w, https:\/\/goodfundtextile.com\/wp-content\/uploads\/2025\/04\/7-1227x1536.jpg 1227w, https:\/\/goodfundtextile.com\/wp-content\/uploads\/2025\/04\/7-1636x2048.jpg 1636w, https:\/\/goodfundtextile.com\/wp-content\/uploads\/2025\/04\/7-479x600.jpg 479w, https:\/\/goodfundtextile.com\/wp-content\/uploads\/2025\/04\/7-scaled.jpg 2045w\" sizes=\"(max-width: 818px) 100vw, 818px\" \/>\t\t\t\t\t\t\t\t\t\t\t\t\t\t\t<\/div>\n\t\t\t\t<\/div>\n\t\t\t\t<\/div>\n\t\t<div class=\"elementor-element elementor-element-8df8ac0 e-con-full elementor-hidden-desktop elementor-hidden-tablet e-flex e-con e-child\" data-id=\"8df8ac0\" data-element_type=\"container\" data-e-type=\"container\" data-settings=\"{&quot;background_background&quot;:&quot;classic&quot;}\">\n\t\t\t\t<div class=\"elementor-element elementor-element-eac6747 elementor-widget__width-initial elementor-widget-mobile__width-inherit elementor-widget elementor-widget-text-editor\" data-id=\"eac6747\" data-element_type=\"widget\" data-e-type=\"widget\" data-widget_type=\"text-editor.default\">\n\t\t\t\t<div class=\"elementor-widget-container\">\n\t\t\t\t\t\t\t\t\t<p class=\"break-words\" dir=\"auto\">Ce tissu contient environ 95% de coton et 5% d'autres fibres, l'\u00e9quilibre parfait entre naturel et fonctionnel. Le coton est doux, respirant et confortable pour une utilisation tout au long de la journ\u00e9e, tandis qu'une petite quantit\u00e9 d'autres fibres am\u00e9liore la durabilit\u00e9 et la micro-extensibilit\u00e9 pour la r\u00e9sistance au froissement et l'ajustement. Il conserve la texture classique du coton et y ajoute des caract\u00e9ristiques pratiques, ce qui permet de cr\u00e9er des articles en denim confortables et faciles \u00e0 porter, simples mais sans perte de qualit\u00e9.<\/p>\t\t\t\t\t\t\t\t<\/div>\n\t\t\t\t<\/div>\n\t\t\t\t<\/div>\n\t\t<div class=\"elementor-element elementor-element-9822dbf e-con-full elementor-hidden-desktop elementor-hidden-tablet e-flex e-con e-child\" data-id=\"9822dbf\" data-element_type=\"container\" data-e-type=\"container\" data-settings=\"{&quot;background_background&quot;:&quot;classic&quot;}\">\n\t\t<div class=\"elementor-element elementor-element-e1ed3b2 e-con-full e-flex e-con e-child\" data-id=\"e1ed3b2\" data-element_type=\"container\" data-e-type=\"container\">\n\t\t\t\t<div class=\"elementor-element elementor-element-74953a9 elementor-widget elementor-widget-ucaddon_image_zoom_magnifier\" data-id=\"74953a9\" data-element_type=\"widget\" data-e-type=\"widget\" data-widget_type=\"ucaddon_image_zoom_magnifier.default\">\n\t\t\t\t<div class=\"elementor-widget-container\">\n\t\t\t\t\t\n<!-- start Image Zoom Magnifier -->\n<style>\/* widget: Image Zoom Magnifier *\/\n\n#uc_image_zoom_magnifier_elementor_74953a9 img {\n\t\t\tdisplay: block;\n            width:100%;\n            overflow:hidden;\n}\n\n<\/style>\n\n<div id=\"uc_image_zoom_magnifier_elementor_74953a9\" class=\"image_zoom_magnifier\">\n  <img decoding=\"async\" class=\"exclude-shortpixel\" src=\"https:\/\/goodfundtextile.com\/wp-content\/uploads\/2025\/04\/7-2-scaled.jpg\" alt=\"7-2\">\n<\/div>\n<!-- end Image Zoom Magnifier -->\t\t\t\t<\/div>\n\t\t\t\t<\/div>\n\t\t\t\t<\/div>\n\t\t\t\t<\/div>\n\t\t<div class=\"elementor-element elementor-element-5fa152d e-con-full elementor-hidden-desktop elementor-hidden-tablet e-flex e-con e-child\" data-id=\"5fa152d\" data-element_type=\"container\" data-e-type=\"container\" data-settings=\"{&quot;background_background&quot;:&quot;classic&quot;}\">\n\t\t<div class=\"elementor-element elementor-element-db7196a e-con-full e-flex e-con e-child\" data-id=\"db7196a\" data-element_type=\"container\" data-e-type=\"container\">\n\t\t\t\t<div class=\"elementor-element elementor-element-cde70c9 elementor-widget elementor-widget-heading\" data-id=\"cde70c9\" data-element_type=\"widget\" data-e-type=\"widget\" data-widget_type=\"heading.default\">\n\t\t\t\t<div class=\"elementor-widget-container\">\n\t\t\t\t\t<h2 class=\"elementor-heading-title elementor-size-default\">Tissu Glamour<\/h2>\t\t\t\t<\/div>\n\t\t\t\t<\/div>\n\t\t\t\t<\/div>\n\t\t<div class=\"elementor-element elementor-element-2da78e7 e-con-full e-flex e-con e-child\" data-id=\"2da78e7\" data-element_type=\"container\" data-e-type=\"container\">\n\t\t\t\t<div class=\"elementor-element elementor-element-42bb654 elementor-widget elementor-widget-heading\" data-id=\"42bb654\" data-element_type=\"widget\" data-e-type=\"widget\" data-widget_type=\"heading.default\">\n\t\t\t\t<div class=\"elementor-widget-container\">\n\t\t\t\t\t<h2 class=\"elementor-heading-title elementor-size-default\">Info<\/h2>\t\t\t\t<\/div>\n\t\t\t\t<\/div>\n\t\t\t\t<\/div>\n\t\t<div class=\"elementor-element elementor-element-9f6d93e e-con-full e-flex e-con e-child\" data-id=\"9f6d93e\" data-element_type=\"container\" data-e-type=\"container\">\n\t\t\t\t<div class=\"elementor-element elementor-element-84eb28b elementor-widget elementor-widget-heading\" data-id=\"84eb28b\" data-element_type=\"widget\" data-e-type=\"widget\" data-widget_type=\"heading.default\">\n\t\t\t\t<div class=\"elementor-widget-container\">\n\t\t\t\t\t<h2 class=\"elementor-heading-title elementor-size-default\">Nombre. <span style=\"font-size: 1.2rem\">JFQ2051A<\/span><br><span style=\"font-size: 1.2rem\">Largeur <\/span><span style=\"font-size: 1.2rem\">71-72''<\/span><span style=\"font-size: 1.2rem\"><br><\/span><span style=\"font-size: 1.2rem\">Poids.<\/span><span style=\"font-size: 1.2rem\">11,8oz\/an^2<\/span><span style=\"font-size: 1.2rem;font-style: inherit\"><\/span><br><\/h2>\t\t\t\t<\/div>\n\t\t\t\t<\/div>\n\t\t\t\t<\/div>\n\t\t<div class=\"elementor-element elementor-element-1cf7c00 e-con-full e-flex e-con e-child\" data-id=\"1cf7c00\" data-element_type=\"container\" data-e-type=\"container\">\n\t\t\t\t<div class=\"elementor-element elementor-element-4e3cf7a elementor-widget elementor-widget-heading\" data-id=\"4e3cf7a\" data-element_type=\"widget\" data-e-type=\"widget\" data-widget_type=\"heading.default\">\n\t\t\t\t<div class=\"elementor-widget-container\">\n\t\t\t\t\t<h2 class=\"elementor-heading-title elementor-size-default\">Composition : Ingr\u00e9dients\n<span style=\"font-size: 1.2rem\">95% environ coton, 5% environ autres<\/span><\/h2>\t\t\t\t<\/div>\n\t\t\t\t<\/div>\n\t\t\t\t<\/div>\n\t\t\t\t<div class=\"elementor-element elementor-element-05cb90a elementor-widget__width-initial elementor-widget-mobile__width-inherit elementor-mobile-align-center elementor-align-left   elementor-widget elementor-widget-button\" data-id=\"05cb90a\" data-element_type=\"widget\" data-e-type=\"widget\" data-widget_type=\"button.default\">\n\t\t\t\t<div class=\"elementor-widget-container\">\n\t\t\t\t\t\t\t\t\t<div class=\"elementor-button-wrapper\">\n\t\t\t\t\t<a class=\"elementor-button elementor-button-link elementor-size-lg\" href=\"https:\/\/goodfundtextile.com\/fr\/?page_id=1250&#038;preview=true\">\n\t\t\t\t\t\t<span class=\"elementor-button-content-wrapper\">\n\t\t\t\t\t\t\t\t\t<span class=\"elementor-button-text\">Demande d'\u00e9chantillon<\/span>\n\t\t\t\t\t<\/span>\n\t\t\t\t\t<\/a>\n\t\t\t\t<\/div>\n\t\t\t\t\t\t\t\t<\/div>\n\t\t\t\t<\/div>\n\t\t\t\t<\/div>\n\t\t\t\t\t<\/div>\n\t\t\t\t<\/div>\n\t\t\t\t<\/div>\n\t\t\t\t<\/div>","protected":false},"excerpt":{"rendered":"<p>\u63a2\u7d22\u4f18\u8d28\u9762\u6599 \u8fd9\u6b3e\u9762\u6599\u542b\u7ea695%\u68c9\u4e0e5% [&hellip;]<\/p>\n","protected":false},"author":2,"featured_media":0,"parent":1286,"menu_order":29,"comment_status":"closed","ping_status":"closed","template":"elementor_header_footer","meta":{"inline_featured_image":false,"site-sidebar-layout":"default","site-content-layout":"","ast-site-content-layout":"default","site-content-style":"default","site-sidebar-style":"default","ast-global-header-display":"","ast-banner-title-visibility":"","ast-main-header-display":"","ast-hfb-above-header-display":"","ast-hfb-below-header-display":"","ast-hfb-mobile-header-display":"","site-post-title":"","ast-breadcrumbs-content":"","ast-featured-img":"","footer-sml-layout":"","theme-transparent-header-meta":"default","adv-header-id-meta":"","stick-header-meta":"","header-above-stick-meta":"","header-main-stick-meta":"","header-below-stick-meta":"","astra-migrate-meta-layouts":"set","ast-page-background-enabled":"default","ast-page-background-meta":{"desktop":{"background-color":"var(--ast-global-color-5)","background-image":"","background-repeat":"repeat","background-position":"center center","background-size":"auto","background-attachment":"scroll","background-type":"","background-media":"","overlay-type":"","overlay-color":"","overlay-opacity":"","overlay-gradient":""},"tablet":{"background-color":"","background-image":"","background-repeat":"repeat","background-position":"center center","background-size":"auto","background-attachment":"scroll","background-type":"","background-media":"","overlay-type":"","overlay-color":"","overlay-opacity":"","overlay-gradient":""},"mobile":{"background-color":"","background-image":"","background-repeat":"repeat","background-position":"center center","background-size":"auto","background-attachment":"scroll","background-type":"","background-media":"","overlay-type":"","overlay-color":"","overlay-opacity":"","overlay-gradient":""}},"ast-content-background-meta":{"desktop":{"background-color":"var(--ast-global-color-4)","background-image":"","background-repeat":"repeat","background-position":"center center","background-size":"auto","background-attachment":"scroll","background-type":"","background-media":"","overlay-type":"","overlay-color":"","overlay-opacity":"","overlay-gradient":""},"tablet":{"background-color":"var(--ast-global-color-4)","background-image":"","background-repeat":"repeat","background-position":"center center","background-size":"auto","background-attachment":"scroll","background-type":"","background-media":"","overlay-type":"","overlay-color":"","overlay-opacity":"","overlay-gradient":""},"mobile":{"background-color":"var(--ast-global-color-4)","background-image":"","background-repeat":"repeat","background-position":"center center","background-size":"auto","background-attachment":"scroll","background-type":"","background-media":"","overlay-type":"","overlay-color":"","overlay-opacity":"","overlay-gradient":""}},"two_page_speed":[],"footnotes":""},"class_list":["post-4232","page","type-page","status-publish","hentry"],"_links":{"self":[{"href":"https:\/\/goodfundtextile.com\/fr\/wp-json\/wp\/v2\/pages\/4232","targetHints":{"allow":["GET"]}}],"collection":[{"href":"https:\/\/goodfundtextile.com\/fr\/wp-json\/wp\/v2\/pages"}],"about":[{"href":"https:\/\/goodfundtextile.com\/fr\/wp-json\/wp\/v2\/types\/page"}],"author":[{"embeddable":true,"href":"https:\/\/goodfundtextile.com\/fr\/wp-json\/wp\/v2\/users\/2"}],"replies":[{"embeddable":true,"href":"https:\/\/goodfundtextile.com\/fr\/wp-json\/wp\/v2\/comments?post=4232"}],"version-history":[{"count":6,"href":"https:\/\/goodfundtextile.com\/fr\/wp-json\/wp\/v2\/pages\/4232\/revisions"}],"predecessor-version":[{"id":6941,"href":"https:\/\/goodfundtextile.com\/fr\/wp-json\/wp\/v2\/pages\/4232\/revisions\/6941"}],"up":[{"embeddable":true,"href":"https:\/\/goodfundtextile.com\/fr\/wp-json\/wp\/v2\/pages\/1286"}],"wp:attachment":[{"href":"https:\/\/goodfundtextile.com\/fr\/wp-json\/wp\/v2\/media?parent=4232"}],"curies":[{"name":"wp","href":"https:\/\/api.w.org\/{rel}","templated":true}]}}