{"id":4304,"date":"2025-04-08T08:25:00","date_gmt":"2025-04-08T08:25:00","guid":{"rendered":"https:\/\/goodfundtextile.com\/?page_id=4304"},"modified":"2025-04-23T06:46:10","modified_gmt":"2025-04-23T06:46:10","slug":"jfna622","status":"publish","type":"page","link":"https:\/\/goodfundtextile.com\/fr\/fonds-de-bienfaisance\/page-secondaire-caracteristiques-du-produit-2\/jfna622\/","title":{"rendered":"Level 4 page &#8211; Product features &#8211; Details page woven fabric JFNA622"},"content":{"rendered":"<div data-elementor-type=\"wp-post\" data-elementor-id=\"4304\" class=\"elementor elementor-4304\" data-elementor-post-type=\"page\">\n\t\t\t\t<div class=\"elementor-element elementor-element-9988e31 e-con-full e-flex e-con e-parent\" data-id=\"9988e31\" data-element_type=\"container\" data-e-type=\"container\" data-settings=\"{&quot;background_background&quot;:&quot;classic&quot;}\">\n\t\t<div class=\"elementor-element elementor-element-95da1fc e-con-full elementor-hidden-desktop elementor-hidden-tablet e-flex e-con e-child\" data-id=\"95da1fc\" data-element_type=\"container\" data-e-type=\"container\" data-settings=\"{&quot;background_background&quot;:&quot;classic&quot;}\">\n\t\t\t\t<\/div>\n\t\t\t\t<\/div>\n\t\t<div class=\"elementor-element elementor-element-b4f026c e-flex e-con-boxed e-con e-parent\" data-id=\"b4f026c\" data-element_type=\"container\" data-e-type=\"container\" data-settings=\"{&quot;background_background&quot;:&quot;classic&quot;}\">\n\t\t\t\t\t<div class=\"e-con-inner\">\n\t\t\t\t<div class=\"elementor-element elementor-element-0698e51 elementor-widget elementor-widget-heading\" data-id=\"0698e51\" data-element_type=\"widget\" data-e-type=\"widget\" data-widget_type=\"heading.default\">\n\t\t\t\t<div class=\"elementor-widget-container\">\n\t\t\t\t\t<h2 class=\"elementor-heading-title elementor-size-default\">D\u00e9couvrez des tissus de qualit\u00e9<\/h2>\t\t\t\t<\/div>\n\t\t\t\t<\/div>\n\t\t\t\t\t<\/div>\n\t\t\t\t<\/div>\n\t\t<div class=\"elementor-element elementor-element-56fa959 e-con-full parent-container elementor-hidden-mobile e-flex e-con e-parent\" data-id=\"56fa959\" data-element_type=\"container\" data-e-type=\"container\" data-settings=\"{&quot;background_background&quot;:&quot;classic&quot;}\">\n\t\t<div class=\"elementor-element elementor-element-f1866cd e-con-full left-container e-flex e-con e-child\" data-id=\"f1866cd\" data-element_type=\"container\" data-e-type=\"container\">\n\t\t\t\t<div class=\"elementor-element elementor-element-ff764c0 elementor-widget elementor-widget-image\" data-id=\"ff764c0\" data-element_type=\"widget\" data-e-type=\"widget\" data-widget_type=\"image.default\">\n\t\t\t\t<div class=\"elementor-widget-container\">\n\t\t\t\t\t\t\t\t\t\t\t\t\t\t\t<img fetchpriority=\"high\" decoding=\"async\" width=\"1024\" height=\"725\" src=\"https:\/\/goodfundtextile.com\/wp-content\/uploads\/2025\/04\/22-1024x725.jpg\" class=\"attachment-large size-large wp-image-4328\" alt=\"\" srcset=\"https:\/\/goodfundtextile.com\/wp-content\/uploads\/2025\/04\/22-1024x725.jpg 1024w, https:\/\/goodfundtextile.com\/wp-content\/uploads\/2025\/04\/22-300x212.jpg 300w, https:\/\/goodfundtextile.com\/wp-content\/uploads\/2025\/04\/22-768x544.jpg 768w, https:\/\/goodfundtextile.com\/wp-content\/uploads\/2025\/04\/22-1536x1087.jpg 1536w, https:\/\/goodfundtextile.com\/wp-content\/uploads\/2025\/04\/22-2048x1450.jpg 2048w, https:\/\/goodfundtextile.com\/wp-content\/uploads\/2025\/04\/22-600x425.jpg 600w\" sizes=\"(max-width: 1024px) 100vw, 1024px\" \/>\t\t\t\t\t\t\t\t\t\t\t\t\t\t\t<\/div>\n\t\t\t\t<\/div>\n\t\t<div class=\"elementor-element elementor-element-2a36ac6 e-con-full e-flex e-con e-child\" data-id=\"2a36ac6\" data-element_type=\"container\" data-e-type=\"container\">\n\t\t\t\t<div class=\"elementor-element elementor-element-c2d2d1f elementor-widget elementor-widget-ucaddon_image_zoom_magnifier\" data-id=\"c2d2d1f\" data-element_type=\"widget\" data-e-type=\"widget\" data-widget_type=\"ucaddon_image_zoom_magnifier.default\">\n\t\t\t\t<div class=\"elementor-widget-container\">\n\t\t\t\t\t\n<!-- start Image Zoom Magnifier -->\n<style>\/* widget: Image Zoom Magnifier *\/\n\n#uc_image_zoom_magnifier_elementor_c2d2d1f img {\n\t\t\tdisplay: block;\n            width:100%;\n            overflow:hidden;\n}\n\n<\/style>\n\n<div id=\"uc_image_zoom_magnifier_elementor_c2d2d1f\" class=\"image_zoom_magnifier\">\n  <img decoding=\"async\" class=\"exclude-shortpixel\" src=\"https:\/\/goodfundtextile.com\/wp-content\/uploads\/2025\/04\/22-2-scaled.jpg\" alt=\"22-2\">\n<\/div>\n<!-- end Image Zoom Magnifier -->\t\t\t\t<\/div>\n\t\t\t\t<\/div>\n\t\t\t\t<\/div>\n\t\t\t\t<\/div>\n\t\t<div class=\"elementor-element elementor-element-d809003 e-con-full right-container e-flex e-con e-child\" data-id=\"d809003\" data-element_type=\"container\" data-e-type=\"container\">\n\t\t\t\t<div class=\"elementor-element elementor-element-0ff3677 elementor-widget__width-initial elementor-widget-mobile__width-inherit elementor-widget elementor-widget-text-editor\" data-id=\"0ff3677\" data-element_type=\"widget\" data-e-type=\"widget\" data-widget_type=\"text-editor.default\">\n\t\t\t\t<div class=\"elementor-widget-container\">\n\t\t\t\t\t\t\t\t\t<p class=\"break-words\" dir=\"auto\">Ce tissu 100% Cotton (CTN) est compos\u00e9 de coton pur, doux et respirant, agr\u00e9able \u00e0 la peau et confortable, offrant une exp\u00e9rience de port naturelle. Les fibres de coton \u00e9vacuent l'humidit\u00e9, conviennent \u00e0 toutes les saisons, sont r\u00e9sistantes et durables, et conservent la texture classique du denim. Avec une vari\u00e9t\u00e9 de couleurs, du bleu classique aux couleurs \u00e0 la mode, pour r\u00e9pondre aux besoins d'une vari\u00e9t\u00e9 de styles, convenant \u00e0 la cr\u00e9ation d'articles en denim simples, purs et personnalis\u00e9s, confortables et \u00e9l\u00e9gants \u00e0 la fois.<\/p>\t\t\t\t\t\t\t\t<\/div>\n\t\t\t\t<\/div>\n\t\t\t\t<div class=\"elementor-element elementor-element-cd9b023 elementor-widget elementor-widget-heading\" data-id=\"cd9b023\" data-element_type=\"widget\" data-e-type=\"widget\" data-widget_type=\"heading.default\">\n\t\t\t\t<div class=\"elementor-widget-container\">\n\t\t\t\t\t<h2 class=\"elementor-heading-title elementor-size-default\">Tissu Glamour<\/h2>\t\t\t\t<\/div>\n\t\t\t\t<\/div>\n\t\t\t\t<div class=\"elementor-element elementor-element-935f9b3 elementor-widget elementor-widget-heading\" data-id=\"935f9b3\" data-element_type=\"widget\" data-e-type=\"widget\" data-widget_type=\"heading.default\">\n\t\t\t\t<div class=\"elementor-widget-container\">\n\t\t\t\t\t<h2 class=\"elementor-heading-title elementor-size-default\">Info<\/h2>\t\t\t\t<\/div>\n\t\t\t\t<\/div>\n\t\t\t\t<div class=\"elementor-element elementor-element-83b90c3 elementor-widget elementor-widget-heading\" data-id=\"83b90c3\" data-element_type=\"widget\" data-e-type=\"widget\" data-widget_type=\"heading.default\">\n\t\t\t\t<div class=\"elementor-widget-container\">\n\t\t\t\t\t<h2 class=\"elementor-heading-title elementor-size-default\">Number\u7f16\u53f7 :JFNA622<\/h2>\t\t\t\t<\/div>\n\t\t\t\t<\/div>\n\t\t\t\t<div class=\"elementor-element elementor-element-301b50b elementor-widget elementor-widget-heading\" data-id=\"301b50b\" data-element_type=\"widget\" data-e-type=\"widget\" data-widget_type=\"heading.default\">\n\t\t\t\t<div class=\"elementor-widget-container\">\n\t\t\t\t\t<h2 class=\"elementor-heading-title elementor-size-default\">Width \u95e8\u5e45 : 62\/63''<\/h2>\t\t\t\t<\/div>\n\t\t\t\t<\/div>\n\t\t\t\t<div class=\"elementor-element elementor-element-d451a25 elementor-widget elementor-widget-heading\" data-id=\"d451a25\" data-element_type=\"widget\" data-e-type=\"widget\" data-widget_type=\"heading.default\">\n\t\t\t\t<div class=\"elementor-widget-container\">\n\t\t\t\t\t<h2 class=\"elementor-heading-title elementor-size-default\">Weight \u514b\u91cd : 11.7oz\/y^2<\/h2>\t\t\t\t<\/div>\n\t\t\t\t<\/div>\n\t\t\t\t<div class=\"elementor-element elementor-element-334dad9 elementor-widget elementor-widget-heading\" data-id=\"334dad9\" data-element_type=\"widget\" data-e-type=\"widget\" data-widget_type=\"heading.default\">\n\t\t\t\t<div class=\"elementor-widget-container\">\n\t\t\t\t\t<h2 class=\"elementor-heading-title elementor-size-default\">Composition \u6210\u5206 :100%CTN<\/h2>\t\t\t\t<\/div>\n\t\t\t\t<\/div>\n\t\t\t\t<div class=\"elementor-element elementor-element-8bddcee elementor-widget elementor-widget-heading\" data-id=\"8bddcee\" data-element_type=\"widget\" data-e-type=\"widget\" data-widget_type=\"heading.default\">\n\t\t\t\t<div class=\"elementor-widget-container\">\n\t\t\t\t\t<h2 class=\"elementor-heading-title elementor-size-default\"><br><br><br><br><br><br><br><br><br><br>\n\nGoodFundTextile<\/h2>\t\t\t\t<\/div>\n\t\t\t\t<\/div>\n\t\t\t\t<div class=\"elementor-element elementor-element-2a5ceff elementor-widget__width-initial elementor-widget-mobile__width-inherit elementor-mobile-align-center elementor-align-left   elementor-widget elementor-widget-button\" data-id=\"2a5ceff\" data-element_type=\"widget\" data-e-type=\"widget\" data-widget_type=\"button.default\">\n\t\t\t\t<div class=\"elementor-widget-container\">\n\t\t\t\t\t\t\t\t\t<div class=\"elementor-button-wrapper\">\n\t\t\t\t\t<a class=\"elementor-button elementor-button-link elementor-size-lg\" href=\"https:\/\/goodfundtextile.com\/fr\/?page_id=1250&#038;preview=true\">\n\t\t\t\t\t\t<span class=\"elementor-button-content-wrapper\">\n\t\t\t\t\t\t\t\t\t<span class=\"elementor-button-text\">Demande d'\u00e9chantillon<\/span>\n\t\t\t\t\t<\/span>\n\t\t\t\t\t<\/a>\n\t\t\t\t<\/div>\n\t\t\t\t\t\t\t\t<\/div>\n\t\t\t\t<\/div>\n\t\t\t\t<\/div>\n\t\t\t\t<\/div>\n\t\t<div class=\"elementor-element elementor-element-54cff9f elementor-hidden-desktop elementor-hidden-tablet e-flex e-con-boxed e-con e-parent\" data-id=\"54cff9f\" data-element_type=\"container\" data-e-type=\"container\">\n\t\t\t\t\t<div class=\"e-con-inner\">\n\t\t<div class=\"elementor-element elementor-element-5efb9e3 e-con-full elementor-hidden-desktop elementor-hidden-tablet e-flex e-con e-child\" data-id=\"5efb9e3\" data-element_type=\"container\" data-e-type=\"container\" data-settings=\"{&quot;background_background&quot;:&quot;classic&quot;}\">\n\t\t<div class=\"elementor-element elementor-element-8a3e419 e-con-full elementor-hidden-desktop elementor-hidden-tablet e-flex e-con e-child\" data-id=\"8a3e419\" data-element_type=\"container\" data-e-type=\"container\" data-settings=\"{&quot;background_background&quot;:&quot;classic&quot;}\">\n\t\t\t\t<div class=\"elementor-element elementor-element-d87f658 elementor-widget elementor-widget-image\" data-id=\"d87f658\" data-element_type=\"widget\" data-e-type=\"widget\" data-widget_type=\"image.default\">\n\t\t\t\t<div class=\"elementor-widget-container\">\n\t\t\t\t\t\t\t\t\t\t\t\t\t\t\t<img fetchpriority=\"high\" decoding=\"async\" width=\"1024\" height=\"725\" src=\"https:\/\/goodfundtextile.com\/wp-content\/uploads\/2025\/04\/22-1024x725.jpg\" class=\"attachment-large size-large wp-image-4328\" alt=\"\" srcset=\"https:\/\/goodfundtextile.com\/wp-content\/uploads\/2025\/04\/22-1024x725.jpg 1024w, https:\/\/goodfundtextile.com\/wp-content\/uploads\/2025\/04\/22-300x212.jpg 300w, https:\/\/goodfundtextile.com\/wp-content\/uploads\/2025\/04\/22-768x544.jpg 768w, https:\/\/goodfundtextile.com\/wp-content\/uploads\/2025\/04\/22-1536x1087.jpg 1536w, https:\/\/goodfundtextile.com\/wp-content\/uploads\/2025\/04\/22-2048x1450.jpg 2048w, https:\/\/goodfundtextile.com\/wp-content\/uploads\/2025\/04\/22-600x425.jpg 600w\" sizes=\"(max-width: 1024px) 100vw, 1024px\" \/>\t\t\t\t\t\t\t\t\t\t\t\t\t\t\t<\/div>\n\t\t\t\t<\/div>\n\t\t\t\t<\/div>\n\t\t<div class=\"elementor-element elementor-element-101ff1b e-con-full elementor-hidden-desktop elementor-hidden-tablet e-flex e-con e-child\" data-id=\"101ff1b\" data-element_type=\"container\" data-e-type=\"container\" data-settings=\"{&quot;background_background&quot;:&quot;classic&quot;}\">\n\t\t\t\t<div class=\"elementor-element elementor-element-99913f9 elementor-widget__width-initial elementor-widget-mobile__width-inherit elementor-widget elementor-widget-text-editor\" data-id=\"99913f9\" data-element_type=\"widget\" data-e-type=\"widget\" data-widget_type=\"text-editor.default\">\n\t\t\t\t<div class=\"elementor-widget-container\">\n\t\t\t\t\t\t\t\t\t<p class=\"break-words\" dir=\"auto\">Ce tissu 100% Cotton (CTN) est compos\u00e9 de coton pur, doux et respirant, agr\u00e9able \u00e0 la peau et confortable, offrant une exp\u00e9rience de port naturelle. Les fibres de coton \u00e9vacuent l'humidit\u00e9, conviennent \u00e0 toutes les saisons, sont r\u00e9sistantes et durables, et conservent la texture classique du denim. Avec une vari\u00e9t\u00e9 de couleurs, du bleu classique aux couleurs \u00e0 la mode, pour r\u00e9pondre aux besoins d'une vari\u00e9t\u00e9 de styles, convenant \u00e0 la cr\u00e9ation d'articles en denim simples, purs et personnalis\u00e9s, confortables et \u00e9l\u00e9gants \u00e0 la fois.<\/p>\t\t\t\t\t\t\t\t<\/div>\n\t\t\t\t<\/div>\n\t\t\t\t<\/div>\n\t\t<div class=\"elementor-element elementor-element-5f506fa e-con-full elementor-hidden-desktop elementor-hidden-tablet e-flex e-con e-child\" data-id=\"5f506fa\" data-element_type=\"container\" data-e-type=\"container\" data-settings=\"{&quot;background_background&quot;:&quot;classic&quot;}\">\n\t\t<div class=\"elementor-element elementor-element-922548a e-con-full e-flex e-con e-child\" data-id=\"922548a\" data-element_type=\"container\" data-e-type=\"container\">\n\t\t\t\t<div class=\"elementor-element elementor-element-d8455dd elementor-widget elementor-widget-ucaddon_image_zoom_magnifier\" data-id=\"d8455dd\" data-element_type=\"widget\" data-e-type=\"widget\" data-widget_type=\"ucaddon_image_zoom_magnifier.default\">\n\t\t\t\t<div class=\"elementor-widget-container\">\n\t\t\t\t\t\n<!-- start Image Zoom Magnifier -->\n<style>\/* widget: Image Zoom Magnifier *\/\n\n#uc_image_zoom_magnifier_elementor_d8455dd img {\n\t\t\tdisplay: block;\n            width:100%;\n            overflow:hidden;\n}\n\n<\/style>\n\n<div id=\"uc_image_zoom_magnifier_elementor_d8455dd\" class=\"image_zoom_magnifier\">\n  <img decoding=\"async\" class=\"exclude-shortpixel\" src=\"https:\/\/goodfundtextile.com\/wp-content\/uploads\/2025\/04\/22-2-scaled.jpg\" alt=\"22-2\">\n<\/div>\n<!-- end Image Zoom Magnifier -->\t\t\t\t<\/div>\n\t\t\t\t<\/div>\n\t\t\t\t<\/div>\n\t\t\t\t<\/div>\n\t\t<div class=\"elementor-element elementor-element-cd4aa7b e-con-full elementor-hidden-desktop elementor-hidden-tablet e-flex e-con e-child\" data-id=\"cd4aa7b\" data-element_type=\"container\" data-e-type=\"container\" data-settings=\"{&quot;background_background&quot;:&quot;classic&quot;}\">\n\t\t<div class=\"elementor-element elementor-element-4d8da00 e-con-full e-flex e-con e-child\" data-id=\"4d8da00\" data-element_type=\"container\" data-e-type=\"container\">\n\t\t\t\t<div class=\"elementor-element elementor-element-163e872 elementor-widget elementor-widget-heading\" data-id=\"163e872\" data-element_type=\"widget\" data-e-type=\"widget\" data-widget_type=\"heading.default\">\n\t\t\t\t<div class=\"elementor-widget-container\">\n\t\t\t\t\t<h2 class=\"elementor-heading-title elementor-size-default\">Tissu Glamour<\/h2>\t\t\t\t<\/div>\n\t\t\t\t<\/div>\n\t\t\t\t<\/div>\n\t\t<div class=\"elementor-element elementor-element-f751975 e-con-full e-flex e-con e-child\" data-id=\"f751975\" data-element_type=\"container\" data-e-type=\"container\">\n\t\t\t\t<div class=\"elementor-element elementor-element-8115b0c elementor-widget elementor-widget-heading\" data-id=\"8115b0c\" data-element_type=\"widget\" data-e-type=\"widget\" data-widget_type=\"heading.default\">\n\t\t\t\t<div class=\"elementor-widget-container\">\n\t\t\t\t\t<h2 class=\"elementor-heading-title elementor-size-default\">Info<\/h2>\t\t\t\t<\/div>\n\t\t\t\t<\/div>\n\t\t\t\t<\/div>\n\t\t<div class=\"elementor-element elementor-element-9678c1c e-con-full e-flex e-con e-child\" data-id=\"9678c1c\" data-element_type=\"container\" data-e-type=\"container\">\n\t\t\t\t<div class=\"elementor-element elementor-element-85838b2 elementor-widget elementor-widget-heading\" data-id=\"85838b2\" data-element_type=\"widget\" data-e-type=\"widget\" data-widget_type=\"heading.default\">\n\t\t\t\t<div class=\"elementor-widget-container\">\n\t\t\t\t\t<h2 class=\"elementor-heading-title elementor-size-default\">Nombre. <span style=\"font-size: 1.2rem\">JFNA622<\/span><br><span style=\"font-size: 1.2rem\">Largeur <\/span><span style=\"font-size: 1.2rem\">62\/63''<\/span><span style=\"font-size: 1.2rem\"><br><\/span><span style=\"font-size: 1.2rem\">Poids.<\/span><span style=\"font-size: 1.2rem\">11,7oz\/an^2<\/span><span style=\"font-size: 1.2rem;font-style: inherit\"><\/span><br><\/h2>\t\t\t\t<\/div>\n\t\t\t\t<\/div>\n\t\t\t\t<\/div>\n\t\t<div class=\"elementor-element elementor-element-670890e e-con-full e-flex e-con e-child\" data-id=\"670890e\" data-element_type=\"container\" data-e-type=\"container\">\n\t\t\t\t<div class=\"elementor-element elementor-element-9eeebef elementor-widget elementor-widget-heading\" data-id=\"9eeebef\" data-element_type=\"widget\" data-e-type=\"widget\" data-widget_type=\"heading.default\">\n\t\t\t\t<div class=\"elementor-widget-container\">\n\t\t\t\t\t<h2 class=\"elementor-heading-title elementor-size-default\">Composition : Ingr\u00e9dients\n<br><span style=\"font-size: 1.2rem\">100%CTN<\/span><\/h2>\t\t\t\t<\/div>\n\t\t\t\t<\/div>\n\t\t\t\t<\/div>\n\t\t\t\t<div class=\"elementor-element elementor-element-1f6ff3c elementor-widget__width-initial elementor-widget-mobile__width-inherit elementor-mobile-align-center elementor-align-left   elementor-widget elementor-widget-button\" data-id=\"1f6ff3c\" data-element_type=\"widget\" data-e-type=\"widget\" data-widget_type=\"button.default\">\n\t\t\t\t<div class=\"elementor-widget-container\">\n\t\t\t\t\t\t\t\t\t<div class=\"elementor-button-wrapper\">\n\t\t\t\t\t<a class=\"elementor-button elementor-button-link elementor-size-lg\" href=\"https:\/\/goodfundtextile.com\/fr\/?page_id=1250&#038;preview=true\">\n\t\t\t\t\t\t<span class=\"elementor-button-content-wrapper\">\n\t\t\t\t\t\t\t\t\t<span class=\"elementor-button-text\">Demande d'\u00e9chantillon<\/span>\n\t\t\t\t\t<\/span>\n\t\t\t\t\t<\/a>\n\t\t\t\t<\/div>\n\t\t\t\t\t\t\t\t<\/div>\n\t\t\t\t<\/div>\n\t\t\t\t<\/div>\n\t\t\t\t<\/div>\n\t\t\t\t\t<\/div>\n\t\t\t\t<\/div>\n\t\t\t\t<\/div>","protected":false},"excerpt":{"rendered":"<p>\u63a2\u7d22\u4f18\u8d28\u9762\u6599 \u8fd9\u6b3e100%\u68c9\uff08CTN\uff09\u9762 [&hellip;]<\/p>\n","protected":false},"author":2,"featured_media":0,"parent":1286,"menu_order":104,"comment_status":"closed","ping_status":"closed","template":"","meta":{"inline_featured_image":false,"site-sidebar-layout":"default","site-content-layout":"","ast-site-content-layout":"default","site-content-style":"default","site-sidebar-style":"default","ast-global-header-display":"","ast-banner-title-visibility":"","ast-main-header-display":"","ast-hfb-above-header-display":"","ast-hfb-below-header-display":"","ast-hfb-mobile-header-display":"","site-post-title":"","ast-breadcrumbs-content":"","ast-featured-img":"","footer-sml-layout":"","theme-transparent-header-meta":"default","adv-header-id-meta":"","stick-header-meta":"","header-above-stick-meta":"","header-main-stick-meta":"","header-below-stick-meta":"","astra-migrate-meta-layouts":"set","ast-page-background-enabled":"default","ast-page-background-meta":{"desktop":{"background-color":"var(--ast-global-color-5)","background-image":"","background-repeat":"repeat","background-position":"center center","background-size":"auto","background-attachment":"scroll","background-type":"","background-media":"","overlay-type":"","overlay-color":"","overlay-opacity":"","overlay-gradient":""},"tablet":{"background-color":"","background-image":"","background-repeat":"repeat","background-position":"center center","background-size":"auto","background-attachment":"scroll","background-type":"","background-media":"","overlay-type":"","overlay-color":"","overlay-opacity":"","overlay-gradient":""},"mobile":{"background-color":"","background-image":"","background-repeat":"repeat","background-position":"center center","background-size":"auto","background-attachment":"scroll","background-type":"","background-media":"","overlay-type":"","overlay-color":"","overlay-opacity":"","overlay-gradient":""}},"ast-content-background-meta":{"desktop":{"background-color":"var(--ast-global-color-4)","background-image":"","background-repeat":"repeat","background-position":"center center","background-size":"auto","background-attachment":"scroll","background-type":"","background-media":"","overlay-type":"","overlay-color":"","overlay-opacity":"","overlay-gradient":""},"tablet":{"background-color":"var(--ast-global-color-4)","background-image":"","background-repeat":"repeat","background-position":"center center","background-size":"auto","background-attachment":"scroll","background-type":"","background-media":"","overlay-type":"","overlay-color":"","overlay-opacity":"","overlay-gradient":""},"mobile":{"background-color":"var(--ast-global-color-4)","background-image":"","background-repeat":"repeat","background-position":"center center","background-size":"auto","background-attachment":"scroll","background-type":"","background-media":"","overlay-type":"","overlay-color":"","overlay-opacity":"","overlay-gradient":""}},"two_page_speed":[],"footnotes":""},"class_list":["post-4304","page","type-page","status-publish","hentry"],"_links":{"self":[{"href":"https:\/\/goodfundtextile.com\/fr\/wp-json\/wp\/v2\/pages\/4304","targetHints":{"allow":["GET"]}}],"collection":[{"href":"https:\/\/goodfundtextile.com\/fr\/wp-json\/wp\/v2\/pages"}],"about":[{"href":"https:\/\/goodfundtextile.com\/fr\/wp-json\/wp\/v2\/types\/page"}],"author":[{"embeddable":true,"href":"https:\/\/goodfundtextile.com\/fr\/wp-json\/wp\/v2\/users\/2"}],"replies":[{"embeddable":true,"href":"https:\/\/goodfundtextile.com\/fr\/wp-json\/wp\/v2\/comments?post=4304"}],"version-history":[{"count":23,"href":"https:\/\/goodfundtextile.com\/fr\/wp-json\/wp\/v2\/pages\/4304\/revisions"}],"predecessor-version":[{"id":6617,"href":"https:\/\/goodfundtextile.com\/fr\/wp-json\/wp\/v2\/pages\/4304\/revisions\/6617"}],"up":[{"embeddable":true,"href":"https:\/\/goodfundtextile.com\/fr\/wp-json\/wp\/v2\/pages\/1286"}],"wp:attachment":[{"href":"https:\/\/goodfundtextile.com\/fr\/wp-json\/wp\/v2\/media?parent=4304"}],"curies":[{"name":"wp","href":"https:\/\/api.w.org\/{rel}","templated":true}]}}