{"id":1221,"date":"2025-03-09T04:00:17","date_gmt":"2025-03-09T04:00:17","guid":{"rendered":"https:\/\/goodfundtextile.com\/?page_id=1221"},"modified":"2025-05-16T23:15:05","modified_gmt":"2025-05-17T03:15:05","slug":"i%cc%87ki%cc%87nci%cc%87-sayfa-akilli-ureti%cc%87m","status":"publish","type":"page","link":"https:\/\/goodfundtextile.com\/tr\/goodfund\/i%cc%87ki%cc%87nci%cc%87-sayfa-akilli-ureti%cc%87m\/","title":{"rendered":"Secondary Page &#8211; Smart Manufacturing  -Quality Control and Service"},"content":{"rendered":"<div data-elementor-type=\"wp-post\" data-elementor-id=\"1221\" class=\"elementor elementor-1221\" data-elementor-post-type=\"page\">\n\t\t\t\t<div class=\"elementor-element elementor-element-YxTS7uMf e-con-full   e-flex e-con e-parent\" data-id=\"YxTS7uMf\" data-element_type=\"container\" data-e-type=\"container\" data-settings=\"{&quot;background_background&quot;:&quot;classic&quot;}\">\n\t\t<div class=\"elementor-element elementor-element-B4yp7ihW   e-flex e-con-boxed e-con e-child\" data-id=\"B4yp7ihW\" data-element_type=\"container\" data-e-type=\"container\" data-settings=\"{&quot;background_background&quot;:&quot;classic&quot;}\">\n\t\t\t\t\t<div class=\"e-con-inner\">\n\t\t\t\t\t<\/div>\n\t\t\t\t<\/div>\n\t\t\t\t<\/div>\n\t\t<div class=\"elementor-element elementor-element-6672b31 e-flex e-con-boxed e-con e-parent\" data-id=\"6672b31\" data-element_type=\"container\" data-e-type=\"container\" data-settings=\"{&quot;background_background&quot;:&quot;classic&quot;}\">\n\t\t\t\t\t<div class=\"e-con-inner\">\n\t\t\t\t<div class=\"elementor-element elementor-element-dNvCv5FT elementor-widget__width-inherit elementor-widget-mobile__width-inherit   elementor-widget elementor-widget-heading\" data-id=\"dNvCv5FT\" data-element_type=\"widget\" data-e-type=\"widget\" data-widget_type=\"heading.default\">\n\t\t\t\t<div class=\"elementor-widget-container\">\n\t\t\t\t\t<div class=\"elementor-heading-title elementor-size-default\"><font>Kalite kontrol ve hizmetler - <br>        \u0130stikrarl\u0131 ve tutarl\u0131 kalite kontrol sistemi ve profesyonel hizmetler<\/font><\/div>\t\t\t\t<\/div>\n\t\t\t\t<\/div>\n\t\t\t\t\t<\/div>\n\t\t\t\t<\/div>\n\t\t<div class=\"elementor-element elementor-element-4b19778 e-flex e-con-boxed e-con e-parent\" data-id=\"4b19778\" data-element_type=\"container\" data-e-type=\"container\" data-settings=\"{&quot;background_background&quot;:&quot;classic&quot;}\">\n\t\t\t\t\t<div class=\"e-con-inner\">\n\t\t\t\t<div class=\"elementor-element elementor-element-55ccd05 elementor-widget elementor-widget-text-editor\" data-id=\"55ccd05\" data-element_type=\"widget\" data-e-type=\"widget\" data-widget_type=\"text-editor.default\">\n\t\t\t\t<div class=\"elementor-widget-container\">\n\t\t\t\t\t\t\t\t\t<p class=\"\" data-start=\"738\" data-end=\"848\">Tekstil end\u00fcstrisinde artan incelik ve \u00f6zelle\u015ftirme e\u011filimi alt\u0131nda<strong data-start=\"757\" data-end=\"778\">Jiffy Boyama ve Dokuma<\/strong>M\u00fckemmel ve verimli bir dizi olu\u015fturmak i\u00e7in her zaman \"ya\u015fam kalitesi, temel olarak hizmet\" y\u00f6netim felsefesine ba\u011fl\u0131 kal\u0131n<strong data-start=\"813\" data-end=\"828\">Kalite kontrol ve m\u00fc\u015fteri hizmetleri sistemi<\/strong>Bu, her metre kuma\u015f\u0131n m\u00fc\u015fterilerimizin bekledi\u011fi y\u00fcksek standartlar\u0131 kar\u015f\u0131lamas\u0131n\u0131 sa\u011flar.<\/p><p class=\"\" data-start=\"850\" data-end=\"1014\">M\u00fckemmel \u00fcr\u00fcnlerin profesyonel yeteneklerden ve bilimsel y\u00f6netimden geldi\u011fini biliyoruz. Bu nedenle, \u015firket deneyimli teknisyenleri ve kalite m\u00fchendislerini i\u015fe alm\u0131\u015f ve a\u015fa\u011f\u0131daki \u00f6zelliklere sahip bir ekip kurmu\u015ftur<strong data-start=\"906\" data-end=\"919\">20 y\u0131l\u0131 a\u015fk\u0131n sekt\u00f6r deneyimi<\/strong>\u00c7ekirdek ekibimiz hammadde kabul\u00fc, s\u00fcre\u00e7 tasar\u0131m\u0131, on-line kalite kontrol, deneysel testler ve sat\u0131\u015f sonras\u0131 destek gibi temel konulardan tamamen sorumludur. QC ekibimiz ISO kalite y\u00f6netim sistemini s\u0131k\u0131 bir \u015fekilde takip eder ve a\u015fa\u011f\u0131dakileri kullan\u0131r<strong data-start=\"984\" data-end=\"997\">T\u00fcm S\u00fcre\u00e7 Kalite Takip Sistemi<\/strong>\u015eirket, kaliteyi kayna\u011f\u0131ndan itibaren kontrol eder ve detaylarda istikrar sa\u011flar.<\/p><p class=\"\" data-start=\"1016\" data-end=\"1128\">Kalite kontrol a\u00e7\u0131s\u0131ndan, gri kuma\u015f denetiminden, \u00e7evrimi\u00e7i denetime, laboratuvar testinden sevkiyat \u00f6ncesi yeniden denetime kadar, renk hasl\u0131\u011f\u0131, b\u00fcz\u00fclme, gramaj, kopma mukavemeti, renk tutarl\u0131l\u0131\u011f\u0131 ve di\u011fer endeksleri kapsaml\u0131 bir \u015fekilde kapsayan \u00e7ok kanall\u0131 bir kalite kontrol s\u00fcreci olu\u015fturduk ve verilerin do\u011fru ve g\u00fcvenilir olmas\u0131n\u0131 ve \u00fcr\u00fcn kalitesinin m\u00fckemmel ve istikrarl\u0131 olmas\u0131n\u0131 sa\u011flamak i\u00e7in dahili ve \u00fc\u00e7\u00fcnc\u00fc taraf testleri aras\u0131nda ikili bir do\u011frulama mekanizmas\u0131 kurduk.<\/p><p class=\"\" data-start=\"1130\" data-end=\"1242\">Buna ek olarak, \u015firketin laboratuvar merkezi a\u015fa\u011f\u0131dakilerle donat\u0131lm\u0131\u015ft\u0131r<strong data-start=\"1141\" data-end=\"1153\">Uluslararas\u0131 standart test ekipmanlar\u0131<\/strong>M\u00fc\u015fterilerin \u00e7e\u015fitli teknik parametrelere y\u00f6nelik ihtiya\u00e7lar\u0131na h\u0131zl\u0131 bir \u015fekilde yan\u0131t verebiliyor ve Datacolor spektrofotometre, Launder Ometer renk hasl\u0131\u011f\u0131 y\u0131kama test cihaz\u0131, a\u015f\u0131nma test cihaz\u0131, \u00e7ekme test sistemi gibi yeni \u00fcr\u00fcnlerin geli\u015ftirilmesi i\u00e7in veri deste\u011fi sa\u011flayabiliyoruz.<\/p><p class=\"\" data-start=\"1244\" data-end=\"1359\">Hizmet a\u00e7\u0131s\u0131ndan, \u00f6zel bir m\u00fc\u015fteri profili ve bire bir teknik destek mekanizmas\u0131 olu\u015fturduk ve \u00f6n numune alma, \u00fcretim \u00f6ncesi onay, \u00fcretim s\u00fcrecinin takibi ve sevkiyat sonras\u0131 geri bildirime kadar tam bir kapal\u0131 d\u00f6ng\u00fc olu\u015fturduk. M\u00fc\u015fterinin hangi \u00fclkeden oldu\u011funa ve \u00fcretimin hangi a\u015famas\u0131nda oldu\u011funa bak\u0131lmaks\u0131z\u0131n, a\u015fa\u011f\u0131daki hizmetleri sa\u011flayabiliriz<strong data-start=\"1331\" data-end=\"1343\">Profesyonel, zaman\u0131nda ve sab\u0131rl\u0131<\/strong>Hizmet yan\u0131t\u0131, sorunsuz ve verimli bir i\u015fbirli\u011fi sa\u011flar.<\/p><p data-start=\"1244\" data-end=\"1359\">\u0130yi \u00fcr\u00fcnler, sadece verimlili\u011fin art\u0131r\u0131lmas\u0131ndan de\u011fil, ayn\u0131 zamanda ayr\u0131nt\u0131lar\u0131n a\u015f\u0131r\u0131 takibinden ve m\u00fc\u015fteri ihtiya\u00e7lar\u0131n\u0131n derinlemesine anla\u015f\u0131lmas\u0131ndan kaynaklanmaktad\u0131r. Jifeng Dyeing &amp; Weaving her zaman kaliteyi temel ta\u015f\u0131 ve hizmeti ba\u011f olarak alacak, her m\u00fc\u015fteriye daha ileri gitmesi ve daha istikrarl\u0131 bir \u015fekilde geli\u015fmesi i\u00e7in e\u015flik edecektir.<\/p>\t\t\t\t\t\t\t\t<\/div>\n\t\t\t\t<\/div>\n\t\t\t\t\t<\/div>\n\t\t\t\t<\/div>\n\t\t<div class=\"elementor-element elementor-element-tFWU7X3I e-con-full   e-flex e-con e-parent\" data-id=\"tFWU7X3I\" data-element_type=\"container\" data-e-type=\"container\" data-settings=\"{&quot;background_background&quot;:&quot;classic&quot;}\">\n\t\t<div class=\"elementor-element elementor-element-lbw7UXx9 e-con-full   e-flex e-con e-child\" data-id=\"lbw7UXx9\" data-element_type=\"container\" data-e-type=\"container\" data-settings=\"{&quot;background_background&quot;:&quot;classic&quot;}\">\n\t\t<div class=\"elementor-element elementor-element-mWeUNPPx e-con-full   elementor-hidden-desktop elementor-hidden-tablet e-flex e-con e-child\" data-id=\"mWeUNPPx\" data-element_type=\"container\" data-e-type=\"container\" data-settings=\"{&quot;background_background&quot;:&quot;video&quot;,&quot;background_video_link&quot;:&quot;https:\\\/\\\/goodfundtextile.com\\\/wp-content\\\/uploads\\\/2025\\\/05\\\/service.mp4&quot;}\">\n\t\t<div class=\"elementor-background-video-container elementor-hidden-mobile\">\n\t\t\t\t\t\t\t<video class=\"elementor-background-video-hosted\" role=\"presentation\" autoplay muted playsinline loop><\/video>\n\t\t\t\t\t<\/div><div class=\"elementor-element elementor-element-4k6is8Km e-con-full   e-flex e-con e-child\" data-id=\"4k6is8Km\" data-element_type=\"container\" data-e-type=\"container\" data-settings=\"{&quot;background_video_link&quot;:&quot;https:\\\/\\\/goodfundtextile.com\\\/wp-content\\\/uploads\\\/2025\\\/05\\\/service.mp4&quot;,&quot;background_background&quot;:&quot;video&quot;,&quot;background_play_on_mobile&quot;:&quot;yes&quot;}\">\n\t\t<div class=\"elementor-background-video-container\">\n\t\t\t\t\t\t\t<video class=\"elementor-background-video-hosted\" role=\"presentation\" autoplay muted playsinline loop><\/video>\n\t\t\t\t\t<\/div>\t\t<\/div>\n\t\t\t\t<\/div>\n\t\t<div class=\"elementor-element elementor-element-47cc7f4 e-con-full   elementor-hidden-mobile e-flex e-con e-child\" data-id=\"47cc7f4\" data-element_type=\"container\" data-e-type=\"container\" data-settings=\"{&quot;background_background&quot;:&quot;video&quot;,&quot;background_video_link&quot;:&quot;https:\\\/\\\/goodfundtextile.com\\\/wp-content\\\/uploads\\\/2025\\\/05\\\/service.mp4&quot;}\">\n\t\t<div class=\"elementor-background-video-container elementor-hidden-mobile\">\n\t\t\t\t\t\t\t<video class=\"elementor-background-video-hosted\" role=\"presentation\" autoplay muted playsinline loop><\/video>\n\t\t\t\t\t<\/div><div class=\"elementor-element elementor-element-c1852fd e-con-full   e-flex e-con e-child\" data-id=\"c1852fd\" data-element_type=\"container\" data-e-type=\"container\" data-settings=\"{&quot;background_video_link&quot;:&quot;https:\\\/\\\/goodfundtextile.com\\\/wp-content\\\/uploads\\\/2025\\\/05\\\/service.mp4&quot;,&quot;background_background&quot;:&quot;video&quot;}\">\n\t\t<div class=\"elementor-background-video-container elementor-hidden-mobile\">\n\t\t\t\t\t\t\t<video class=\"elementor-background-video-hosted\" role=\"presentation\" autoplay muted playsinline loop><\/video>\n\t\t\t\t\t<\/div>\t\t<\/div>\n\t\t\t\t<\/div>\n\t\t\t\t<div class=\"elementor-element elementor-element-dZfBc4CO elementor-widget__width-inherit elementor-widget-mobile__width-inherit   elementor-icon-list--layout-traditional elementor-list-item-link-full_width elementor-widget elementor-widget-icon-list\" data-id=\"dZfBc4CO\" data-element_type=\"widget\" data-e-type=\"widget\" data-widget_type=\"icon-list.default\">\n\t\t\t\t<div class=\"elementor-widget-container\">\n\t\t\t\t\t\t\t<ul class=\"elementor-icon-list-items\">\n\t\t\t\t\t\t\t<li class=\"elementor-icon-list-item\">\n\t\t\t\t\t\t\t\t\t\t\t<span class=\"elementor-icon-list-icon\">\n\t\t\t\t\t\t\t<svg aria-hidden=\"true\" class=\"e-font-icon-svg e-fas-check\" viewbox=\"0 0 512 512\" xmlns=\"http:\/\/www.w3.org\/2000\/svg\"><path d=\"M173.898 439.404l-166.4-166.4c-9.997-9.997-9.997-26.206 0-36.204l36.203-36.204c9.997-9.998 26.207-9.998 36.204 0L192 312.69 432.095 72.596c9.997-9.997 26.207-9.997 36.204 0l36.203 36.204c9.997 9.997 9.997 26.206 0 36.204l-294.4 294.401c-9.998 9.997-26.207 9.997-36.204-.001z\"><\/path><\/svg>\t\t\t\t\t\t<\/span>\n\t\t\t\t\t\t\t\t\t\t<span class=\"elementor-icon-list-text\">Ak\u0131ll\u0131 \u00fc\u00e7 boyutlu depolar ve at\u0131k su ar\u0131tma tesisleri, verimli depolama ve kontroll\u00fc kalite ile \u00e7evre dostu \u00fcretim sa\u011flar.<\/span>\n\t\t\t\t\t\t\t\t\t<\/li>\n\t\t\t\t\t\t\t\t<li class=\"elementor-icon-list-item\">\n\t\t\t\t\t\t\t\t\t\t\t<span class=\"elementor-icon-list-icon\">\n\t\t\t\t\t\t\t<svg aria-hidden=\"true\" class=\"e-font-icon-svg e-fas-check\" viewbox=\"0 0 512 512\" xmlns=\"http:\/\/www.w3.org\/2000\/svg\"><path d=\"M173.898 439.404l-166.4-166.4c-9.997-9.997-9.997-26.206 0-36.204l36.203-36.204c9.997-9.998 26.207-9.998 36.204 0L192 312.69 432.095 72.596c9.997-9.997 26.207-9.997 36.204 0l36.203 36.204c9.997 9.997 9.997 26.206 0 36.204l-294.4 294.401c-9.998 9.997-26.207 9.997-36.204-.001z\"><\/path><\/svg>\t\t\t\t\t\t<\/span>\n\t\t\t\t\t\t\t\t\t\t<span class=\"elementor-icon-list-text\">Denim dokuma fabrikalar\u0131, \u00f6rme boyama fabrikalar\u0131 ve kanvas dokuma fabrikalar\u0131 gibi profesyonel fabrikalar \u00fcr\u00fcnlerin kalitesini garanti eder.<\/span>\n\t\t\t\t\t\t\t\t\t<\/li>\n\t\t\t\t\t\t\t\t<li class=\"elementor-icon-list-item\">\n\t\t\t\t\t\t\t\t\t\t\t<span class=\"elementor-icon-list-icon\">\n\t\t\t\t\t\t\t<svg aria-hidden=\"true\" class=\"e-font-icon-svg e-fas-check\" viewbox=\"0 0 512 512\" xmlns=\"http:\/\/www.w3.org\/2000\/svg\"><path d=\"M173.898 439.404l-166.4-166.4c-9.997-9.997-9.997-26.206 0-36.204l36.203-36.204c9.997-9.998 26.207-9.998 36.204 0L192 312.69 432.095 72.596c9.997-9.997 26.207-9.997 36.204 0l36.203 36.204c9.997 9.997 9.997 26.206 0 36.204l-294.4 294.401c-9.998 9.997-26.207 9.997-36.204-.001z\"><\/path><\/svg>\t\t\t\t\t\t<\/span>\n\t\t\t\t\t\t\t\t\t\t<span class=\"elementor-icon-list-text\">\u00c7ok elyafl\u0131 boyama tesisi ve pamuk boyama tesisi 1 ve 2, m\u00fckemmellikle \u00e7e\u015fitlendirilmi\u015f boyama hizmetleri sunmaktad\u0131r<\/span>\n\t\t\t\t\t\t\t\t\t<\/li>\n\t\t\t\t\t\t\t\t<li class=\"elementor-icon-list-item\">\n\t\t\t\t\t\t\t\t\t\t\t<span class=\"elementor-icon-list-icon\">\n\t\t\t\t\t\t\t<svg aria-hidden=\"true\" class=\"e-font-icon-svg e-fas-check\" viewbox=\"0 0 512 512\" xmlns=\"http:\/\/www.w3.org\/2000\/svg\"><path d=\"M173.898 439.404l-166.4-166.4c-9.997-9.997-9.997-26.206 0-36.204l36.203-36.204c9.997-9.998 26.207-9.998 36.204 0L192 312.69 432.095 72.596c9.997-9.997 26.207-9.997 36.204 0l36.203 36.204c9.997 9.997 9.997 26.206 0 36.204l-294.4 294.401c-9.998 9.997-26.207 9.997-36.204-.001z\"><\/path><\/svg>\t\t\t\t\t\t<\/span>\n\t\t\t\t\t\t\t\t\t\t<span class=\"elementor-icon-list-text\">Kalite inovasyonunu art\u0131rmak i\u00e7in yeni fonksiyonel farkl\u0131la\u015ft\u0131r\u0131lm\u0131\u015f \u00fcr\u00fcn geli\u015ftirme ve tekstil patentleri.<\/span>\n\t\t\t\t\t\t\t\t\t<\/li>\n\t\t\t\t\t\t\t\t<li class=\"elementor-icon-list-item\">\n\t\t\t\t\t\t\t\t\t\t\t<span class=\"elementor-icon-list-icon\">\n\t\t\t\t\t\t\t<svg aria-hidden=\"true\" class=\"e-font-icon-svg e-fas-check\" viewbox=\"0 0 512 512\" xmlns=\"http:\/\/www.w3.org\/2000\/svg\"><path d=\"M173.898 439.404l-166.4-166.4c-9.997-9.997-9.997-26.206 0-36.204l36.203-36.204c9.997-9.998 26.207-9.998 36.204 0L192 312.69 432.095 72.596c9.997-9.997 26.207-9.997 36.204 0l36.203 36.204c9.997 9.997 9.997 26.206 0 36.204l-294.4 294.401c-9.998 9.997-26.207 9.997-36.204-.001z\"><\/path><\/svg>\t\t\t\t\t\t<\/span>\n\t\t\t\t\t\t\t\t\t\t<span class=\"elementor-icon-list-text\">Ye\u015fil ve y\u00fcksek kaliteli \u00fcretim sa\u011flamak i\u00e7in enerji tasarrufu ve su tasarrufu sa\u011flayan s\u00fcre\u00e7lerin ve i\u015flevsel yenilik\u00e7i malzemelerin ara\u015ft\u0131r\u0131lmas\u0131 ve geli\u015ftirilmesi.<\/span>\n\t\t\t\t\t\t\t\t\t<\/li>\n\t\t\t\t\t\t\t\t<li class=\"elementor-icon-list-item\">\n\t\t\t\t\t\t\t\t\t\t\t<span class=\"elementor-icon-list-icon\">\n\t\t\t\t\t\t\t<svg aria-hidden=\"true\" class=\"e-font-icon-svg e-fas-check\" viewbox=\"0 0 512 512\" xmlns=\"http:\/\/www.w3.org\/2000\/svg\"><path d=\"M173.898 439.404l-166.4-166.4c-9.997-9.997-9.997-26.206 0-36.204l36.203-36.204c9.997-9.998 26.207-9.998 36.204 0L192 312.69 432.095 72.596c9.997-9.997 26.207-9.997 36.204 0l36.203 36.204c9.997 9.997 9.997 26.206 0 36.204l-294.4 294.401c-9.998 9.997-26.207 9.997-36.204-.001z\"><\/path><\/svg>\t\t\t\t\t\t<\/span>\n\t\t\t\t\t\t\t\t\t\t<span class=\"elementor-icon-list-text\">Kapsaml\u0131 entegre \u00fcretim \u00fcsleri ve ak\u0131ll\u0131 fabrikalar esnek \u00fcretim ve h\u0131zl\u0131 hizmet yan\u0131t\u0131 sa\u011flar.<\/span>\n\t\t\t\t\t\t\t\t\t<\/li>\n\t\t\t\t\t\t\t\t<li class=\"elementor-icon-list-item\">\n\t\t\t\t\t\t\t\t\t\t\t<span class=\"elementor-icon-list-icon\">\n\t\t\t\t\t\t\t<svg aria-hidden=\"true\" class=\"e-font-icon-svg e-fas-check\" viewbox=\"0 0 512 512\" xmlns=\"http:\/\/www.w3.org\/2000\/svg\"><path d=\"M173.898 439.404l-166.4-166.4c-9.997-9.997-9.997-26.206 0-36.204l36.203-36.204c9.997-9.998 26.207-9.998 36.204 0L192 312.69 432.095 72.596c9.997-9.997 26.207-9.997 36.204 0l36.203 36.204c9.997 9.997 9.997 26.206 0 36.204l-294.4 294.401c-9.998 9.997-26.207 9.997-36.204-.001z\"><\/path><\/svg>\t\t\t\t\t\t<\/span>\n\t\t\t\t\t\t\t\t\t\t<span class=\"elementor-icon-list-text\">T\u00fcm end\u00fcstri zinciri h\u0131zl\u0131 ters ye\u015fil kanal ve izlenebilir kalite sistemi, maliyet azaltma ve verimlilik art\u0131\u015f\u0131 garanti edilir.<\/span>\n\t\t\t\t\t\t\t\t\t<\/li>\n\t\t\t\t\t\t\t\t<li class=\"elementor-icon-list-item\">\n\t\t\t\t\t\t\t\t\t\t\t<span class=\"elementor-icon-list-icon\">\n\t\t\t\t\t\t\t<svg aria-hidden=\"true\" class=\"e-font-icon-svg e-fas-check\" viewbox=\"0 0 512 512\" xmlns=\"http:\/\/www.w3.org\/2000\/svg\"><path d=\"M173.898 439.404l-166.4-166.4c-9.997-9.997-9.997-26.206 0-36.204l36.203-36.204c9.997-9.998 26.207-9.998 36.204 0L192 312.69 432.095 72.596c9.997-9.997 26.207-9.997 36.204 0l36.203 36.204c9.997 9.997 9.997 26.206 0 36.204l-294.4 294.401c-9.998 9.997-26.207 9.997-36.204-.001z\"><\/path><\/svg>\t\t\t\t\t\t<\/span>\n\t\t\t\t\t\t\t\t\t\t<span class=\"elementor-icon-list-text\">ERP, MES ve Ak\u0131ll\u0131 Merkezi Kontrol, Renk \u00d6l\u00e7\u00fcm\u00fc ve E\u015fle\u015ftirme Sistemi Optimizasyon Hizmeti ve Kalite Y\u00f6netimi.<\/span>\n\t\t\t\t\t\t\t\t\t<\/li>\n\t\t\t\t\t\t<\/ul>\n\t\t\t\t\t\t<\/div>\n\t\t\t\t<\/div>\n\t\t<div class=\"elementor-element elementor-element-1VeCp8Y3 e-con-full   e-flex e-con e-child\" data-id=\"1VeCp8Y3\" data-element_type=\"container\" data-e-type=\"container\" data-settings=\"{&quot;background_background&quot;:&quot;gradient&quot;}\">\n\t\t\t\t<div class=\"elementor-element elementor-element-5yz4hd0k elementor-widget__width-inherit elementor-widget-mobile__width-inherit   elementor-arrows-position-inside elementor-widget elementor-widget-image-carousel\" data-id=\"5yz4hd0k\" data-element_type=\"widget\" data-e-type=\"widget\" data-settings=\"{&quot;slides_to_scroll&quot;:&quot;1&quot;,&quot;navigation&quot;:&quot;arrows&quot;,&quot;slides_to_show&quot;:&quot;2&quot;,&quot;image_spacing_custom&quot;:{&quot;unit&quot;:&quot;px&quot;,&quot;size&quot;:80,&quot;sizes&quot;:[]},&quot;autoplay&quot;:&quot;yes&quot;,&quot;pause_on_hover&quot;:&quot;yes&quot;,&quot;pause_on_interaction&quot;:&quot;yes&quot;,&quot;autoplay_speed&quot;:5000,&quot;infinite&quot;:&quot;yes&quot;,&quot;speed&quot;:500,&quot;image_spacing_custom_tablet&quot;:{&quot;unit&quot;:&quot;px&quot;,&quot;size&quot;:&quot;&quot;,&quot;sizes&quot;:[]},&quot;image_spacing_custom_mobile&quot;:{&quot;unit&quot;:&quot;px&quot;,&quot;size&quot;:&quot;&quot;,&quot;sizes&quot;:[]}}\" data-widget_type=\"image-carousel.default\">\n\t\t\t\t<div class=\"elementor-widget-container\">\n\t\t\t\t\t\t\t<div class=\"elementor-image-carousel-wrapper swiper\" role=\"region\" aria-roledescription=\"carousel\" aria-label=\"Resim Karuseli\" dir=\"ltr\">\n\t\t\t<div class=\"elementor-image-carousel swiper-wrapper\" aria-live=\"off\">\n\t\t\t\t\t\t\t\t<div class=\"swiper-slide\" role=\"group\" aria-roledescription=\"slide\" aria-label=\"1 \/ 6\"><figure class=\"swiper-slide-inner\"><img decoding=\"async\" class=\"swiper-slide-image\" src=\"https:\/\/goodfundtextile.com\/wp-content\/uploads\/2025\/05\/31-1-scaled.jpg\" alt=\"31\" \/><\/figure><\/div><div class=\"swiper-slide\" role=\"group\" aria-roledescription=\"slide\" aria-label=\"2 \/ 6\"><figure class=\"swiper-slide-inner\"><img decoding=\"async\" class=\"swiper-slide-image\" src=\"https:\/\/goodfundtextile.com\/wp-content\/uploads\/2025\/03\/75.jpg\" alt=\"75\" \/><\/figure><\/div><div class=\"swiper-slide\" role=\"group\" aria-roledescription=\"slide\" aria-label=\"3 \/ 6\"><figure class=\"swiper-slide-inner\"><img decoding=\"async\" class=\"swiper-slide-image\" src=\"https:\/\/goodfundtextile.com\/wp-content\/uploads\/2025\/03\/86-1.jpg\" alt=\"86\" \/><\/figure><\/div><div class=\"swiper-slide\" role=\"group\" aria-roledescription=\"slide\" aria-label=\"4 \/ 6\"><figure class=\"swiper-slide-inner\"><img decoding=\"async\" class=\"swiper-slide-image\" src=\"https:\/\/goodfundtextile.com\/wp-content\/uploads\/2025\/03\/88-1.jpg\" alt=\"88\" \/><\/figure><\/div><div class=\"swiper-slide\" role=\"group\" aria-roledescription=\"slide\" aria-label=\"5 \/ 6\"><figure class=\"swiper-slide-inner\"><img decoding=\"async\" class=\"swiper-slide-image\" src=\"https:\/\/goodfundtextile.com\/wp-content\/uploads\/2025\/03\/87-1.jpg\" alt=\"87\" \/><\/figure><\/div><div class=\"swiper-slide\" role=\"group\" aria-roledescription=\"slide\" aria-label=\"6 \/ 6\"><figure class=\"swiper-slide-inner\"><img decoding=\"async\" class=\"swiper-slide-image\" src=\"https:\/\/goodfundtextile.com\/wp-content\/uploads\/2025\/03\/96.webp\" alt=\"96\" \/><\/figure><\/div>\t\t\t<\/div>\n\t\t\t\t\t\t\t\t\t\t\t\t<div class=\"elementor-swiper-button elementor-swiper-button-prev\" role=\"button\" tabindex=\"0\">\n\t\t\t\t\t\t<svg aria-hidden=\"true\" class=\"e-font-icon-svg e-eicon-chevron-left\" viewbox=\"0 0 1000 1000\" xmlns=\"http:\/\/www.w3.org\/2000\/svg\"><path d=\"M646 125C629 125 613 133 604 142L308 442C296 454 292 471 292 487 292 504 296 521 308 533L604 854C617 867 629 875 646 875 663 875 679 871 692 858 704 846 713 829 713 812 713 796 708 779 692 767L438 487 692 225C700 217 708 204 708 187 708 171 704 154 692 142 675 129 663 125 646 125Z\"><\/path><\/svg>\t\t\t\t\t<\/div>\n\t\t\t\t\t<div class=\"elementor-swiper-button elementor-swiper-button-next\" role=\"button\" tabindex=\"0\">\n\t\t\t\t\t\t<svg aria-hidden=\"true\" class=\"e-font-icon-svg e-eicon-chevron-right\" viewbox=\"0 0 1000 1000\" xmlns=\"http:\/\/www.w3.org\/2000\/svg\"><path d=\"M696 533C708 521 713 504 713 487 713 471 708 454 696 446L400 146C388 133 375 125 354 125 338 125 325 129 313 142 300 154 292 171 292 187 292 204 296 221 308 233L563 492 304 771C292 783 288 800 288 817 288 833 296 850 308 863 321 871 338 875 354 875 371 875 388 867 400 854L696 533Z\"><\/path><\/svg>\t\t\t\t\t<\/div>\n\t\t\t\t\n\t\t\t\t\t\t\t\t\t<\/div>\n\t\t\t\t\t\t<\/div>\n\t\t\t\t<\/div>\n\t\t\t\t<\/div>\n\t\t\t\t<\/div>\n\t\t\t\t<\/div>\n\t\t\t\t<\/div>","protected":false},"excerpt":{"rendered":"<p>\u8d28\u91cf\u63a7\u5236\u4e0e\u670d\u52a1 \u2014\u2014 \u7a33\u5b9a\u5982\u4e00\u7684\u54c1\u63a7\u4f53\u7cfb [&hellip;]<\/p>\n","protected":false},"author":2,"featured_media":0,"parent":650,"menu_order":3,"comment_status":"closed","ping_status":"closed","template":"elementor_header_footer","meta":{"inline_featured_image":false,"site-sidebar-layout":"default","site-content-layout":"","ast-site-content-layout":"default","site-content-style":"default","site-sidebar-style":"default","ast-global-header-display":"","ast-banner-title-visibility":"","ast-main-header-display":"","ast-hfb-above-header-display":"","ast-hfb-below-header-display":"","ast-hfb-mobile-header-display":"","site-post-title":"","ast-breadcrumbs-content":"","ast-featured-img":"","footer-sml-layout":"","theme-transparent-header-meta":"default","adv-header-id-meta":"","stick-header-meta":"","header-above-stick-meta":"","header-main-stick-meta":"","header-below-stick-meta":"","astra-migrate-meta-layouts":"set","ast-page-background-enabled":"default","ast-page-background-meta":{"desktop":{"background-color":"var(--ast-global-color-5)","background-image":"","background-repeat":"repeat","background-position":"center center","background-size":"auto","background-attachment":"scroll","background-type":"","background-media":"","overlay-type":"","overlay-color":"","overlay-opacity":"","overlay-gradient":""},"tablet":{"background-color":"","background-image":"","background-repeat":"repeat","background-position":"center center","background-size":"auto","background-attachment":"scroll","background-type":"","background-media":"","overlay-type":"","overlay-color":"","overlay-opacity":"","overlay-gradient":""},"mobile":{"background-color":"","background-image":"","background-repeat":"repeat","background-position":"center center","background-size":"auto","background-attachment":"scroll","background-type":"","background-media":"","overlay-type":"","overlay-color":"","overlay-opacity":"","overlay-gradient":""}},"ast-content-background-meta":{"desktop":{"background-color":"var(--ast-global-color-4)","background-image":"","background-repeat":"repeat","background-position":"center center","background-size":"auto","background-attachment":"scroll","background-type":"","background-media":"","overlay-type":"","overlay-color":"","overlay-opacity":"","overlay-gradient":""},"tablet":{"background-color":"var(--ast-global-color-4)","background-image":"","background-repeat":"repeat","background-position":"center center","background-size":"auto","background-attachment":"scroll","background-type":"","background-media":"","overlay-type":"","overlay-color":"","overlay-opacity":"","overlay-gradient":""},"mobile":{"background-color":"var(--ast-global-color-4)","background-image":"","background-repeat":"repeat","background-position":"center center","background-size":"auto","background-attachment":"scroll","background-type":"","background-media":"","overlay-type":"","overlay-color":"","overlay-opacity":"","overlay-gradient":""}},"two_page_speed":[],"footnotes":""},"class_list":["post-1221","page","type-page","status-publish","hentry"],"_links":{"self":[{"href":"https:\/\/goodfundtextile.com\/tr\/wp-json\/wp\/v2\/pages\/1221","targetHints":{"allow":["GET"]}}],"collection":[{"href":"https:\/\/goodfundtextile.com\/tr\/wp-json\/wp\/v2\/pages"}],"about":[{"href":"https:\/\/goodfundtextile.com\/tr\/wp-json\/wp\/v2\/types\/page"}],"author":[{"embeddable":true,"href":"https:\/\/goodfundtextile.com\/tr\/wp-json\/wp\/v2\/users\/2"}],"replies":[{"embeddable":true,"href":"https:\/\/goodfundtextile.com\/tr\/wp-json\/wp\/v2\/comments?post=1221"}],"version-history":[{"count":110,"href":"https:\/\/goodfundtextile.com\/tr\/wp-json\/wp\/v2\/pages\/1221\/revisions"}],"predecessor-version":[{"id":8201,"href":"https:\/\/goodfundtextile.com\/tr\/wp-json\/wp\/v2\/pages\/1221\/revisions\/8201"}],"up":[{"embeddable":true,"href":"https:\/\/goodfundtextile.com\/tr\/wp-json\/wp\/v2\/pages\/650"}],"wp:attachment":[{"href":"https:\/\/goodfundtextile.com\/tr\/wp-json\/wp\/v2\/media?parent=1221"}],"curies":[{"name":"wp","href":"https:\/\/api.w.org\/{rel}","templated":true}]}}