{"id":3815,"date":"2025-03-25T07:28:45","date_gmt":"2025-03-25T07:28:45","guid":{"rendered":"https:\/\/goodfundtextile.com\/?page_id=3815"},"modified":"2025-05-12T22:03:27","modified_gmt":"2025-05-13T02:03:27","slug":"sorumluluk","status":"publish","type":"page","link":"https:\/\/goodfundtextile.com\/tr\/goodfund\/sorumluluk\/","title":{"rendered":"Secondary Page &#8211; Social Responsibility"},"content":{"rendered":"<div data-elementor-type=\"wp-post\" data-elementor-id=\"3815\" class=\"elementor elementor-3815\" data-elementor-post-type=\"page\">\n\t\t\t\t<div class=\"elementor-element elementor-element-rAnr560E e-con-full   e-flex e-con e-parent\" data-id=\"rAnr560E\" data-element_type=\"container\" data-e-type=\"container\" data-settings=\"{&quot;background_background&quot;:&quot;classic&quot;}\">\n\t\t<div class=\"elementor-element elementor-element-a7QddPyj   e-con-full e-flex e-con e-child\" data-id=\"a7QddPyj\" data-element_type=\"container\" data-e-type=\"container\" data-settings=\"{&quot;background_background&quot;:&quot;classic&quot;}\">\n\t\t<div class=\"elementor-element elementor-element-p8FZhqCb e-con-full   e-flex e-con e-child\" data-id=\"p8FZhqCb\" data-element_type=\"container\" data-e-type=\"container\" data-settings=\"{&quot;background_background&quot;:&quot;classic&quot;}\">\n\t\t\t\t<\/div>\n\t\t<div class=\"elementor-element elementor-element-n7eAr6xd e-con-full   e-flex e-con e-child\" data-id=\"n7eAr6xd\" data-element_type=\"container\" data-e-type=\"container\">\n\t\t\t\t<\/div>\n\t\t\t\t<\/div>\n\t\t\t\t<\/div>\n\t\t<div class=\"elementor-element elementor-element-3adb284 e-con-full e-flex e-con e-parent\" data-id=\"3adb284\" data-element_type=\"container\" data-e-type=\"container\">\n\t\t\t\t<\/div>\n\t\t<div class=\"elementor-element elementor-element-7f23cc4 e-con-full e-flex e-con e-parent\" data-id=\"7f23cc4\" data-element_type=\"container\" data-e-type=\"container\">\n\t\t<div class=\"elementor-element elementor-element-fa529bf e-con-full   e-flex e-con e-child\" data-id=\"fa529bf\" data-element_type=\"container\" data-e-type=\"container\">\n\t\t<div class=\"elementor-element elementor-element-b4fbe0b   e-transform e-flex e-con-boxed e-con e-child\" data-id=\"b4fbe0b\" data-element_type=\"container\" data-e-type=\"container\" data-settings=\"{&quot;background_background&quot;:&quot;classic&quot;,&quot;_transform_translateX_effect&quot;:{&quot;unit&quot;:&quot;px&quot;,&quot;size&quot;:&quot;&quot;,&quot;sizes&quot;:[]},&quot;_transform_translateX_effect_tablet&quot;:{&quot;unit&quot;:&quot;px&quot;,&quot;size&quot;:&quot;&quot;,&quot;sizes&quot;:[]},&quot;_transform_translateX_effect_mobile&quot;:{&quot;unit&quot;:&quot;px&quot;,&quot;size&quot;:&quot;&quot;,&quot;sizes&quot;:[]},&quot;_transform_translateY_effect&quot;:{&quot;unit&quot;:&quot;px&quot;,&quot;size&quot;:&quot;&quot;,&quot;sizes&quot;:[]},&quot;_transform_translateY_effect_tablet&quot;:{&quot;unit&quot;:&quot;px&quot;,&quot;size&quot;:&quot;&quot;,&quot;sizes&quot;:[]},&quot;_transform_translateY_effect_mobile&quot;:{&quot;unit&quot;:&quot;px&quot;,&quot;size&quot;:&quot;&quot;,&quot;sizes&quot;:[]}}\">\n\t\t\t\t\t<div class=\"e-con-inner\">\n\t\t\t\t<div class=\"elementor-element elementor-element-30f54ef elementor-widget__width-inherit elementor-widget-mobile__width-inherit   elementor-widget elementor-widget-heading\" data-id=\"30f54ef\" data-element_type=\"widget\" data-e-type=\"widget\" data-widget_type=\"heading.default\">\n\t\t\t\t<div class=\"elementor-widget-container\">\n\t\t\t\t\t<div class=\"elementor-heading-title elementor-size-default\">Jifeng Dyeing &amp; Weaving Sosyal Sorumluluk<\/div>\t\t\t\t<\/div>\n\t\t\t\t<\/div>\n\t\t<div class=\"elementor-element elementor-element-59beadb   e-flex e-con-boxed e-con e-child\" data-id=\"59beadb\" data-element_type=\"container\" data-e-type=\"container\">\n\t\t\t\t\t<div class=\"e-con-inner\">\n\t\t<div class=\"elementor-element elementor-element-5b56ec6 e-con-full   e-flex e-con e-child\" data-id=\"5b56ec6\" data-element_type=\"container\" data-e-type=\"container\" data-settings=\"{&quot;background_background&quot;:&quot;classic&quot;}\">\n\t\t\t\t<\/div>\n\t\t\t\t\t<\/div>\n\t\t\t\t<\/div>\n\t\t\t\t<div class=\"elementor-element elementor-element-1acb083 elementor-widget__width-inherit elementor-widget-mobile__width-inherit   elementor-widget elementor-widget-text-editor\" data-id=\"1acb083\" data-element_type=\"widget\" data-e-type=\"widget\" data-widget_type=\"text-editor.default\">\n\t\t\t\t<div class=\"elementor-widget-container\">\n\t\t\t\t\t\t\t\t\t<div><p class=\"break-words\">Biyolojik at\u0131k su ar\u0131tma tesisleri in\u015fa edilerek su kaynaklar\u0131 korunur. Nehirlere art\u0131k kirli su de\u015farj edilmemektedir. T\u00fcm at\u0131k sular ulusal de\u015farj standartlar\u0131n\u0131 kar\u015f\u0131layacak \u015fekilde test edilmekte ve ar\u0131t\u0131lmaktad\u0131r. Tamamen ar\u0131t\u0131lm\u0131\u015f at\u0131k suyun Kimyasal Oksijen \u0130htiyac\u0131 (KO\u0130) sadece 30 ila 40 mg\/litre olup i\u00e7me suyu standartlar\u0131n\u0131 kar\u015f\u0131lamaktad\u0131r.<\/p><p class=\"break-words\">\u0130yi geli\u015ftirilmi\u015f bir at\u0131k su ar\u0131tma sistemi, \u00e7evresel d\u00fczenlemeleri ihlal etme riskinin daha d\u00fc\u015f\u00fck olmas\u0131 anlam\u0131na gelir. Bu nedenle do\u011fru \u00fcr\u00fcn\u00fc do\u011fru m\u00fc\u015fteriye do\u011fru zamanda ve yerde teslim edebiliyoruz. Sorumluluk sahibi bir \u015firket olarak, kuma\u015flar yaln\u0131zca organik pamuk, geri d\u00f6n\u00fc\u015ft\u00fcr\u00fclm\u00fc\u015f pamuk ve geri d\u00f6n\u00fc\u015ft\u00fcr\u00fclm\u00fc\u015f elyaf gibi \u00e7evre dostu hammaddeler kullan\u0131larak \u00fcretilmektedir. Do\u011faya sayg\u0131 ve sevgi duymak, her f\u0131rsat\u0131 de\u011ferlendirmek ve sahip olduklar\u0131m\u0131z\u0131n de\u011ferini bilmek i\u00e7in k\u00fc\u00e7\u00fck ayr\u0131nt\u0131lardan milyonlarca dolarl\u0131k b\u00fcy\u00fck anla\u015fmalara kadar s\u00fcrd\u00fcr\u00fclebilirlik ve do\u011fal kaynaklar\u0131n \u00fcretimi her zaman g\u00f6z \u00f6n\u00fcnde bulundurulmaktad\u0131r; bu da kuma\u015flar\u0131n \u00fcretimi, yarat\u0131m\u0131 ve inovasyonunun arkas\u0131ndaki ana itici g\u00fc\u00e7 ve daha iyi bir gelece\u011fe giden tek yoldur.<\/p><\/div>\t\t\t\t\t\t\t\t<\/div>\n\t\t\t\t<\/div>\n\t\t\t\t<div class=\"elementor-element elementor-element-87c5718 elementor-widget__width-inherit elementor-widget-mobile__width-inherit   elementor-widget elementor-widget-image\" data-id=\"87c5718\" data-element_type=\"widget\" data-e-type=\"widget\" data-widget_type=\"image.default\">\n\t\t\t\t<div class=\"elementor-widget-container\">\n\t\t\t\t\t\t\t\t\t\t\t\t\t\t\t<img fetchpriority=\"high\" decoding=\"async\" width=\"1280\" height=\"720\" src=\"https:\/\/goodfundtextile.com\/wp-content\/uploads\/2025\/03\/\u5e7b\u706f\u724723-2.jpg\" class=\"attachment-full size-full wp-image-2030\" alt=\"\" srcset=\"https:\/\/goodfundtextile.com\/wp-content\/uploads\/2025\/03\/\u5e7b\u706f\u724723-2.jpg 1280w, https:\/\/goodfundtextile.com\/wp-content\/uploads\/2025\/03\/\u5e7b\u706f\u724723-2-300x169.jpg 300w, https:\/\/goodfundtextile.com\/wp-content\/uploads\/2025\/03\/\u5e7b\u706f\u724723-2-1024x576.jpg 1024w, https:\/\/goodfundtextile.com\/wp-content\/uploads\/2025\/03\/\u5e7b\u706f\u724723-2-768x432.jpg 768w, https:\/\/goodfundtextile.com\/wp-content\/uploads\/2025\/03\/\u5e7b\u706f\u724723-2-600x338.jpg 600w\" sizes=\"(max-width: 1280px) 100vw, 1280px\" \/>\t\t\t\t\t\t\t\t\t\t\t\t\t\t\t<\/div>\n\t\t\t\t<\/div>\n\t\t\t\t<div class=\"elementor-element elementor-element-85d4a23 elementor-widget__width-inherit elementor-widget-mobile__width-inherit   elementor-widget elementor-widget-image\" data-id=\"85d4a23\" data-element_type=\"widget\" data-e-type=\"widget\" data-widget_type=\"image.default\">\n\t\t\t\t<div class=\"elementor-widget-container\">\n\t\t\t\t\t\t\t\t\t\t\t\t\t\t\t<img decoding=\"async\" src=\"https:\/\/goodfundtextile.com\/wp-content\/uploads\/2025\/03\/\u5e7b\u706f\u724724.jpg\" title=\"\" alt=\"\" loading=\"lazy\" \/>\t\t\t\t\t\t\t\t\t\t\t\t\t\t\t<\/div>\n\t\t\t\t<\/div>\n\t\t\t\t<div class=\"elementor-element elementor-element-e5d843c elementor-widget__width-inherit elementor-widget-mobile__width-inherit   elementor-widget elementor-widget-image\" data-id=\"e5d843c\" data-element_type=\"widget\" data-e-type=\"widget\" data-widget_type=\"image.default\">\n\t\t\t\t<div class=\"elementor-widget-container\">\n\t\t\t\t\t\t\t\t\t\t\t\t\t\t\t<img decoding=\"async\" src=\"https:\/\/goodfundtextile.com\/wp-content\/uploads\/2025\/03\/\u5e7b\u706f\u724725.jpg\" title=\"\" alt=\"\" loading=\"lazy\" \/>\t\t\t\t\t\t\t\t\t\t\t\t\t\t\t<\/div>\n\t\t\t\t<\/div>\n\t\t\t\t<div class=\"elementor-element elementor-element-a3272d8 elementor-widget__width-inherit elementor-widget-mobile__width-inherit   elementor-widget elementor-widget-image\" data-id=\"a3272d8\" data-element_type=\"widget\" data-e-type=\"widget\" data-widget_type=\"image.default\">\n\t\t\t\t<div class=\"elementor-widget-container\">\n\t\t\t\t\t\t\t\t\t\t\t\t\t\t\t<img decoding=\"async\" src=\"https:\/\/goodfundtextile.com\/wp-content\/uploads\/2025\/03\/\u5e7b\u706f\u724726.jpg\" title=\"\" alt=\"\" loading=\"lazy\" \/>\t\t\t\t\t\t\t\t\t\t\t\t\t\t\t<\/div>\n\t\t\t\t<\/div>\n\t\t\t\t<div class=\"elementor-element elementor-element-4a8e021 elementor-widget__width-inherit elementor-widget-mobile__width-inherit   elementor-widget elementor-widget-image\" data-id=\"4a8e021\" data-element_type=\"widget\" data-e-type=\"widget\" data-widget_type=\"image.default\">\n\t\t\t\t<div class=\"elementor-widget-container\">\n\t\t\t\t\t\t\t\t\t\t\t\t\t\t\t<img decoding=\"async\" src=\"https:\/\/goodfundtextile.com\/wp-content\/uploads\/2025\/03\/\u5e7b\u706f\u724732.jpg\" title=\"\" alt=\"\" loading=\"lazy\" \/>\t\t\t\t\t\t\t\t\t\t\t\t\t\t\t<\/div>\n\t\t\t\t<\/div>\n\t\t\t\t<div class=\"elementor-element elementor-element-d380be7 elementor-widget__width-inherit elementor-widget-mobile__width-inherit   elementor-widget elementor-widget-heading\" data-id=\"d380be7\" data-element_type=\"widget\" data-e-type=\"widget\" data-widget_type=\"heading.default\">\n\t\t\t\t<div class=\"elementor-widget-container\">\n\t\t\t\t\t<div class=\"elementor-heading-title elementor-size-default\">Daha Fazla \u00d6ne \u00c7\u0131kanlar<\/div>\t\t\t\t<\/div>\n\t\t\t\t<\/div>\n\t\t\t\t\t<\/div>\n\t\t\t\t<\/div>\n\t\t\t\t<\/div>\n\t\t\t\t<\/div>\n\t\t\t\t<\/div>","protected":false},"excerpt":{"rendered":"<p>\u6781\u4e30\u67d3\u7ec7 \u793e\u4f1a\u8d23\u4efb \u901a\u8fc7\u5efa\u8bbe\u751f\u7269\u5e9f\u6c34\u5904\u7406 [&hellip;]<\/p>\n","protected":false},"author":2,"featured_media":0,"parent":650,"menu_order":1,"comment_status":"closed","ping_status":"closed","template":"elementor_header_footer","meta":{"inline_featured_image":false,"site-sidebar-layout":"default","site-content-layout":"","ast-site-content-layout":"default","site-content-style":"default","site-sidebar-style":"default","ast-global-header-display":"","ast-banner-title-visibility":"","ast-main-header-display":"","ast-hfb-above-header-display":"","ast-hfb-below-header-display":"","ast-hfb-mobile-header-display":"","site-post-title":"","ast-breadcrumbs-content":"","ast-featured-img":"","footer-sml-layout":"","theme-transparent-header-meta":"default","adv-header-id-meta":"","stick-header-meta":"","header-above-stick-meta":"","header-main-stick-meta":"","header-below-stick-meta":"","astra-migrate-meta-layouts":"set","ast-page-background-enabled":"default","ast-page-background-meta":{"desktop":{"background-color":"var(--ast-global-color-5)","background-image":"","background-repeat":"repeat","background-position":"center center","background-size":"auto","background-attachment":"scroll","background-type":"","background-media":"","overlay-type":"","overlay-color":"","overlay-opacity":"","overlay-gradient":""},"tablet":{"background-color":"","background-image":"","background-repeat":"repeat","background-position":"center center","background-size":"auto","background-attachment":"scroll","background-type":"","background-media":"","overlay-type":"","overlay-color":"","overlay-opacity":"","overlay-gradient":""},"mobile":{"background-color":"","background-image":"","background-repeat":"repeat","background-position":"center center","background-size":"auto","background-attachment":"scroll","background-type":"","background-media":"","overlay-type":"","overlay-color":"","overlay-opacity":"","overlay-gradient":""}},"ast-content-background-meta":{"desktop":{"background-color":"var(--ast-global-color-4)","background-image":"","background-repeat":"repeat","background-position":"center center","background-size":"auto","background-attachment":"scroll","background-type":"","background-media":"","overlay-type":"","overlay-color":"","overlay-opacity":"","overlay-gradient":""},"tablet":{"background-color":"var(--ast-global-color-4)","background-image":"","background-repeat":"repeat","background-position":"center center","background-size":"auto","background-attachment":"scroll","background-type":"","background-media":"","overlay-type":"","overlay-color":"","overlay-opacity":"","overlay-gradient":""},"mobile":{"background-color":"var(--ast-global-color-4)","background-image":"","background-repeat":"repeat","background-position":"center center","background-size":"auto","background-attachment":"scroll","background-type":"","background-media":"","overlay-type":"","overlay-color":"","overlay-opacity":"","overlay-gradient":""}},"two_page_speed":[],"footnotes":""},"class_list":["post-3815","page","type-page","status-publish","hentry"],"_links":{"self":[{"href":"https:\/\/goodfundtextile.com\/tr\/wp-json\/wp\/v2\/pages\/3815","targetHints":{"allow":["GET"]}}],"collection":[{"href":"https:\/\/goodfundtextile.com\/tr\/wp-json\/wp\/v2\/pages"}],"about":[{"href":"https:\/\/goodfundtextile.com\/tr\/wp-json\/wp\/v2\/types\/page"}],"author":[{"embeddable":true,"href":"https:\/\/goodfundtextile.com\/tr\/wp-json\/wp\/v2\/users\/2"}],"replies":[{"embeddable":true,"href":"https:\/\/goodfundtextile.com\/tr\/wp-json\/wp\/v2\/comments?post=3815"}],"version-history":[{"count":31,"href":"https:\/\/goodfundtextile.com\/tr\/wp-json\/wp\/v2\/pages\/3815\/revisions"}],"predecessor-version":[{"id":8059,"href":"https:\/\/goodfundtextile.com\/tr\/wp-json\/wp\/v2\/pages\/3815\/revisions\/8059"}],"up":[{"embeddable":true,"href":"https:\/\/goodfundtextile.com\/tr\/wp-json\/wp\/v2\/pages\/650"}],"wp:attachment":[{"href":"https:\/\/goodfundtextile.com\/tr\/wp-json\/wp\/v2\/media?parent=3815"}],"curies":[{"name":"wp","href":"https:\/\/api.w.org\/{rel}","templated":true}]}}