{"id":7665,"date":"2025-05-06T05:06:14","date_gmt":"2025-05-06T09:06:14","guid":{"rendered":"https:\/\/goodfundtextile.com\/?page_id=7665"},"modified":"2025-05-16T22:11:21","modified_gmt":"2025-05-17T02:11:21","slug":"i%cc%87ki%cc%87nci%cc%87-sayfa-haberler-etki%cc%87nli%cc%87kler-hakkimizda","status":"publish","type":"page","link":"https:\/\/goodfundtextile.com\/tr\/goodfund\/i%cc%87ki%cc%87nci%cc%87-sayfa-haberler-etki%cc%87nli%cc%87kler-hakkimizda\/","title":{"rendered":"Secondary Page &#8211; News Events  about Us 2"},"content":{"rendered":"<div data-elementor-type=\"wp-post\" data-elementor-id=\"7665\" class=\"elementor elementor-7665\" data-elementor-post-type=\"page\">\n\t\t\t\t<div class=\"elementor-element elementor-element-rAnr560E e-con-full   e-flex e-con e-parent\" data-id=\"rAnr560E\" data-element_type=\"container\" data-e-type=\"container\" data-settings=\"{&quot;background_background&quot;:&quot;classic&quot;}\">\n\t\t<div class=\"elementor-element elementor-element-a7QddPyj   e-con-full e-flex e-con e-child\" data-id=\"a7QddPyj\" data-element_type=\"container\" data-e-type=\"container\" data-settings=\"{&quot;background_background&quot;:&quot;classic&quot;}\">\n\t\t<div class=\"elementor-element elementor-element-p8FZhqCb e-con-full   e-flex e-con e-child\" data-id=\"p8FZhqCb\" data-element_type=\"container\" data-e-type=\"container\" data-settings=\"{&quot;background_background&quot;:&quot;classic&quot;}\">\n\t\t\t\t<\/div>\n\t\t<div class=\"elementor-element elementor-element-n7eAr6xd e-con-full   e-flex e-con e-child\" data-id=\"n7eAr6xd\" data-element_type=\"container\" data-e-type=\"container\">\n\t\t\t\t<\/div>\n\t\t\t\t<\/div>\n\t\t\t\t<\/div>\n\t\t<div class=\"elementor-element elementor-element-1480d74 e-con-full e-flex e-con e-parent\" data-id=\"1480d74\" data-element_type=\"container\" data-e-type=\"container\" data-settings=\"{&quot;background_background&quot;:&quot;classic&quot;}\">\n\t\t<div class=\"elementor-element elementor-element-9815df9 e-con-full e-flex e-con e-child\" data-id=\"9815df9\" data-element_type=\"container\" data-e-type=\"container\">\n\t\t\t\t<\/div>\n\t\t<div class=\"elementor-element elementor-element-9faf020 e-con-full e-flex e-con e-child\" data-id=\"9faf020\" data-element_type=\"container\" data-e-type=\"container\">\n\t\t\t\t<div class=\"elementor-element elementor-element-fa72b8a elementor-widget__width-inherit elementor-widget-mobile__width-inherit   elementor-widget elementor-widget-heading\" data-id=\"fa72b8a\" data-element_type=\"widget\" data-e-type=\"widget\" data-widget_type=\"heading.default\">\n\t\t\t\t<div class=\"elementor-widget-container\">\n\t\t\t\t\t<div class=\"elementor-heading-title elementor-size-default\">Jifeng Boyama ve Dokuma Kalifikasyonu<\/div>\t\t\t\t<\/div>\n\t\t\t\t<\/div>\n\t\t\t\t<\/div>\n\t\t\t\t<\/div>\n\t\t<div class=\"elementor-element elementor-element-FwaBQoEm e-con-full   e-flex e-con e-parent\" data-id=\"FwaBQoEm\" data-element_type=\"container\" data-e-type=\"container\">\n\t\t<div class=\"elementor-element elementor-element-iMnvS10j   e-flex e-con-boxed e-con e-child\" data-id=\"iMnvS10j\" data-element_type=\"container\" data-e-type=\"container\" data-settings=\"{&quot;background_background&quot;:&quot;classic&quot;}\">\n\t\t\t\t\t<div class=\"e-con-inner\">\n\t\t\t\t<div class=\"elementor-element elementor-element-lXdXLgVw elementor-widget__width-inherit elementor-widget-mobile__width-inherit   elementor-widget elementor-widget-text-editor\" data-id=\"lXdXLgVw\" data-element_type=\"widget\" data-e-type=\"widget\" data-widget_type=\"text-editor.default\">\n\t\t\t\t<div class=\"elementor-widget-container\">\n\t\t\t\t\t\t\t\t\t<p dir=\"auto\">JF Dyeing &amp; Textile'in faaliyetleri dokuma kuma\u015f, boya ve terbiye ve \u00f6rme kuma\u015f \u00fcretimini kapsarken, ilgili i\u015f sa\u011fl\u0131\u011f\u0131 ve g\u00fcvenli\u011fi y\u00f6netimine odaklanarak ola\u011fan\u00fcst\u00fc bir profesyonel yeterlilik sergilemektedir. \u015eirket \u00f6zellikle s\u00fcrd\u00fcr\u00fclebilirlik alan\u0131nda ba\u015far\u0131l\u0131 olmu\u015f ve \u00e7evre koruma ve sosyal sorumlulu\u011fa olan g\u00fc\u00e7l\u00fc ba\u011fl\u0131l\u0131\u011f\u0131n\u0131 tam olarak g\u00f6steren bir dizi uluslararas\u0131 sertifikaya lay\u0131k g\u00f6r\u00fclm\u00fc\u015ft\u00fcr. 1 Eyl\u00fcl ve 14 Ekim 2023 tarihlerinde \u015eirket, S\u00fcrd\u00fcr\u00fclebilir Giyim Koalisyonu'nun (SAC) Higg Endeksi \u00d6z De\u011ferlendirme ve Do\u011frulama Mod\u00fcl\u00fcn\u00fc ba\u015far\u0131yla tamamlayarak s\u00fcrd\u00fcr\u00fclebilir uygulamalardaki lider konumunun alt\u0131n\u0131 \u00e7izmi\u015ftir. Buna ek olarak, INDITEX taraf\u0131ndan May\u0131s 2023'te ger\u00e7ekle\u015ftirilen ba\u011f\u0131ms\u0131z bir denetim, \u015firketin Green To Wear 2.1 standard\u0131na uygunlu\u011funu onaylayarak 'B' derecesi ve CFW M\u00fckemmel derecesi kazand\u0131rm\u0131\u015ft\u0131r. Dahas\u0131, \u015firket, \u00fcr\u00fcnlerinin s\u0131k\u0131 ekolojik ve sa\u011fl\u0131k standartlar\u0131na uygunlu\u011funu sa\u011flamak i\u00e7in pamuk ve polyester dahil olmak \u00fczere \u00e7ok \u00e7e\u015fitli kuma\u015flar\u0131n boyanmas\u0131, terbiye edilmesi ve i\u015flenmesini kapsayan OEKO-TEX\u00ae STANDARD 100 ve OEKO-TEX\u00ae STeP sertifikalar\u0131na sahiptir. \u015eirket ayr\u0131ca, organik ve geri d\u00f6n\u00fc\u015ft\u00fcr\u00fclm\u00fc\u015f malzeme kullan\u0131m\u0131n\u0131n uluslararas\u0131 standartlara uygun oldu\u011funu ve d\u00f6ng\u00fcsel ekonomiyi aktif olarak destekledi\u011fini belgeleyen K\u00fcresel Organik Tekstil Standard\u0131n\u0131 (GOTS, Sertifika No. CU 1005823-GOTS-2023-00068944) ve K\u00fcresel Geri D\u00f6n\u00fc\u015f\u00fcm Standard\u0131n\u0131 (GRS, Sertifika No. CU 1005823-MUL-2023-00068945) ge\u00e7mi\u015ftir. \u015eirket ayr\u0131ca ISO 9001 ve ISO\/TS16001 sertifikalar\u0131na da sahiptir. \u015eirket ayn\u0131 zamanda ISO 9001:2015, ISO 14001:2015 ve ISO 45001:2018 sertifikalar\u0131na sahip olup kalite, \u00e7evre ve i\u015f sa\u011fl\u0131\u011f\u0131 y\u00f6netimindeki kapsaml\u0131 standardizasyonunu ve m\u00fckemmelli\u011fini ortaya koymaktad\u0131r.<\/p>\n<p dir=\"auto\">Sosyal sorumluluk a\u00e7\u0131s\u0131ndan \u015firketin performans\u0131 \u00f6zellikle etkileyicidir; ZDHC MRSL 2.0 (S\u0131f\u0131r De\u015farj Tehlikeli Kimyasal Madde Listesi) gerekliliklerini kar\u015f\u0131lam\u0131\u015f ve i\u015f\u00e7i haklar\u0131 ve \u00e7evrenin korunmas\u0131na g\u00fc\u00e7l\u00fc bir \u015fekilde odaklanarak SAC'\u0131n Higg Endeksi de\u011ferlendirmesini ge\u00e7mi\u015ftir.INDITEX denetim raporu, \u015firketin COVID-19 salg\u0131n\u0131na verdi\u011fi proaktif yan\u0131t\u0131, m\u00fc\u015fterilerine tam destek sa\u011flama taahh\u00fcd\u00fcn\u00fc ve Tedarik zincirinin istikrar\u0131 ve esnekli\u011fi.<\/p>\n<p dir=\"auto\">S\u00fcrd\u00fcr\u00fclebilirlik, \u00fcr\u00fcn kalitesi ve sosyal sorumluluk alanlar\u0131ndaki \u00fcst\u00fcn performans\u0131yla JF Dyeing &amp; Textile, tekstil sekt\u00f6r\u00fcnde g\u00fcvenilir bir ortak haline gelmi\u015ftir. Sahip oldu\u011fu bir\u00e7ok uluslararas\u0131 sertifika, kalite y\u00f6netimi ve i\u015f g\u00fcvenli\u011finde y\u00fcksek standartlar\u0131 korurken, \u00e7evre koruma ve sa\u011fl\u0131\u011fa olan derin ba\u011fl\u0131l\u0131\u011f\u0131n\u0131 g\u00f6stermekte ve s\u0131n\u0131rs\u0131z gelecek potansiyeli ile b\u00fcy\u00fcme i\u00e7in g\u00fc\u00e7l\u00fc bir temel olu\u015fturmaktad\u0131r.<\/p>\t\t\t\t\t\t\t\t<\/div>\n\t\t\t\t<\/div>\n\t\t\t\t<div class=\"elementor-element elementor-element-f972406 elementor-widget__width-inherit elementor-widget-mobile__width-inherit   elementor-widget elementor-widget-image\" data-id=\"f972406\" data-element_type=\"widget\" data-e-type=\"widget\" data-widget_type=\"image.default\">\n\t\t\t\t<div class=\"elementor-widget-container\">\n\t\t\t\t\t\t\t\t\t\t\t\t\t\t\t<img fetchpriority=\"high\" decoding=\"async\" width=\"1280\" height=\"1812\" src=\"https:\/\/goodfundtextile.com\/wp-content\/uploads\/2025\/05\/1.jpg\" class=\"attachment-full size-full wp-image-7667\" alt=\"\" srcset=\"https:\/\/goodfundtextile.com\/wp-content\/uploads\/2025\/05\/1.jpg 1280w, https:\/\/goodfundtextile.com\/wp-content\/uploads\/2025\/05\/1-212x300.jpg 212w, https:\/\/goodfundtextile.com\/wp-content\/uploads\/2025\/05\/1-723x1024.jpg 723w, https:\/\/goodfundtextile.com\/wp-content\/uploads\/2025\/05\/1-768x1087.jpg 768w, https:\/\/goodfundtextile.com\/wp-content\/uploads\/2025\/05\/1-1085x1536.jpg 1085w, https:\/\/goodfundtextile.com\/wp-content\/uploads\/2025\/05\/1-8x12.jpg 8w, https:\/\/goodfundtextile.com\/wp-content\/uploads\/2025\/05\/1-424x600.jpg 424w\" sizes=\"(max-width: 1280px) 100vw, 1280px\" \/>\t\t\t\t\t\t\t\t\t\t\t\t\t\t\t<\/div>\n\t\t\t\t<\/div>\n\t\t\t\t<div class=\"elementor-element elementor-element-44e547c elementor-widget__width-inherit elementor-widget-mobile__width-inherit   elementor-widget elementor-widget-image\" data-id=\"44e547c\" data-element_type=\"widget\" data-e-type=\"widget\" data-widget_type=\"image.default\">\n\t\t\t\t<div class=\"elementor-widget-container\">\n\t\t\t\t\t\t\t\t\t\t\t\t\t\t\t\t<a href=\"#1gixaHIy\">\n\t\t\t\t\t\t\t<img decoding=\"async\" width=\"1653\" height=\"2321\" src=\"https:\/\/goodfundtextile.com\/wp-content\/uploads\/2025\/05\/12.jpg\" class=\"attachment-full size-full wp-image-7679\" alt=\"\" srcset=\"https:\/\/goodfundtextile.com\/wp-content\/uploads\/2025\/05\/12.jpg 1653w, https:\/\/goodfundtextile.com\/wp-content\/uploads\/2025\/05\/12-214x300.jpg 214w, https:\/\/goodfundtextile.com\/wp-content\/uploads\/2025\/05\/12-729x1024.jpg 729w, https:\/\/goodfundtextile.com\/wp-content\/uploads\/2025\/05\/12-768x1078.jpg 768w, https:\/\/goodfundtextile.com\/wp-content\/uploads\/2025\/05\/12-1094x1536.jpg 1094w, https:\/\/goodfundtextile.com\/wp-content\/uploads\/2025\/05\/12-1459x2048.jpg 1459w, https:\/\/goodfundtextile.com\/wp-content\/uploads\/2025\/05\/12-9x12.jpg 9w, https:\/\/goodfundtextile.com\/wp-content\/uploads\/2025\/05\/12-427x600.jpg 427w\" sizes=\"(max-width: 1653px) 100vw, 1653px\" \/>\t\t\t\t\t\t\t\t<\/a>\n\t\t\t\t\t\t\t\t\t\t\t\t\t\t\t<\/div>\n\t\t\t\t<\/div>\n\t\t\t\t<div class=\"elementor-element elementor-element-a97f558 elementor-widget__width-inherit elementor-widget-mobile__width-inherit   elementor-widget elementor-widget-image\" data-id=\"a97f558\" data-element_type=\"widget\" data-e-type=\"widget\" data-widget_type=\"image.default\">\n\t\t\t\t<div class=\"elementor-widget-container\">\n\t\t\t\t\t\t\t\t\t\t\t\t\t\t\t<img decoding=\"async\" width=\"1280\" height=\"720\" src=\"https:\/\/goodfundtextile.com\/wp-content\/uploads\/2025\/05\/4.jpg\" class=\"attachment-full size-full wp-image-7670\" alt=\"\" srcset=\"https:\/\/goodfundtextile.com\/wp-content\/uploads\/2025\/05\/4.jpg 1280w, https:\/\/goodfundtextile.com\/wp-content\/uploads\/2025\/05\/4-300x169.jpg 300w, https:\/\/goodfundtextile.com\/wp-content\/uploads\/2025\/05\/4-1024x576.jpg 1024w, https:\/\/goodfundtextile.com\/wp-content\/uploads\/2025\/05\/4-768x432.jpg 768w, https:\/\/goodfundtextile.com\/wp-content\/uploads\/2025\/05\/4-18x10.jpg 18w, https:\/\/goodfundtextile.com\/wp-content\/uploads\/2025\/05\/4-600x338.jpg 600w\" sizes=\"(max-width: 1280px) 100vw, 1280px\" \/>\t\t\t\t\t\t\t\t\t\t\t\t\t\t\t<\/div>\n\t\t\t\t<\/div>\n\t\t\t\t<div class=\"elementor-element elementor-element-b5d6c2f elementor-widget__width-inherit elementor-widget-mobile__width-inherit   elementor-widget elementor-widget-image\" data-id=\"b5d6c2f\" data-element_type=\"widget\" data-e-type=\"widget\" data-widget_type=\"image.default\">\n\t\t\t\t<div class=\"elementor-widget-container\">\n\t\t\t\t\t\t\t\t\t\t\t\t\t\t\t<img loading=\"lazy\" decoding=\"async\" width=\"1280\" height=\"720\" src=\"https:\/\/goodfundtextile.com\/wp-content\/uploads\/2025\/05\/3.jpg\" class=\"attachment-full size-full wp-image-7669\" alt=\"\" srcset=\"https:\/\/goodfundtextile.com\/wp-content\/uploads\/2025\/05\/3.jpg 1280w, https:\/\/goodfundtextile.com\/wp-content\/uploads\/2025\/05\/3-300x169.jpg 300w, https:\/\/goodfundtextile.com\/wp-content\/uploads\/2025\/05\/3-1024x576.jpg 1024w, https:\/\/goodfundtextile.com\/wp-content\/uploads\/2025\/05\/3-768x432.jpg 768w, https:\/\/goodfundtextile.com\/wp-content\/uploads\/2025\/05\/3-18x10.jpg 18w, https:\/\/goodfundtextile.com\/wp-content\/uploads\/2025\/05\/3-600x338.jpg 600w\" sizes=\"(max-width: 1280px) 100vw, 1280px\" \/>\t\t\t\t\t\t\t\t\t\t\t\t\t\t\t<\/div>\n\t\t\t\t<\/div>\n\t\t\t\t<div class=\"elementor-element elementor-element-d724e5d elementor-widget__width-inherit elementor-widget-mobile__width-inherit   elementor-widget elementor-widget-image\" data-id=\"d724e5d\" data-element_type=\"widget\" data-e-type=\"widget\" data-widget_type=\"image.default\">\n\t\t\t\t<div class=\"elementor-widget-container\">\n\t\t\t\t\t\t\t\t\t\t\t\t\t\t\t<img loading=\"lazy\" decoding=\"async\" width=\"1635\" height=\"2298\" src=\"https:\/\/goodfundtextile.com\/wp-content\/uploads\/2025\/05\/5-2.jpg\" class=\"attachment-full size-full wp-image-7729\" alt=\"\" srcset=\"https:\/\/goodfundtextile.com\/wp-content\/uploads\/2025\/05\/5-2.jpg 1635w, https:\/\/goodfundtextile.com\/wp-content\/uploads\/2025\/05\/5-2-213x300.jpg 213w, https:\/\/goodfundtextile.com\/wp-content\/uploads\/2025\/05\/5-2-729x1024.jpg 729w, https:\/\/goodfundtextile.com\/wp-content\/uploads\/2025\/05\/5-2-768x1079.jpg 768w, https:\/\/goodfundtextile.com\/wp-content\/uploads\/2025\/05\/5-2-1093x1536.jpg 1093w, https:\/\/goodfundtextile.com\/wp-content\/uploads\/2025\/05\/5-2-1457x2048.jpg 1457w, https:\/\/goodfundtextile.com\/wp-content\/uploads\/2025\/05\/5-2-9x12.jpg 9w, https:\/\/goodfundtextile.com\/wp-content\/uploads\/2025\/05\/5-2-427x600.jpg 427w\" sizes=\"(max-width: 1635px) 100vw, 1635px\" \/>\t\t\t\t\t\t\t\t\t\t\t\t\t\t\t<\/div>\n\t\t\t\t<\/div>\n\t\t\t\t<div class=\"elementor-element elementor-element-8e9744c elementor-widget__width-inherit elementor-widget-mobile__width-inherit   elementor-widget elementor-widget-image\" data-id=\"8e9744c\" data-element_type=\"widget\" data-e-type=\"widget\" data-widget_type=\"image.default\">\n\t\t\t\t<div class=\"elementor-widget-container\">\n\t\t\t\t\t\t\t\t\t\t\t\t\t\t\t<img loading=\"lazy\" decoding=\"async\" width=\"1653\" height=\"2317\" src=\"https:\/\/goodfundtextile.com\/wp-content\/uploads\/2025\/05\/6-1.jpg\" class=\"attachment-full size-full wp-image-7681\" alt=\"\" srcset=\"https:\/\/goodfundtextile.com\/wp-content\/uploads\/2025\/05\/6-1.jpg 1653w, https:\/\/goodfundtextile.com\/wp-content\/uploads\/2025\/05\/6-1-214x300.jpg 214w, https:\/\/goodfundtextile.com\/wp-content\/uploads\/2025\/05\/6-1-731x1024.jpg 731w, https:\/\/goodfundtextile.com\/wp-content\/uploads\/2025\/05\/6-1-768x1077.jpg 768w, https:\/\/goodfundtextile.com\/wp-content\/uploads\/2025\/05\/6-1-1096x1536.jpg 1096w, https:\/\/goodfundtextile.com\/wp-content\/uploads\/2025\/05\/6-1-1461x2048.jpg 1461w, https:\/\/goodfundtextile.com\/wp-content\/uploads\/2025\/05\/6-1-9x12.jpg 9w, https:\/\/goodfundtextile.com\/wp-content\/uploads\/2025\/05\/6-1-428x600.jpg 428w\" sizes=\"(max-width: 1653px) 100vw, 1653px\" \/>\t\t\t\t\t\t\t\t\t\t\t\t\t\t\t<\/div>\n\t\t\t\t<\/div>\n\t\t\t\t<div class=\"elementor-element elementor-element-1bce157 elementor-widget__width-inherit elementor-widget-mobile__width-inherit   elementor-widget elementor-widget-image\" data-id=\"1bce157\" data-element_type=\"widget\" data-e-type=\"widget\" data-widget_type=\"image.default\">\n\t\t\t\t<div class=\"elementor-widget-container\">\n\t\t\t\t\t\t\t\t\t\t\t\t\t\t\t<img loading=\"lazy\" decoding=\"async\" width=\"1653\" height=\"2321\" src=\"https:\/\/goodfundtextile.com\/wp-content\/uploads\/2025\/05\/7.jpg\" class=\"attachment-full size-full wp-image-7674\" alt=\"\" srcset=\"https:\/\/goodfundtextile.com\/wp-content\/uploads\/2025\/05\/7.jpg 1653w, https:\/\/goodfundtextile.com\/wp-content\/uploads\/2025\/05\/7-214x300.jpg 214w, https:\/\/goodfundtextile.com\/wp-content\/uploads\/2025\/05\/7-729x1024.jpg 729w, https:\/\/goodfundtextile.com\/wp-content\/uploads\/2025\/05\/7-768x1078.jpg 768w, https:\/\/goodfundtextile.com\/wp-content\/uploads\/2025\/05\/7-1094x1536.jpg 1094w, https:\/\/goodfundtextile.com\/wp-content\/uploads\/2025\/05\/7-1459x2048.jpg 1459w, https:\/\/goodfundtextile.com\/wp-content\/uploads\/2025\/05\/7-9x12.jpg 9w, https:\/\/goodfundtextile.com\/wp-content\/uploads\/2025\/05\/7-427x600.jpg 427w\" sizes=\"(max-width: 1653px) 100vw, 1653px\" \/>\t\t\t\t\t\t\t\t\t\t\t\t\t\t\t<\/div>\n\t\t\t\t<\/div>\n\t\t\t\t<div class=\"elementor-element elementor-element-bf3d420 elementor-widget__width-inherit elementor-widget-mobile__width-inherit   elementor-widget elementor-widget-image\" data-id=\"bf3d420\" data-element_type=\"widget\" data-e-type=\"widget\" data-widget_type=\"image.default\">\n\t\t\t\t<div class=\"elementor-widget-container\">\n\t\t\t\t\t\t\t\t\t\t\t\t\t\t\t<img loading=\"lazy\" decoding=\"async\" width=\"1653\" height=\"2321\" src=\"https:\/\/goodfundtextile.com\/wp-content\/uploads\/2025\/05\/8.jpg\" class=\"attachment-full size-full wp-image-7675\" alt=\"\" srcset=\"https:\/\/goodfundtextile.com\/wp-content\/uploads\/2025\/05\/8.jpg 1653w, https:\/\/goodfundtextile.com\/wp-content\/uploads\/2025\/05\/8-214x300.jpg 214w, https:\/\/goodfundtextile.com\/wp-content\/uploads\/2025\/05\/8-729x1024.jpg 729w, https:\/\/goodfundtextile.com\/wp-content\/uploads\/2025\/05\/8-768x1078.jpg 768w, https:\/\/goodfundtextile.com\/wp-content\/uploads\/2025\/05\/8-1094x1536.jpg 1094w, https:\/\/goodfundtextile.com\/wp-content\/uploads\/2025\/05\/8-1459x2048.jpg 1459w, https:\/\/goodfundtextile.com\/wp-content\/uploads\/2025\/05\/8-9x12.jpg 9w, https:\/\/goodfundtextile.com\/wp-content\/uploads\/2025\/05\/8-427x600.jpg 427w\" sizes=\"(max-width: 1653px) 100vw, 1653px\" \/>\t\t\t\t\t\t\t\t\t\t\t\t\t\t\t<\/div>\n\t\t\t\t<\/div>\n\t\t\t\t<div class=\"elementor-element elementor-element-2f69bad elementor-widget__width-inherit elementor-widget-mobile__width-inherit   elementor-widget elementor-widget-image\" data-id=\"2f69bad\" data-element_type=\"widget\" data-e-type=\"widget\" data-widget_type=\"image.default\">\n\t\t\t\t<div class=\"elementor-widget-container\">\n\t\t\t\t\t\t\t\t\t\t\t\t\t\t\t<img loading=\"lazy\" decoding=\"async\" width=\"1653\" height=\"2321\" src=\"https:\/\/goodfundtextile.com\/wp-content\/uploads\/2025\/05\/8.jpg\" class=\"attachment-full size-full wp-image-7675\" alt=\"\" srcset=\"https:\/\/goodfundtextile.com\/wp-content\/uploads\/2025\/05\/8.jpg 1653w, https:\/\/goodfundtextile.com\/wp-content\/uploads\/2025\/05\/8-214x300.jpg 214w, https:\/\/goodfundtextile.com\/wp-content\/uploads\/2025\/05\/8-729x1024.jpg 729w, https:\/\/goodfundtextile.com\/wp-content\/uploads\/2025\/05\/8-768x1078.jpg 768w, https:\/\/goodfundtextile.com\/wp-content\/uploads\/2025\/05\/8-1094x1536.jpg 1094w, https:\/\/goodfundtextile.com\/wp-content\/uploads\/2025\/05\/8-1459x2048.jpg 1459w, https:\/\/goodfundtextile.com\/wp-content\/uploads\/2025\/05\/8-9x12.jpg 9w, https:\/\/goodfundtextile.com\/wp-content\/uploads\/2025\/05\/8-427x600.jpg 427w\" sizes=\"(max-width: 1653px) 100vw, 1653px\" \/>\t\t\t\t\t\t\t\t\t\t\t\t\t\t\t<\/div>\n\t\t\t\t<\/div>\n\t\t\t\t<div class=\"elementor-element elementor-element-1e7dea6 elementor-widget__width-inherit elementor-widget-mobile__width-inherit   elementor-widget elementor-widget-image\" data-id=\"1e7dea6\" data-element_type=\"widget\" data-e-type=\"widget\" data-widget_type=\"image.default\">\n\t\t\t\t<div class=\"elementor-widget-container\">\n\t\t\t\t\t\t\t\t\t\t\t\t\t\t\t<img loading=\"lazy\" decoding=\"async\" width=\"1653\" height=\"2321\" src=\"https:\/\/goodfundtextile.com\/wp-content\/uploads\/2025\/05\/9.jpg\" class=\"attachment-full size-full wp-image-7676\" alt=\"\" srcset=\"https:\/\/goodfundtextile.com\/wp-content\/uploads\/2025\/05\/9.jpg 1653w, https:\/\/goodfundtextile.com\/wp-content\/uploads\/2025\/05\/9-214x300.jpg 214w, https:\/\/goodfundtextile.com\/wp-content\/uploads\/2025\/05\/9-729x1024.jpg 729w, https:\/\/goodfundtextile.com\/wp-content\/uploads\/2025\/05\/9-768x1078.jpg 768w, https:\/\/goodfundtextile.com\/wp-content\/uploads\/2025\/05\/9-1094x1536.jpg 1094w, https:\/\/goodfundtextile.com\/wp-content\/uploads\/2025\/05\/9-1459x2048.jpg 1459w, https:\/\/goodfundtextile.com\/wp-content\/uploads\/2025\/05\/9-9x12.jpg 9w, https:\/\/goodfundtextile.com\/wp-content\/uploads\/2025\/05\/9-427x600.jpg 427w\" sizes=\"(max-width: 1653px) 100vw, 1653px\" \/>\t\t\t\t\t\t\t\t\t\t\t\t\t\t\t<\/div>\n\t\t\t\t<\/div>\n\t\t\t\t<div class=\"elementor-element elementor-element-3e91836 elementor-widget__width-inherit elementor-widget-mobile__width-inherit   elementor-widget elementor-widget-image\" data-id=\"3e91836\" data-element_type=\"widget\" data-e-type=\"widget\" data-widget_type=\"image.default\">\n\t\t\t\t<div class=\"elementor-widget-container\">\n\t\t\t\t\t\t\t\t\t\t\t\t\t\t\t<img loading=\"lazy\" decoding=\"async\" width=\"1280\" height=\"1812\" src=\"https:\/\/goodfundtextile.com\/wp-content\/uploads\/2025\/05\/13.jpg\" class=\"attachment-full size-full wp-image-8161\" alt=\"\" srcset=\"https:\/\/goodfundtextile.com\/wp-content\/uploads\/2025\/05\/13.jpg 1280w, https:\/\/goodfundtextile.com\/wp-content\/uploads\/2025\/05\/13-212x300.jpg 212w, https:\/\/goodfundtextile.com\/wp-content\/uploads\/2025\/05\/13-723x1024.jpg 723w, https:\/\/goodfundtextile.com\/wp-content\/uploads\/2025\/05\/13-768x1087.jpg 768w, https:\/\/goodfundtextile.com\/wp-content\/uploads\/2025\/05\/13-1085x1536.jpg 1085w, https:\/\/goodfundtextile.com\/wp-content\/uploads\/2025\/05\/13-8x12.jpg 8w, https:\/\/goodfundtextile.com\/wp-content\/uploads\/2025\/05\/13-424x600.jpg 424w\" sizes=\"(max-width: 1280px) 100vw, 1280px\" \/>\t\t\t\t\t\t\t\t\t\t\t\t\t\t\t<\/div>\n\t\t\t\t<\/div>\n\t\t\t\t<div class=\"elementor-element elementor-element-8X6VgX13 elementor-widget__width-inherit elementor-widget-mobile__width-inherit   elementor-widget elementor-widget-heading\" data-id=\"8X6VgX13\" data-element_type=\"widget\" data-e-type=\"widget\" data-widget_type=\"heading.default\">\n\t\t\t\t<div class=\"elementor-widget-container\">\n\t\t\t\t\t<div class=\"elementor-heading-title elementor-size-default\">Daha Fazla \u00d6ne \u00c7\u0131kanlar<\/div>\t\t\t\t<\/div>\n\t\t\t\t<\/div>\n\t\t\t\t\t<\/div>\n\t\t\t\t<\/div>\n\t\t\t\t<\/div>\n\t\t\t\t<\/div>","protected":false},"excerpt":{"rendered":"<p>\u6781\u4e30\u67d3\u7ec7 \u4f01\u4e1a\u8d44\u8d28 \u6781\u4e30\u67d3\u7eba\u7ec7\u4e1a\u52a1\u6db5\u76d6\u68ad [&hellip;]<\/p>\n","protected":false},"author":2,"featured_media":0,"parent":650,"menu_order":0,"comment_status":"closed","ping_status":"closed","template":"elementor_header_footer","meta":{"inline_featured_image":false,"site-sidebar-layout":"default","site-content-layout":"","ast-site-content-layout":"default","site-content-style":"default","site-sidebar-style":"default","ast-global-header-display":"","ast-banner-title-visibility":"","ast-main-header-display":"","ast-hfb-above-header-display":"","ast-hfb-below-header-display":"","ast-hfb-mobile-header-display":"","site-post-title":"","ast-breadcrumbs-content":"","ast-featured-img":"","footer-sml-layout":"","theme-transparent-header-meta":"default","adv-header-id-meta":"","stick-header-meta":"","header-above-stick-meta":"","header-main-stick-meta":"","header-below-stick-meta":"","astra-migrate-meta-layouts":"set","ast-page-background-enabled":"default","ast-page-background-meta":{"desktop":{"background-color":"var(--ast-global-color-5)","background-image":"","background-repeat":"repeat","background-position":"center center","background-size":"auto","background-attachment":"scroll","background-type":"","background-media":"","overlay-type":"","overlay-color":"","overlay-opacity":"","overlay-gradient":""},"tablet":{"background-color":"","background-image":"","background-repeat":"repeat","background-position":"center center","background-size":"auto","background-attachment":"scroll","background-type":"","background-media":"","overlay-type":"","overlay-color":"","overlay-opacity":"","overlay-gradient":""},"mobile":{"background-color":"","background-image":"","background-repeat":"repeat","background-position":"center center","background-size":"auto","background-attachment":"scroll","background-type":"","background-media":"","overlay-type":"","overlay-color":"","overlay-opacity":"","overlay-gradient":""}},"ast-content-background-meta":{"desktop":{"background-color":"var(--ast-global-color-4)","background-image":"","background-repeat":"repeat","background-position":"center center","background-size":"auto","background-attachment":"scroll","background-type":"","background-media":"","overlay-type":"","overlay-color":"","overlay-opacity":"","overlay-gradient":""},"tablet":{"background-color":"var(--ast-global-color-4)","background-image":"","background-repeat":"repeat","background-position":"center center","background-size":"auto","background-attachment":"scroll","background-type":"","background-media":"","overlay-type":"","overlay-color":"","overlay-opacity":"","overlay-gradient":""},"mobile":{"background-color":"var(--ast-global-color-4)","background-image":"","background-repeat":"repeat","background-position":"center center","background-size":"auto","background-attachment":"scroll","background-type":"","background-media":"","overlay-type":"","overlay-color":"","overlay-opacity":"","overlay-gradient":""}},"two_page_speed":[],"footnotes":""},"class_list":["post-7665","page","type-page","status-publish","hentry"],"_links":{"self":[{"href":"https:\/\/goodfundtextile.com\/tr\/wp-json\/wp\/v2\/pages\/7665","targetHints":{"allow":["GET"]}}],"collection":[{"href":"https:\/\/goodfundtextile.com\/tr\/wp-json\/wp\/v2\/pages"}],"about":[{"href":"https:\/\/goodfundtextile.com\/tr\/wp-json\/wp\/v2\/types\/page"}],"author":[{"embeddable":true,"href":"https:\/\/goodfundtextile.com\/tr\/wp-json\/wp\/v2\/users\/2"}],"replies":[{"embeddable":true,"href":"https:\/\/goodfundtextile.com\/tr\/wp-json\/wp\/v2\/comments?post=7665"}],"version-history":[{"count":21,"href":"https:\/\/goodfundtextile.com\/tr\/wp-json\/wp\/v2\/pages\/7665\/revisions"}],"predecessor-version":[{"id":8207,"href":"https:\/\/goodfundtextile.com\/tr\/wp-json\/wp\/v2\/pages\/7665\/revisions\/8207"}],"up":[{"embeddable":true,"href":"https:\/\/goodfundtextile.com\/tr\/wp-json\/wp\/v2\/pages\/650"}],"wp:attachment":[{"href":"https:\/\/goodfundtextile.com\/tr\/wp-json\/wp\/v2\/media?parent=7665"}],"curies":[{"name":"wp","href":"https:\/\/api.w.org\/{rel}","templated":true}]}}